{"id":10972,"date":"2020-09-09T09:56:26","date_gmt":"2020-09-09T08:56:26","guid":{"rendered":"https:\/\/triptherapie.nl\/?page_id=10972"},"modified":"2025-03-21T10:20:18","modified_gmt":"2025-03-21T09:20:18","slug":"truffelzeremonien-in-gruppen","status":"publish","type":"page","link":"https:\/\/triptherapie.nl\/de\/truffel-ceremonies-in-groepsverband\/","title":{"rendered":"Tr\u00fcffelzeremonien in Gruppen"},"content":{"rendered":"<div data-elementor-type=\"wp-page\" data-elementor-id=\"10972\" class=\"elementor elementor-10972\" data-elementor-post-type=\"page\">\n\t\t\t\t<div class=\"elementor-element elementor-element-1bcca6fd e-flex e-con-boxed e-con e-parent\" data-id=\"1bcca6fd\" data-element_type=\"container\" data-e-type=\"container\">\n\t\t\t\t\t<div class=\"e-con-inner\">\n\t\t\t\t<div class=\"elementor-element elementor-element-dccb181 elementor-widget elementor-widget-heading\" data-id=\"dccb181\" data-element_type=\"widget\" data-e-type=\"widget\" data-widget_type=\"heading.default\">\n\t\t\t\t\t<h2 class=\"elementor-heading-title elementor-size-default\" id=\"open-truffel-ceremonie\">Offene Tr\u00fcffelzeremonie<\/h2>\t\t\t\t<\/div>\n\t\t\t\t<div class=\"elementor-element elementor-element-e61f6fe elementor-widget elementor-widget-text-editor\" data-id=\"e61f6fe\" data-element_type=\"widget\" data-e-type=\"widget\" data-widget_type=\"text-editor.default\">\n\t\t\t\t\t\t\t\t\t<p>Bei einer offenen Tr\u00fcffelzeremonie erleben Sie gemeinsam mit einer Gruppe Fremder eine wundersch\u00f6ne psychedelische Zeremonie. Die Gruppengr\u00f6\u00dfe ist je nach Zeremonie auf vier oder sechs Personen begrenzt, sodass neben dem gemeinsamen Erlebnis viel Raum f\u00fcr pers\u00f6nliche innere Reisen bleibt. Alle unsere Zeremonien haben ein gemeinsames Thema, das Sie mit Ihrem eigenen pers\u00f6nlichen Thema und Ziel verbinden k\u00f6nnen.<\/p>\t\t\t\t\t\t\t\t<\/div>\n\t\t\t\t<div class=\"elementor-element elementor-element-570b519 elementor-align-center elementor-widget elementor-widget-button\" data-id=\"570b519\" data-element_type=\"widget\" data-e-type=\"widget\" data-widget_type=\"button.default\">\n\t\t\t\t\t\t\t\t\t\t<a class=\"elementor-button elementor-button-link elementor-size-sm\" href=\"https:\/\/triptherapie.nl\/de\/magische-truffelzeremonie\/\">\n\t\t\t\t\t\t<span class=\"elementor-button-content-wrapper\">\n\t\t\t\t\t\t\t\t\t<span class=\"elementor-button-text\">Die magische Tr\u00fcffelzeremonie<\/span>\n\t\t\t\t\t<\/span>\n\t\t\t\t\t<\/a>\n\t\t\t\t\t\t\t\t<\/div>\n\t\t\t\t\t<\/div>\n\t\t\t\t<\/div>\n\t\t<div class=\"elementor-element elementor-element-fe05acc e-flex e-con-boxed e-con e-parent\" data-id=\"fe05acc\" data-element_type=\"container\" data-e-type=\"container\">\n\t\t\t\t\t<div class=\"e-con-inner\">\n\t\t\t\t<div class=\"elementor-element elementor-element-5a4cecf elementor-widget elementor-widget-heading\" data-id=\"5a4cecf\" data-element_type=\"widget\" data-e-type=\"widget\" data-widget_type=\"heading.default\">\n\t\t\t\t\t<h2 class=\"elementor-heading-title elementor-size-default\" id=\"redenen-voor-deelname\">Gr\u00fcnde f\u00fcr die Teilnahme<\/h2>\t\t\t\t<\/div>\n\t\t\t\t\t<\/div>\n\t\t\t\t<\/div>\n\t\t<div class=\"elementor-element elementor-element-84d9541 e-flex e-con-boxed e-con e-parent\" data-id=\"84d9541\" data-element_type=\"container\" data-e-type=\"container\">\n\t\t\t\t\t<div class=\"e-con-inner\">\n\t\t<div class=\"elementor-element elementor-element-45c2311 e-con-full e-flex e-con e-child\" data-id=\"45c2311\" data-element_type=\"container\" data-e-type=\"container\">\n\t\t\t\t<div class=\"elementor-element elementor-element-e2582d5 elementor-widget elementor-widget-heading\" data-id=\"e2582d5\" data-element_type=\"widget\" data-e-type=\"widget\" data-widget_type=\"heading.default\">\n\t\t\t\t\t<h4 class=\"elementor-heading-title elementor-size-default\">Therapeutische Wirkung<\/h4>\t\t\t\t<\/div>\n\t\t\t\t<div class=\"elementor-element elementor-element-351ee44 elementor-widget elementor-widget-text-editor\" data-id=\"351ee44\" data-element_type=\"widget\" data-e-type=\"widget\" data-widget_type=\"text-editor.default\">\n\t\t\t\t\t\t\t\t\t<p>Die meisten Klienten w\u00e4hlen unsere Zeremonien zur Heilung. Trauma, Depression, Sucht und psychosomatische Beschwerden z\u00e4hlen zu den am h\u00e4ufigsten genannten Problemen, bei denen eine Tr\u00fcffelzeremonie als Hilfsmittel eingesetzt wird. Welche Einschr\u00e4nkungen m\u00f6chten Sie l\u00f6sen?<\/p>\t\t\t\t\t\t\t\t<\/div>\n\t\t\t\t<\/div>\n\t\t<div class=\"elementor-element elementor-element-a318074 e-con-full e-flex e-con e-child\" data-id=\"a318074\" data-element_type=\"container\" data-e-type=\"container\">\n\t\t\t\t<div class=\"elementor-element elementor-element-69a4af7 elementor-widget elementor-widget-heading\" data-id=\"69a4af7\" data-element_type=\"widget\" data-e-type=\"widget\" data-widget_type=\"heading.default\">\n\t\t\t\t\t<h4 class=\"elementor-heading-title elementor-size-default\">Spiritualit\u00e4t und Selbstentwicklung<\/h4>\t\t\t\t<\/div>\n\t\t\t\t<div class=\"elementor-element elementor-element-5fb11cc elementor-widget elementor-widget-text-editor\" data-id=\"5fb11cc\" data-element_type=\"widget\" data-e-type=\"widget\" data-widget_type=\"text-editor.default\">\n\t\t\t\t\t\t\t\t\t<p>Spiritualit\u00e4t und Psychedelika passen gut zusammen. Psilocybin kann (unbewusste) \u00dcberzeugungen an die Oberfl\u00e4che bringen. Selbstentwicklung und Lebensziele sind h\u00e4ufige Themen. Dein wahres Ich kann zum Vorschein kommen. Was ist dein Lebensweg?<\/p>\t\t\t\t\t\t\t\t<\/div>\n\t\t\t\t<\/div>\n\t\t<div class=\"elementor-element elementor-element-a47865a e-con-full e-flex e-con e-child\" data-id=\"a47865a\" data-element_type=\"container\" data-e-type=\"container\">\n\t\t\t\t<div class=\"elementor-element elementor-element-11ab705 elementor-widget elementor-widget-heading\" data-id=\"11ab705\" data-element_type=\"widget\" data-e-type=\"widget\" data-widget_type=\"heading.default\">\n\t\t\t\t\t<h4 class=\"elementor-heading-title elementor-size-default\">Das Erlebnis<\/h4>\t\t\t\t<\/div>\n\t\t\t\t<div class=\"elementor-element elementor-element-3eacfca elementor-widget elementor-widget-text-editor\" data-id=\"3eacfca\" data-element_type=\"widget\" data-e-type=\"widget\" data-widget_type=\"text-editor.default\">\n\t\t\t\t\t\t\t\t\t<p>Eine kleine Gruppe von Menschen nutzt unsere psychedelischen Zeremonien, um diese Erfahrung in einem gesch\u00fctzten Rahmen zu machen. Sie im Hier und Jetzt zu erleben, ist eine g\u00e4ngige Praxis. Selbst f\u00fcr diejenigen, die einfach nur an der Tr\u00fcffelzeremonie teilnehmen m\u00f6chten, kann sie zu pers\u00f6nlicher Weiterentwicklung und therapeutischen oder spirituellen Vorteilen f\u00fchren. Warum entscheiden Sie sich nur f\u00fcr diese Erfahrung?<\/p>\t\t\t\t\t\t\t\t<\/div>\n\t\t\t\t<\/div>\n\t\t\t\t\t<\/div>\n\t\t\t\t<\/div>\n\t\t<div class=\"elementor-element elementor-element-64e30c1 e-flex e-con-boxed e-con e-parent\" data-id=\"64e30c1\" data-element_type=\"container\" data-e-type=\"container\">\n\t\t\t\t\t<div class=\"e-con-inner\">\n\t\t\t\t<div class=\"elementor-element elementor-element-37a308e elementor-widget elementor-widget-heading\" data-id=\"37a308e\" data-element_type=\"widget\" data-e-type=\"widget\" data-widget_type=\"heading.default\">\n\t\t\t\t\t<h2 class=\"elementor-heading-title elementor-size-default\" id=\"persoonlijke-voorbereiding\">Pers\u00f6nliche Vorbereitung<\/h2>\t\t\t\t<\/div>\n\t\t\t\t<div class=\"elementor-element elementor-element-b81d60d elementor-widget elementor-widget-text-editor\" data-id=\"b81d60d\" data-element_type=\"widget\" data-e-type=\"widget\" data-widget_type=\"text-editor.default\">\n\t\t\t\t\t\t\t\t\t<p>Wenn Sie eine Tr\u00fcffelzeremonie zu therapeutischen Zwecken nutzen m\u00f6chten, k\u00f6nnen Sie unsere Beratung in Anspruch nehmen. Basierend auf dem Anamnesegespr\u00e4ch und einem Neurotransmittertest k\u00f6nnen wir Ihre Neurochemie durch Ern\u00e4hrung, Bewegung und Nahrungserg\u00e4nzungsmittel optimieren. Dies, zusammen mit Hausaufgaben in Form von B\u00fcchern, Videos und\/oder \u00dcbungen, verst\u00e4rkt die Wirkung der Tr\u00fcffelzeremonie. So k\u00f6nnen wir gemeinsam den gr\u00f6\u00dftm\u00f6glichen Nutzen aus den von uns angebotenen Zeremonien ziehen.<\/p>\t\t\t\t\t\t\t\t<\/div>\n\t\t\t\t\t<\/div>\n\t\t\t\t<\/div>\n\t\t<div class=\"elementor-element elementor-element-8fe45f0 e-flex e-con-boxed e-con e-parent\" data-id=\"8fe45f0\" data-element_type=\"container\" data-e-type=\"container\">\n\t\t\t\t\t<div class=\"e-con-inner\">\n\t\t<div class=\"elementor-element elementor-element-8aa4e5c e-con-full e-flex e-con e-child\" data-id=\"8aa4e5c\" data-element_type=\"container\" data-e-type=\"container\">\n\t\t\t\t<div class=\"elementor-element elementor-element-b06b311 elementor-widget elementor-widget-image\" data-id=\"b06b311\" data-element_type=\"widget\" data-e-type=\"widget\" data-widget_type=\"image.default\">\n\t\t\t\t\t\t\t\t\t\t\t\t\t\t\t<img fetchpriority=\"high\" decoding=\"async\" width=\"800\" height=\"535\" src=\"https:\/\/triptherapie.nl\/wp-content\/uploads\/2019\/01\/Magic-truffels-1024x685.jpg?wsr\" class=\"attachment-large size-large wp-image-927\" alt=\"Zaubertr\u00fcffel\" srcset=\"https:\/\/triptherapie.nl\/wp-content\/uploads\/2019\/01\/Magic-truffels.jpg 1024w, https:\/\/triptherapie.nl\/wp-content\/uploads\/2019\/01\/Magic-truffels-300x201.jpg 300w, https:\/\/triptherapie.nl\/wp-content\/uploads\/2019\/01\/Magic-truffels-768x514.jpg 768w, https:\/\/triptherapie.nl\/wp-content\/uploads\/2019\/01\/Magic-truffels-360x240.jpg 360w\" sizes=\"(max-width: 800px) 100vw, 800px\" title=\"\">\t\t\t\t\t\t\t\t\t\t\t\t\t\t\t<\/div>\n\t\t\t\t<\/div>\n\t\t<div class=\"elementor-element elementor-element-e568102 e-con-full e-flex e-con e-child\" data-id=\"e568102\" data-element_type=\"container\" data-e-type=\"container\">\n\t\t\t\t<div class=\"elementor-element elementor-element-caf7d94 elementor-widget elementor-widget-image\" data-id=\"caf7d94\" data-element_type=\"widget\" data-e-type=\"widget\" data-widget_type=\"image.default\">\n\t\t\t\t\t\t\t\t\t\t\t\t\t\t\t<img decoding=\"async\" width=\"678\" height=\"960\" src=\"https:\/\/triptherapie.nl\/wp-content\/uploads\/2020\/09\/pills-or-natural.jpg?wsr\" class=\"attachment-large size-large wp-image-10965\" alt=\"Nat\u00fcrliche Heilmittel oder Pillen?\" srcset=\"https:\/\/triptherapie.nl\/wp-content\/uploads\/2020\/09\/pills-or-natural.jpg 678w, https:\/\/triptherapie.nl\/wp-content\/uploads\/2020\/09\/pills-or-natural-212x300.jpg 212w\" sizes=\"(max-width: 678px) 100vw, 678px\" title=\"\">\t\t\t\t\t\t\t\t\t\t\t\t\t\t\t<\/div>\n\t\t\t\t<\/div>\n\t\t\t\t\t<\/div>\n\t\t\t\t<\/div>\n\t\t<div class=\"elementor-element elementor-element-019e605 e-flex e-con-boxed e-con e-parent\" data-id=\"019e605\" data-element_type=\"container\" data-e-type=\"container\">\n\t\t\t\t\t<div class=\"e-con-inner\">\n\t\t\t\t<div class=\"elementor-element elementor-element-6e41387 elementor-widget elementor-widget-heading\" data-id=\"6e41387\" data-element_type=\"widget\" data-e-type=\"widget\" data-widget_type=\"heading.default\">\n\t\t\t\t\t<h2 class=\"elementor-heading-title elementor-size-default\" id=\"hoe-werkt-de-voorbereiding\">Wie l\u00e4uft die Vorbereitung ab?<\/h2>\t\t\t\t<\/div>\n\t\t\t\t<div class=\"elementor-element elementor-element-148150c elementor-widget elementor-widget-text-editor\" data-id=\"148150c\" data-element_type=\"widget\" data-e-type=\"widget\" data-widget_type=\"text-editor.default\">\n\t\t\t\t\t\t\t\t\t<p data-start=\"0\" data-end=\"147\">Die pers\u00f6nliche Vorbereitung umfasst mehrere Elemente, die gemeinsam zu einem optimalen Ergebnis der Zeremonie beitragen. Konkret bedeutet dies Folgendes:<\/p>\n<ul data-start=\"149\" data-end=\"822\">\n<li data-start=\"149\" data-end=\"317\"><strong data-start=\"151\" data-end=\"187\">Aufnahme- und Neurotransmittertest:<\/strong> Zun\u00e4chst wird Ihre pers\u00f6nliche Situation anhand eines Anamnesegespr\u00e4chs und eines Tests untersucht, der Aufschluss \u00fcber Ihren Neurotransmitterspiegel gibt.<\/li>\n<li data-start=\"318\" data-end=\"606\"><strong data-start=\"320\" data-end=\"385\">Ratschl\u00e4ge zu Ern\u00e4hrung, Bewegung und Nahrungserg\u00e4nzungsmitteln:<\/strong> Basierend auf diesem Test und der Anamnese erhalten Sie praktische Tipps zur Optimierung Ihrer Neurochemie. Dies kann die Anpassung bestimmter Lebensmittel, ein geeignetes Trainingsprogramm und die Einnahme von Nahrungserg\u00e4nzungsmitteln umfassen.<\/li>\n<li data-start=\"607\" data-end=\"822\"><strong data-start=\"609\" data-end=\"622\">Hausaufgaben:<\/strong> Sie erhalten au\u00dferdem Hausaufgaben, wie B\u00fccher, Videos und\/oder Aufgaben. Dies hilft Ihnen, sich sowohl mental als auch spirituell vorzubereiten, damit Sie die Zeremonie optimal genie\u00dfen k\u00f6nnen.<\/li>\n<\/ul>\n<p data-start=\"824\" data-end=\"1060\" data-is-last-node=\"\" data-is-only-node=\"\">\u00a0<\/p>\n<p data-start=\"824\" data-end=\"1060\" data-is-last-node=\"\" data-is-only-node=\"\">Dieser ganzheitliche Ansatz gew\u00e4hrleistet, dass sowohl die physischen, mentalen als auch spirituellen Aspekte ber\u00fccksichtigt werden, sodass die therapeutische Wirkung der Tr\u00fcffelzeremonie optimal unterst\u00fctzt wird.<\/p>\t\t\t\t\t\t\t\t<\/div>\n\t\t\t\t\t<\/div>\n\t\t\t\t<\/div>\n\t\t<div class=\"elementor-element elementor-element-c695d31 e-flex e-con-boxed e-con e-parent\" data-id=\"c695d31\" data-element_type=\"container\" data-e-type=\"container\">\n\t\t\t\t\t<div class=\"e-con-inner\">\n\t\t<div class=\"elementor-element elementor-element-06ed42b e-con-full e-flex e-con e-child\" data-id=\"06ed42b\" data-element_type=\"container\" data-e-type=\"container\">\n\t\t<div class=\"elementor-element elementor-element-d374bae e-flex e-con-boxed e-con e-child\" data-id=\"d374bae\" data-element_type=\"container\" data-e-type=\"container\">\n\t\t\t\t\t<div class=\"e-con-inner\">\n\t\t\t\t<div class=\"elementor-element elementor-element-c5e3f23 elementor-widget elementor-widget-heading\" data-id=\"c5e3f23\" data-element_type=\"widget\" data-e-type=\"widget\" data-widget_type=\"heading.default\">\n\t\t\t\t\t<h2 class=\"elementor-heading-title elementor-size-default\" id=\"de-aanstaande-ceremonies\">Die bevorstehenden Zeremonien<\/h2>\t\t\t\t<\/div>\n\t\t\t\t<div class=\"elementor-element elementor-element-4a83c64 elementor-widget elementor-widget-text-editor\" data-id=\"4a83c64\" data-element_type=\"widget\" data-e-type=\"widget\" data-widget_type=\"text-editor.default\">\n\t\t\t\t\t\t\t\t\t<p>Unten finden Sie eine \u00dcbersicht der anstehenden Tr\u00fcffelzeremonien. Ist kein passender Termin f\u00fcr Sie dabei? Sie k\u00f6nnen auch einen Termin ausw\u00e4hlen. <span style=\"color: #cc99ff;\"><a style=\"color: #cc99ff;\" href=\"https:\/\/triptherapie.nl\/de\/private-truffelzeremonie\/\">private Tr\u00fcffelzeremonie<\/a><\/span> an einem Termin Ihrer Wahl und vorbehaltlich der Verf\u00fcgbarkeit Ihres gew\u00e4hlten Therapeuten.<\/p>\t\t\t\t\t\t\t\t<\/div>\n\t\t\t\t<div class=\"elementor-element elementor-element-eb9e8d5 elementor-widget elementor-widget-text-editor\" data-id=\"eb9e8d5\" data-element_type=\"widget\" data-e-type=\"widget\" data-widget_type=\"text-editor.default\">\n\t\t\t\t\t\t\t\t\t<p>Um die Sicherheit und Wirksamkeit unserer Tr\u00fcffelzeremonie zu gew\u00e4hrleisten, ist es wichtig, dass jeder Teilnehmer vorab einen Anamnesebogen ausf\u00fcllt. Dieser Fragebogen dient der Erfassung Ihrer medizinischen und psychologischen Vorgeschichte sowie Ihrer Medikamenteneinnahme. So k\u00f6nnen wir feststellen, ob die Tr\u00fcffelzeremonie f\u00fcr Sie geeignet ist und ob zus\u00e4tzliche Ma\u00dfnahmen erforderlich sind.<br \/><br \/>Durch das Ausf\u00fcllen des Anmeldeformulars erhalten wir ein besseres Bild von Ihnen und Ihren Erwartungen an die Zeremonie. Dies hilft uns, unseren Service zu verbessern und Ihr Erlebnis optimal auf Ihre Bed\u00fcrfnisse abzustimmen.<br \/><br \/>Bevor Sie an einer Tr\u00fcffel- oder Psiloflora-Zeremonie teilnehmen, bitten wir Sie, das Anmeldeformular auszuf\u00fcllen. Dies ist ein wichtiger Schritt f\u00fcr ein sicheres, verantwortungsvolles und angenehmes Erlebnis.<\/p>\t\t\t\t\t\t\t\t<\/div>\n\t\t\t\t<div class=\"elementor-element elementor-element-6168bd3 elementor-align-center elementor-widget elementor-widget-button\" data-id=\"6168bd3\" data-element_type=\"widget\" data-e-type=\"widget\" data-widget_type=\"button.default\">\n\t\t\t\t\t\t\t\t\t\t<a class=\"elementor-button elementor-button-link elementor-size-sm\" href=\"\/de\/aufnahmetherapie\/\">\n\t\t\t\t\t\t<span class=\"elementor-button-content-wrapper\">\n\t\t\t\t\t\t\t\t\t<span class=\"elementor-button-text\">Aufnahmeformular ausf\u00fcllen<\/span>\n\t\t\t\t\t<\/span>\n\t\t\t\t\t<\/a>\n\t\t\t\t\t\t\t\t<\/div>\n\t\t\t\t\t<\/div>\n\t\t\t\t<\/div>\n\t\t\t\t<\/div>\n\t\t<div class=\"elementor-element elementor-element-c73bce1 e-con-full e-flex e-con e-child\" data-id=\"c73bce1\" data-element_type=\"container\" data-e-type=\"container\">\n\t\t\t\t<div class=\"elementor-element elementor-element-bb90bfd elementor-widget elementor-widget-template\" data-id=\"bb90bfd\" data-element_type=\"widget\" data-e-type=\"widget\" data-widget_type=\"template.default\">\n\t\t\t\t<div class=\"elementor-widget-container\">\n\t\t\t\t\t\t\t<div class=\"elementor-template\">\n\t\t\t\t\t<div data-elementor-type=\"page\" data-elementor-id=\"41709\" class=\"elementor elementor-41709\" data-elementor-post-type=\"elementor_library\">\n\t\t\t\t\t\t<section class=\"elementor-section elementor-top-section elementor-element elementor-element-6e2e8b72 elementor-section-boxed elementor-section-height-default elementor-section-height-default\" data-id=\"6e2e8b72\" data-element_type=\"section\" data-e-type=\"section\">\n\t\t\t\t\t\t<div class=\"elementor-container elementor-column-gap-custom\">\n\t\t\t\t\t<div class=\"elementor-column elementor-col-100 elementor-top-column elementor-element elementor-element-34f638b\" data-id=\"34f638b\" data-element_type=\"column\" data-e-type=\"column\">\n\t\t\t<div class=\"elementor-widget-wrap elementor-element-populated\">\n\t\t\t\t\t\t<div class=\"elementor-element elementor-element-6790de9b elementor-widget elementor-widget-price-table\" data-id=\"6790de9b\" data-element_type=\"widget\" data-e-type=\"widget\" data-widget_type=\"price-table.default\">\n\t\t\t\t\t\n\t\t<div class=\"elementor-price-table\">\n\t\t\t\t\t\t\t<div class=\"elementor-price-table__header\">\n\t\t\t\t\t\t\t\t\t\t\t<h3 class=\"elementor-price-table__heading\">\n\t\t\t\t\t\tTr\u00fcffelzeremonie\t\t\t\t\t\t<\/h3>\n\t\t\t\t\t\n\t\t\t\t\t\t\t\t\t\t\t<span class=\"elementor-price-table__subheading\">\n\t\t\t\t\t\t\tZeremonie inklusive \u00dcbernachtung\t\t\t\t\t\t<\/span>\n\t\t\t\t\t\t\t\t\t<\/div>\n\t\t\t\n\t\t\t<div class=\"elementor-price-table__price\">\n\t\t\t\t\t\t\t\t\t\t\t\t\n\t\t\t\t\n\t\t\t\t\n\t\t\t\t\t\t\t<\/div>\n\n\t\t\t\t\t\t\t<ul class=\"elementor-price-table__features-list\">\n\t\t\t\t\t\t\t\t\t\t\t<li class=\"elementor-repeater-item-27a6dbc\">\n\t\t\t\t\t\t\t<div class=\"elementor-price-table__feature-inner\">\n\t\t\t\t\t\t\t\t<svg aria-hidden=\"true\" class=\"e-font-icon-svg e-far-calendar-alt\" viewbox=\"0 0 448 512\" xmlns=\"http:\/\/www.w3.org\/2000\/svg\"><path d=\"M148 288h-40c-6.6 0-12-5.4-12-12v-40c0-6.6 5.4-12 12-12h40c6.6 0 12 5.4 12 12v40c0 6.6-5.4 12-12 12zm108-12v-40c0-6.6-5.4-12-12-12h-40c-6.6 0-12 5.4-12 12v40c0 6.6 5.4 12 12 12h40c6.6 0 12-5.4 12-12zm96 0v-40c0-6.6-5.4-12-12-12h-40c-6.6 0-12 5.4-12 12v40c0 6.6 5.4 12 12 12h40c6.6 0 12-5.4 12-12zm-96 96v-40c0-6.6-5.4-12-12-12h-40c-6.6 0-12 5.4-12 12v40c0 6.6 5.4 12 12 12h40c6.6 0 12-5.4 12-12zm-96 0v-40c0-6.6-5.4-12-12-12h-40c-6.6 0-12 5.4-12 12v40c0 6.6 5.4 12 12 12h40c6.6 0 12-5.4 12-12zm192 0v-40c0-6.6-5.4-12-12-12h-40c-6.6 0-12 5.4-12 12v40c0 6.6 5.4 12 12 12h40c6.6 0 12-5.4 12-12zm96-260v352c0 26.5-21.5 48-48 48H48c-26.5 0-48-21.5-48-48V112c0-26.5 21.5-48 48-48h48V12c0-6.6 5.4-12 12-12h40c6.6 0 12 5.4 12 12v52h128V12c0-6.6 5.4-12 12-12h40c6.6 0 12 5.4 12 12v52h48c26.5 0 48 21.5 48 48zm-48 346V160H48v298c0 3.3 2.7 6 6 6h340c3.3 0 6-2.7 6-6z\"><\/path><\/svg>\t\t\t\t\t\t\t\t\t\t\t\t\t\t\t\t\t<span >\n\t\t\t\t\t\t\t\t\t\tMehrere Termine m\u00f6glich\t\t\t\t\t\t\t\t\t<\/span>\n\t\t\t\t\t\t\t\t\t\t\t\t\t\t\t\t<\/div>\n\t\t\t\t\t\t<\/li>\n\t\t\t\t\t\t\t\t\t<\/ul>\n\t\t\t\n\t\t\t\t\t\t\t<div class=\"elementor-price-table__footer\">\n\t\t\t\t\t\t\t\t\t\t\t<a class=\"elementor-price-table__button elementor-button elementor-size-md\" href=\"https:\/\/triptherapie.nl\/de\/reservierungen\/#psychedelische-ceremonies-voor-groepen\" target=\"_blank\">\n\t\t\t\t\t\t\tUm zu buchen\t\t\t\t\t\t<\/a>\n\t\t\t\t\t\n\t\t\t\t\t\t\t\t\t<\/div>\n\t\t\t\t\t<\/div>\n\n\t\t\t\t\t\t<\/div>\n\t\t\t\t<div class=\"elementor-element elementor-element-4f0e5e10 elementor-widget elementor-widget-spacer\" data-id=\"4f0e5e10\" data-element_type=\"widget\" data-e-type=\"widget\" data-widget_type=\"spacer.default\">\n\t\t\t\t\t\t\t<div class=\"elementor-spacer\">\n\t\t\t<div class=\"elementor-spacer-inner\"><\/div>\n\t\t<\/div>\n\t\t\t\t\t\t<\/div>\n\t\t\t\t\t<\/div>\n\t\t<\/div>\n\t\t\t\t\t<\/div>\n\t\t<\/section>\n\t\t\t\t<\/div>\n\t\t\t\t<\/div>\n\t\t\t\t\t\t<\/div>\n\t\t\t\t<\/div>\n\t\t\t\t<\/div>\n\t\t\t\t\t<\/div>\n\t\t\t\t<\/div>\n\t\t\t\t<\/div>","protected":false},"excerpt":{"rendered":"<p>Open truffel ceremonie Bij een open truffel ceremonie neem je deel aan een mooie psychedelische ceremonie samen met een groep onbekenden. De groepen zijn bij verschillende ceremonies maximaal 4 of 6 personen groot zodat er genoeg ruimte is voor een eigen interne reis buiten het gezamenlijke avontuur. Onze ceremonies hebben allemaal een gedeelde thema naast [&hellip;]<\/p>\n","protected":false},"author":1,"featured_media":10959,"parent":0,"menu_order":0,"comment_status":"closed","ping_status":"closed","template":"","meta":{"footnotes":""},"class_list":["post-10972","page","type-page","status-publish","has-post-thumbnail","hentry"],"_links":{"self":[{"href":"https:\/\/triptherapie.nl\/de\/wp-json\/wp\/v2\/pages\/10972","targetHints":{"allow":["GET"]}}],"collection":[{"href":"https:\/\/triptherapie.nl\/de\/wp-json\/wp\/v2\/pages"}],"about":[{"href":"https:\/\/triptherapie.nl\/de\/wp-json\/wp\/v2\/types\/page"}],"author":[{"embeddable":true,"href":"https:\/\/triptherapie.nl\/de\/wp-json\/wp\/v2\/users\/1"}],"replies":[{"embeddable":true,"href":"https:\/\/triptherapie.nl\/de\/wp-json\/wp\/v2\/comments?post=10972"}],"version-history":[{"count":0,"href":"https:\/\/triptherapie.nl\/de\/wp-json\/wp\/v2\/pages\/10972\/revisions"}],"wp:featuredmedia":[{"embeddable":true,"href":"https:\/\/triptherapie.nl\/de\/wp-json\/wp\/v2\/media\/10959"}],"wp:attachment":[{"href":"https:\/\/triptherapie.nl\/de\/wp-json\/wp\/v2\/media?parent=10972"}],"curies":[{"name":"wp","href":"https:\/\/api.w.org\/{rel}","templated":true}]}}