{"id":110,"date":"2018-12-17T11:53:27","date_gmt":"2018-12-17T10:53:27","guid":{"rendered":"https:\/\/triptherapie.nl\/?page_id=110"},"modified":"2023-11-28T21:06:04","modified_gmt":"2023-11-28T20:06:04","slug":"betriebsreise","status":"publish","type":"page","link":"https:\/\/triptherapie.nl\/de\/werking-trip\/","title":{"rendered":"Ausl\u00f6se- und Ausl\u00f6seschwellen"},"content":{"rendered":"<h2 class=\"wp-block-heading has-text-align-center\" id=\"paddos-en-magic-truffels-bevatten-psilocybine-en-psilocine\"><strong>Pilze und Zaubertr\u00fcffel enthalten Psilocybin und Psilocin.<\/strong><\/h2>\n\n\n\n<p>&nbsp;<br>Zauberpilze, Tr\u00fcffel, Psilohuasca und Psiloflora enthalten alle Psilocybin, das zu den bewusstseinsver\u00e4ndernden und halluzinogenen Substanzen z\u00e4hlt. Zauberpilze und Tr\u00fcffel enthalten die gleichen Wirkstoffe. Die Wirkung ist individuell und h\u00e4ngt unter anderem von der pers\u00f6nlichen Empfindlichkeit, der Pers\u00f6nlichkeit, der Stimmung, der jeweiligen Substanz und der Dosis ab. Die Wirkstoffe Psilocin und Psilocybin \u00e4hneln dem k\u00f6rpereigenen Neurotransmitter Serotonin. Unser K\u00f6rper wandelt Psilocybin in Psilocin um. Psilocin kann dann die Wirkung von Serotonin am Serotoninrezeptor, dem sogenannten 5-HT2A-Rezeptor, imitieren. Die verst\u00e4rkte Stimulation dieser Rezeptoren erzeugt die Wirkung von Zauberpilzen.<\/p>\n\n\n\n<h2 class=\"wp-block-heading has-text-align-center\" id=\"minder-serotonine\">Weniger Serotonin<\/h2>\n\n\n\n<p>Ein Serotoninmangel kann Depressionen, Angstzust\u00e4nde, Unruhe, Hei\u00dfhunger auf S\u00fc\u00dfes (was den Serotoninspiegel weiter senkt) und andere Beschwerden verursachen. Dadurch entsteht eine Abw\u00e4rtsspirale, die anf\u00e4llig f\u00fcr ungesunde S\u00fcchte macht. Aus dieser Spirale l\u00e4sst sich kaum etwas entkommen, au\u00dfer man nimmt drastische Ver\u00e4nderungen vor.<\/p>\n\n\n\n<blockquote class=\"wp-block-quote is-layout-flow wp-block-quote-is-layout-flow\">\n<p class=\"has-text-align-center\">F\u00fcr detailliertere Informationen \u00fcber Serotonin lesen Sie unseren Blog hier:<\/p>\n\n\n\n<div class=\"wp-block-buttons is-content-justification-center is-layout-flex wp-container-core-buttons-is-layout-a89b3969 wp-block-buttons-is-layout-flex\">\n<div class=\"wp-block-button\"><a class=\"wp-block-button__link has-background wp-element-button\" href=\"https:\/\/triptherapie.nl\/de\/serotonin-ein-wichtiger-faktor-fur-unzufriedenheit\/\" style=\"border-radius:5px;background-color:#b20091\">Serotonin-Informationen<\/a><\/div>\n<\/div>\n\n\n\n<p>&nbsp;<\/p>\n<\/blockquote>\n\n\n\n<h2 class=\"wp-block-heading has-text-align-center\" id=\"tijdelijk-veel-serotonine-psilocine-en-psilocybine\">Vor\u00fcbergehend erh\u00f6hte Konzentrationen von Serotonin, Psilocin und Psilocybin<\/h2>\n\n\n\n<p>Durch den Konsum von halluzinogenen Pilzen oder Tr\u00fcffeln wird die Stimulation der Serotoninrezeptoren unter \u00e4rztlicher Aufsicht vor\u00fcbergehend erh\u00f6ht, wodurch die negativen Gef\u00fchle eines Serotoninmangels in den Hintergrund treten. Der Grad dieser Erh\u00f6hung beeinflusst somit die Stimmung und das Erleben. Die Intensit\u00e4t dieses Erlebnisses ist in drei Stufen unterteilt. <\/p>\n\n\n\n<h2 class=\"wp-block-heading has-text-align-center\" id=\"onze-dienstverlening\">Unsere Dienstleistungen<\/h2>\n\n\n\n<p>Wir bieten verschiedene Touren mit unterschiedlichen Schwierigkeitsgraden an. Wir verwenden Tr\u00fcffel- oder Psiloflora-Tee, wobei wir die besten und st\u00e4rksten Inhaltsstoffe kombinieren. <a href=\"https:\/\/triptherapie.nl\/de\/psilocybin\/\">Psilocybin<\/a> Die Verwendung von Tr\u00fcffeln in Kombination mit Kr\u00e4utern, Mineralien und Vitaminen. Nachfolgend finden Sie eine \u00dcbersicht \u00fcber die zu erwartenden Wirkungen und Effekte der folgenden Anwendungen.<\/p>\n\n\n\n<figure class=\"wp-block-table\"><table class=\"has-white-color has-black-background-color has-text-color has-background\"><tbody><tr><td><strong>Tr\u00fcffelzeremonie<\/strong><\/td><td>Ausl\u00f6seniveau<\/td><td>Dauer (h)<\/td><td>Eignung<\/td><\/tr><tr><td>Niedrige Dosis<\/td><td>1-2<\/td><td>2-3<\/td><td>Anf\u00e4nger<\/td><\/tr><tr><td>Mittlere Dosis<\/td><td>3-4<\/td><td>3-5<\/td><td>Anf\u00e4nger<\/td><\/tr><tr><td>Hohe Dosis<\/td><td>4-5<\/td><td>4-6<\/td><td>Etwas Erfahrung <\/td><\/tr><tr><td>Heroische Dosis<\/td><td>5<\/td><td>5-8<\/td><td>Erfahrener<\/td><\/tr><tr><td><strong>Psiloflora-Zeremonie<\/strong><\/td><td><\/td><td><\/td><td><\/td><\/tr><tr><td>Psiloflora normal*<\/td><td>4-5<\/td><td>5-8<\/td><td>Etwas Erfahrung<\/td><\/tr><tr><td>Erweiterte Psiloflora**<\/td><td>4-5<\/td><td>8-10<\/td><td>Etwas Erfahrung<\/td><\/tr><\/tbody><\/table><\/figure>\n\n\n\n<p> <strong>* Psiloflora<\/strong> ist eine Mischung aus Zaubertr\u00fcffeln und Passionsblume (milder MAO-Hemmer)<br><strong>**<\/strong> <strong>Die erweiterte Psiloflora-Zeremonie<\/strong> ist eine erweiterte Zeremonie mit 5 zus\u00e4tzlichen nat\u00fcrlichen Heilmitteln, die die Reise vertiefen und verl\u00e4ngern<\/p>\n\n\n\n<h2 class=\"wp-block-heading has-text-align-center\" id=\"trip-level-1-low-dose\">Trip-Stufe 1 (Niedrige Dosis)<\/h2>\n\n\n\n<p>Auf der ersten Stufe des Trips verschwinden die negativen Gef\u00fchle der Serotonin-Depression. Durch die ver\u00e4nderte Kommunikation zwischen den Gehirnh\u00e4lften klingt Musik intensiver, Farben werden leuchtender und die Umgebung greifbarer. Ihre Sinne sind gesch\u00e4rft. In dieser Phase sind Sie offener und kontaktfreudiger und beginnen, ehrlich und offen mit anderen und sich selbst umzugehen.<\/p>\n\n\n\n<h2 class=\"wp-block-heading has-text-align-center\" id=\"trip-level-2-low-dose\">Trip-Stufe 2 (Niedrige Dosis) <\/h2>\n\n\n\n<p>Eine intensivere Wahrnehmung von Farben und visuellen Reizen wie der Bewegung und dem \u201cAtmen\u201d von Objekten, W\u00e4nden usw. Mit geschlossenen Augen lassen sich zweidimensionale Muster erkennen. Aufgrund von Ver\u00e4nderungen im Kurzzeitged\u00e4chtnis erlebt der Nutzer kontinuierlich ablenkende Gedankenmuster, die sich mit Phasen extremer Konzentration abwechseln. Der nat\u00fcrliche Filter des Gehirns wird umgangen, was unter anderem die Kreativit\u00e4t steigert. In dieser Phase k\u00f6nnen bereits erste Zusammenh\u00e4nge entdeckt werden. Zusammenh\u00e4nge, beispielsweise dar\u00fcber, warum bestimmte Dinge geschehen und wie man damit umgehen kann.<\/p>\n\n\n\n<h2 class=\"wp-block-heading has-text-align-center\" id=\"trip-level-3-medium-dose\">Trip-Level 3 (Mittlere Dosis)<\/h2>\n\n\n\n<p>Sehr deutlich wahrnehmbare visuelle Eindr\u00fccke; alles wirkt verzerrt oder verzerrt. Muster sind an W\u00e4nden, Gegenst\u00e4nden, Gesichtern usw. zu erkennen. Leichte Halluzinationen k\u00f6nnen auftreten, beispielsweise der Eindruck flie\u00dfender Fl\u00fcsse in der Maserung von Holz oder anderen Oberfl\u00e4chen. Es kann zu sensorischen Verwirrungen kommen, etwa dazu, dass Ger\u00e4usche als Farben wahrgenommen werden. Die Zeit verzerrt sich, sodass alles im \u201cJetzt\u201d zu geschehen scheint. Ab dieser Ebene ist es bereits m\u00f6glich, mit dem Unterbewusstsein in Kontakt zu treten und es gleichzeitig leicht zu kontrollieren. Stressausl\u00f6sende \u00c4ngste k\u00f6nnen im Unterbewusstsein verankert sein, ohne dass wir uns dessen bewusst sind. Diese Ebene ist hilfreich, um diese \u00c4ngste aus dem Unterbewusstsein heraus zu bek\u00e4mpfen. \u00c4ngste haben ihren Ursprung oft in der Vergangenheit und\/oder der Zukunft. In der Gegenwart sind diese \u00c4ngste nicht real, und Akzeptanz ist auf dieser dreifachen Ebene m\u00f6glich.<\/p>\n\n\n\n<h2 class=\"wp-block-heading has-text-align-center\" id=\"trip-level-4-high-dose\">Trip-Level 4 (Hohe Dosis)<\/h2>\n\n\n\n<p>Starke Halluzinationen, wie etwa die Verwandlung von Objekten in andere. Die Wahrnehmung des Ichs verblasst; beispielsweise k\u00f6nnen Gegenst\u00e4nde anfangen zu sprechen, oder es k\u00f6nnen gleichzeitig widerspr\u00fcchliche Gef\u00fchle auftreten. Es kommt zu einem gewissen Realit\u00e4tsverlust; Zeit wird zu einem unbegreiflichen Konzept. Au\u00dferk\u00f6rperliche Erfahrungen sind m\u00f6glich. Reize verschiedener Sinne vermischen sich. Aufgrund des Verlusts des Ichs und des damit einhergehenden Verlusts des Selbstschutzes sind Menschen in dieser Phase hart, aber ehrlich zu sich selbst. Probleme k\u00f6nnen angegangen und verarbeitet werden. Die Verbindung zum Unterbewusstsein ist auf dieser dreifachen Ebene sehr stark, wodurch viel \u00fcber die eigene Pers\u00f6nlichkeit erfahren werden kann, auch wenn es aufgrund des Verlusts des Ichs so scheint, als sei man jemand anderes.<\/p>\n\n\n\n<h2 class=\"wp-block-heading has-text-align-center\" id=\"trip-level-5-high-dose\">Trip-Level 5 (Hohe Dosis)<\/h2>\n\n\n\n<p>Es kommt zu einem vollst\u00e4ndigen Verlust der visuellen Verbindung zur Realit\u00e4t; die Sinne funktionieren nicht mehr normal. Das Ego l\u00f6st sich vollst\u00e4ndig auf. Konsumenten f\u00fchlen sich mit dem Raum, anderen Objekten oder dem Universum verschmelzen. Der Realit\u00e4tsverlust ist so tiefgreifend, dass er schwer zu erkl\u00e4ren oder zu beschreiben ist. Diese Stufe unterscheidet sich von den anderen, da das eigentliche Universum, in dem die Dinge existieren, aufh\u00f6rt zu existieren. In dieser Phase hat das Ego keinerlei Kontrolle mehr. Die Verbindung zum Unterbewusstsein ist nun maximal. Es gibt nichts zu verbergen. Es ist wie ein Traum, den man selbst nicht kontrollieren kann. Diese Phase kann Erkenntnisse auf zun\u00e4chst unverst\u00e4ndliche Weise bieten. Konsumenten von Stufe 5 bezeichnen ihre Erfahrungen oft als mystisch, als die sch\u00f6nste Erfahrung ihres Lebens oder sogar als be\u00e4ngstigend. Insbesondere Kontrollfreaks empfinden sie anfangs als be\u00e4ngstigend. Es ist unklug, ohne vorherige Erfahrung mit Psychedelika direkt in Stufe 5 einzusteigen.<\/p>\n\n\n\n<h2 class=\"wp-block-heading has-text-align-center\" id=\"heroische-dosering-heroic-dose\">Heroische Dosis<\/h2>\n\n\n\n<p>Eine hohe Dosis Psychedelika f\u00fchrt zu einem lang anhaltenden Trip der Stufe 5, der nicht nur Minuten, sondern potenziell eine Stunde oder l\u00e4nger dauern kann. Manche vergleichen die Aufl\u00f6sung des Egos (Ego-Tod) \u00fcber einen l\u00e4ngeren Zeitraum mit einer Nahtoderfahrung und Wiedergeburt. Andere vergleichen es mit einem verl\u00e4ngerten DMT-Trip. Eines ist sicher: Die Verbindung zur gewohnten Realit\u00e4t verschwindet w\u00e4hrend des H\u00f6hepunkts des Trips vollst\u00e4ndig. Beim Abklingen der Wirkung einer hohen Dosis sprechen Menschen oft von tiefer Dankbarkeit und Lebensfreude.<\/p>\n\n\n\n<p>Eine hohe Dosis Psychedelika f\u00fchrt zu einem lang anhaltenden Trip der Stufe 5, der nicht nur Minuten, sondern potenziell eine Stunde oder l\u00e4nger dauern kann. Manche vergleichen die Aufl\u00f6sung des Egos (Ego-Tod) \u00fcber einen l\u00e4ngeren Zeitraum mit einer Nahtoderfahrung und Wiedergeburt. Andere vergleichen es mit einem verl\u00e4ngerten DMT-Trip. Eines ist sicher: Die Verbindung zur gewohnten Realit\u00e4t verschwindet w\u00e4hrend des H\u00f6hepunkts des Trips vollst\u00e4ndig. Beim Abklingen der Wirkung einer hohen Dosis sprechen Menschen oft von tiefer Dankbarkeit und Lebensfreude.<\/p>\n\n\n\n<h2 class=\"wp-block-heading has-text-align-center\" id=\"einde-trip\">Ende der Reise<\/h2>\n\n\n\n<p>Egal wie tief dein Trip war, du kehrst immer langsam durch die unteren Tripebenen zur\u00fcck. Ein Trip der Stufe 5 durchl\u00e4uft stets die Stufen 4, 3, 2 und 1, bevor du sanft in die Realit\u00e4t zur\u00fcckkehrst. Dein gesamtes Wissen, deine Ideen und Erkenntnisse bleiben erhalten. Dinge, die dir anfangs unverst\u00e4ndlich erschienen, k\u00f6nnen sich pl\u00f6tzlich erschlie\u00dfen, selbst Wochen nach dem Trip. Die meisten Menschen, die einen solchen Trip erleben, bewahren sich dauerhaft eine offenere Natur und f\u00fchlen sich st\u00e4rker mit ihrer Umwelt und ihren Mitmenschen verbunden. Auch k\u00f6rperliche Verbesserungen treten ein. Die verst\u00e4rkte Stimulation des 5HT2a-Rezeptors f\u00f6rdert die Neurogenese. Das bedeutet, dass sich Gehirn- und Nervenzellen regenerieren und sogar neue bilden k\u00f6nnen, was zu einem besser vernetzten Gehirn (bewusstseinserweiternd) f\u00fchrt.<\/p>\n\n\n\n<div class=\"wp-block-buttons is-content-justification-center is-layout-flex wp-container-core-buttons-is-layout-a89b3969 wp-block-buttons-is-layout-flex\">\n<div class=\"wp-block-button\"><a class=\"wp-block-button__link has-background wp-element-button\" href=\"https:\/\/triptherapie.nl\/de\/der-zusammenhang-zwischen-bdnf-depression-ernahrung-bewegung-und-halluzinogenen-pilzen\/\" style=\"border-radius:5px;background-color:#b20091\">Neurogenese<\/a><\/div>\n<\/div>\n\n\n\n<h2 class=\"wp-block-heading has-text-align-center\" id=\"mogelijkheden-van-triptherapie\">M\u00f6glichkeiten der Triptherapie<\/h2>\n\n\n\n<p>Der gr\u00f6\u00dfte Vorteil einer Trip-Therapiesitzung liegt darin, dass wir Sie durch Introspektion (die Auseinandersetzung mit Ihrem Inneren) dabei unterst\u00fctzen k\u00f6nnen, Ihr Selbstbild zu ver\u00e4ndern. Viele S\u00fcchte, \u00c4ngste, Stress, Depressionen und andere pers\u00f6nliche Probleme entstehen aus einem (negativen) verzerrten Selbstbild, unrealistischen Gedanken oder unbewusstem Stress, der durch \u00c4ngste im Unterbewusstsein verursacht wird. G\u00f6nnen Sie sich das Beste \u2013 durch gesunde Ern\u00e4hrung, positive Gedanken und Bewegung. Daran arbeiten wir vor, w\u00e4hrend und nach dem Trip. Sie haben es verdient, die beste Version Ihrer selbst zu sein.&nbsp;<\/p>\n\n\n\n<h2 class=\"wp-block-heading has-text-align-center\" id=\"meer-dan-alleen-trippen\">Mehr als nur ein Trip<\/h2>\n\n\n\n<p>Weil wir davon \u00fcberzeugt sind, dass Triptherapie Sie auf den richtigen Weg bringen kann, aber nur der Anfang einer positiven Entwicklung ist, erstellen wir regelm\u00e4\u00dfig Blogbeitr\u00e4ge und Newsartikel, um nachhaltige Ergebnisse zu erzielen. Wir m\u00f6chten dieses Wissen weitergeben und teilen, um eine bessere Welt mit mehr Gl\u00fcck zu schaffen.<\/p>\n\n\n\n<blockquote class=\"wp-block-quote is-layout-flow wp-block-quote-is-layout-flow\">\n<div class=\"wp-block-buttons is-content-justification-center is-layout-flex wp-container-core-buttons-is-layout-a89b3969 wp-block-buttons-is-layout-flex\">\n<div class=\"wp-block-button\"><a class=\"wp-block-button__link has-background wp-element-button\" href=\"https:\/\/triptherapie.nl\/de\/blog-und-informationen\/\" style=\"border-radius:5px;background-color:#b20091\">Blog und Neuigkeiten<\/a><\/div>\n<\/div>\n<\/blockquote>\n\n\n\n<h2 class=\"wp-block-heading has-text-align-center\" id=\"advies-trip-level-en-soort-psychedelica\">Hinweise zur Intensit\u00e4t und Art des Trips mit Psychedelika<\/h2>\n\n\n\n<p>M\u00f6chten Sie einen psychedelischen Trip erleben, um von seiner heilenden, therapeutischen Wirkung zu profitieren oder sich pers\u00f6nlich und\/oder spirituell weiterzuentwickeln? Wir beraten Sie gerne, welche Substanz und welche Tripintensit\u00e4t am besten zu Ihren Zielen und W\u00fcnschen passen. Kontaktieren Sie uns einfach \u00fcber die unten stehenden Optionen.<\/p>\n\n\n\n<h2 class=\"wp-block-heading has-text-align-center\" id=\"datum-reserveren-trip\">Datum f\u00fcr die Reisereservierung<\/h2>\n\n\n\n<p>Sie k\u00f6nnen alle unsere Dienstleistungen \u00fcber unsere Website buchen. Klicken Sie auf den Button unten, um die Preisliste und die von Triptherapie angebotenen Dienstleistungen einzusehen.<\/p>\n\n\n\n<blockquote class=\"wp-block-quote is-layout-flow wp-block-quote-is-layout-flow\">\n<div class=\"wp-block-buttons is-content-justification-center is-layout-flex wp-container-core-buttons-is-layout-a89b3969 wp-block-buttons-is-layout-flex\">\n<div class=\"wp-block-button\"><a class=\"wp-block-button__link has-background wp-element-button\" href=\"https:\/\/triptherapie.nl\/de\/preise\/\" style=\"border-radius:5px;background-color:#b20091\">Preise &amp; Leistungen<\/a><\/div>\n<\/div>\n<\/blockquote>","protected":false},"excerpt":{"rendered":"<p>Paddo&#8217;s en magic truffels bevatten psilocybine en psilocine &nbsp;Paddo&#8217;s, truffels, psilohuasca en psiloflora bevatten allemaal psilocybine\/psilocine vallen in de groep bewustzijn veranderende en hallucinogene middelen. Paddo&#8217;s en magic truffels bevatten dezelfde werkzame stoffen. De effecten zijn wisselend en onder andere afhankelijk van uw persoonlijke gevoeligheid, karakter, uw stemming, het middel en de dosis. De werkzame [&hellip;]<\/p>\n","protected":false},"author":18,"featured_media":37205,"parent":0,"menu_order":0,"comment_status":"closed","ping_status":"closed","template":"","meta":{"footnotes":""},"class_list":["post-110","page","type-page","status-publish","has-post-thumbnail","hentry"],"_links":{"self":[{"href":"https:\/\/triptherapie.nl\/de\/wp-json\/wp\/v2\/pages\/110","targetHints":{"allow":["GET"]}}],"collection":[{"href":"https:\/\/triptherapie.nl\/de\/wp-json\/wp\/v2\/pages"}],"about":[{"href":"https:\/\/triptherapie.nl\/de\/wp-json\/wp\/v2\/types\/page"}],"author":[{"embeddable":true,"href":"https:\/\/triptherapie.nl\/de\/wp-json\/wp\/v2\/users\/18"}],"replies":[{"embeddable":true,"href":"https:\/\/triptherapie.nl\/de\/wp-json\/wp\/v2\/comments?post=110"}],"version-history":[{"count":0,"href":"https:\/\/triptherapie.nl\/de\/wp-json\/wp\/v2\/pages\/110\/revisions"}],"wp:featuredmedia":[{"embeddable":true,"href":"https:\/\/triptherapie.nl\/de\/wp-json\/wp\/v2\/media\/37205"}],"wp:attachment":[{"href":"https:\/\/triptherapie.nl\/de\/wp-json\/wp\/v2\/media?parent=110"}],"curies":[{"name":"wp","href":"https:\/\/api.w.org\/{rel}","templated":true}]}}