{"id":1685,"date":"2019-03-05T22:31:47","date_gmt":"2019-03-05T21:31:47","guid":{"rendered":"https:\/\/triptherapie.nl\/?page_id=1685"},"modified":"2024-12-24T20:40:08","modified_gmt":"2024-12-24T19:40:08","slug":"pilztherapie","status":"publish","type":"page","link":"https:\/\/triptherapie.nl\/de\/paddotherapie\/","title":{"rendered":"Pilztherapie"},"content":{"rendered":"<div data-elementor-type=\"wp-page\" data-elementor-id=\"1685\" class=\"elementor elementor-1685\" data-elementor-post-type=\"page\">\n\t\t\t\t<div class=\"elementor-element elementor-element-4f255a6 e-flex e-con-boxed e-con e-parent\" data-id=\"4f255a6\" data-element_type=\"container\" data-e-type=\"container\">\n\t\t\t\t\t<div class=\"e-con-inner\">\n\t\t\t\t<div class=\"elementor-element elementor-element-b5782ff elementor-widget elementor-widget-heading\" data-id=\"b5782ff\" data-element_type=\"widget\" data-e-type=\"widget\" data-widget_type=\"heading.default\">\n\t\t\t\t\t<h2 class=\"elementor-heading-title elementor-size-default\" id=\"paddotherapie\">Pilztherapie<\/h2>\t\t\t\t<\/div>\n\t\t\t\t<div class=\"elementor-element elementor-element-93b0dce elementor-widget elementor-widget-text-editor\" data-id=\"93b0dce\" data-element_type=\"widget\" data-e-type=\"widget\" data-widget_type=\"text-editor.default\">\n\t\t\t\t\t\t\t\t\t<p>Wir d\u00fcrfen aus rechtlichen Gr\u00fcnden keine Therapie mit halluzinogenen Pilzen anbieten. Um den gesetzlichen Bestimmungen zu entsprechen, basiert unsere Trip-Therapie auf Zaubertr\u00fcffeln. Wir bevorzugen Tr\u00fcffel, da sie \u2013 genau wie halluzinogene Pilze \u2013 Psilocybin enthalten. Im Gegensatz zu anderen Psychedelika sind Zaubertr\u00fcffel in den Niederlanden legal und gelten als die wirksamsten Mittel gegen Angstzust\u00e4nde, Depressionen und geringes Selbstwertgef\u00fchl. Durch die Verwendung von Zaubertr\u00fcffeln k\u00f6nnen wir somit die Wirkung einer Therapie mit halluzinogenen Pilzen nachahmen. <\/p><p>Wir haben au\u00dferdem einen Blogbeitrag dar\u00fcber verfasst, warum wir die Pilztherapie wieder legalisieren wollen. Darin beleuchten wir die feinen Unterschiede und die \u00c4hnlichkeiten zwischen Pilzen und Tr\u00fcffeln. Sie k\u00f6nnen den Beitrag lesen, indem Sie auf den Button unten klicken.<\/p>\t\t\t\t\t\t\t\t<\/div>\n\t\t\t\t\t<\/div>\n\t\t\t\t<\/div>\n\t\t<div class=\"elementor-element elementor-element-cb57891 e-flex e-con-boxed e-con e-parent\" data-id=\"cb57891\" data-element_type=\"container\" data-e-type=\"container\">\n\t\t\t\t\t<div class=\"e-con-inner\">\n\t\t\t\t<div class=\"elementor-element elementor-element-d728b80 elementor-widget elementor-widget-button\" data-id=\"d728b80\" data-element_type=\"widget\" data-e-type=\"widget\" data-widget_type=\"button.default\">\n\t\t\t\t\t\t\t\t\t\t<a class=\"elementor-button elementor-button-link elementor-size-sm\" href=\"https:\/\/triptherapie.nl\/de\/warum-pilztherapie-legal-sein-sollte\/\">\n\t\t\t\t\t\t<span class=\"elementor-button-content-wrapper\">\n\t\t\t\t\t\t\t\t\t<span class=\"elementor-button-text\">Legalisierung der Pilztherapie<\/span>\n\t\t\t\t\t<\/span>\n\t\t\t\t\t<\/a>\n\t\t\t\t\t\t\t\t<\/div>\n\t\t\t\t\t<\/div>\n\t\t\t\t<\/div>\n\t\t<div class=\"elementor-element elementor-element-a4234cf e-flex e-con-boxed e-con e-parent\" data-id=\"a4234cf\" data-element_type=\"container\" data-e-type=\"container\">\n\t\t\t\t\t<div class=\"e-con-inner\">\n\t\t\t\t<div class=\"elementor-element elementor-element-55a1a38 elementor-widget elementor-widget-heading\" data-id=\"55a1a38\" data-element_type=\"widget\" data-e-type=\"widget\" data-widget_type=\"heading.default\">\n\t\t\t\t\t<h2 class=\"elementor-heading-title elementor-size-default\" id=\"hoe-werkt-paddotherapie\">Wie funktioniert die Pilztherapie?<\/h2>\t\t\t\t<\/div>\n\t\t\t\t<div class=\"elementor-element elementor-element-2f72754 elementor-widget elementor-widget-text-editor\" data-id=\"2f72754\" data-element_type=\"widget\" data-e-type=\"widget\" data-widget_type=\"text-editor.default\">\n\t\t\t\t\t\t\t\t\t<p>Pilztherapie wirkt, weil die Pilze halluzinogene Substanzen enthalten. Diese Substanzen variieren, Psilocybin ist jedoch die bekannteste. Wir haben die Wirkungsweise von Psilocybin bereits ausf\u00fchrlich auf der Seite \u00fcber Psilocybin und Psilocybintherapie erkl\u00e4rt. Dort finden Sie weitere Informationen zur Wirkungsweise von Psilocybin und Pilztherapie.<\/p>\t\t\t\t\t\t\t\t<\/div>\n\t\t\t\t\t<\/div>\n\t\t\t\t<\/div>\n\t\t<div class=\"elementor-element elementor-element-95c05d1 e-flex e-con-boxed e-con e-parent\" data-id=\"95c05d1\" data-element_type=\"container\" data-e-type=\"container\">\n\t\t\t\t\t<div class=\"e-con-inner\">\n\t\t\t\t<div class=\"elementor-element elementor-element-ea687b5 elementor-widget elementor-widget-button\" data-id=\"ea687b5\" data-element_type=\"widget\" data-e-type=\"widget\" data-widget_type=\"button.default\">\n\t\t\t\t\t\t\t\t\t\t<a class=\"elementor-button elementor-button-link elementor-size-sm\" href=\"https:\/\/triptherapie.nl\/de\/psilocybin\/\">\n\t\t\t\t\t\t<span class=\"elementor-button-content-wrapper\">\n\t\t\t\t\t\t\t\t\t<span class=\"elementor-button-text\">Wie Psilocybin wirkt<\/span>\n\t\t\t\t\t<\/span>\n\t\t\t\t\t<\/a>\n\t\t\t\t\t\t\t\t<\/div>\n\t\t\t\t<div class=\"elementor-element elementor-element-37c8071 elementor-widget elementor-widget-button\" data-id=\"37c8071\" data-element_type=\"widget\" data-e-type=\"widget\" data-widget_type=\"button.default\">\n\t\t\t\t\t\t\t\t\t\t<a class=\"elementor-button elementor-button-link elementor-size-sm\" href=\"https:\/\/triptherapie.nl\/de\/psilocybin-therapie\/\">\n\t\t\t\t\t\t<span class=\"elementor-button-content-wrapper\">\n\t\t\t\t\t\t\t\t\t<span class=\"elementor-button-text\">Psilocybin-Therapie<\/span>\n\t\t\t\t\t<\/span>\n\t\t\t\t\t<\/a>\n\t\t\t\t\t\t\t\t<\/div>\n\t\t\t\t\t<\/div>\n\t\t\t\t<\/div>\n\t\t<div class=\"elementor-element elementor-element-7acff72 e-flex e-con-boxed e-con e-parent\" data-id=\"7acff72\" data-element_type=\"container\" data-e-type=\"container\">\n\t\t\t\t\t<div class=\"e-con-inner\">\n\t\t\t\t<div class=\"elementor-element elementor-element-3fc227c elementor-widget elementor-widget-heading\" data-id=\"3fc227c\" data-element_type=\"widget\" data-e-type=\"widget\" data-widget_type=\"heading.default\">\n\t\t\t\t\t<h2 class=\"elementor-heading-title elementor-size-default\" id=\"psilocybine-als-therapeutisch-hulpmiddel\">Psilocybin als therapeutisches Werkzeug<\/h2>\t\t\t\t<\/div>\n\t\t\t\t<div class=\"elementor-element elementor-element-b3c0535 elementor-widget elementor-widget-text-editor\" data-id=\"b3c0535\" data-element_type=\"widget\" data-e-type=\"widget\" data-widget_type=\"text-editor.default\">\n\t\t\t\t\t\t\t\t\t<div class=\"mck-text-msg-left\"><div>Psilocybin kann durch seine Interaktion mit den Serotoninrezeptoren des Gehirns, insbesondere den 5HT2A-Rezeptoren, therapeutisch wirken. Wenn Psilocybin in Psilocin umgewandelt wird, ahmt es die Wirkung von Serotonin nach und ver\u00e4ndert so die Hirnaktivit\u00e4t. Dies kann einen traum\u00e4hnlichen Zustand hervorrufen, in dem die Verbindungen zwischen verschiedenen Hirnregionen gest\u00e4rkt werden. Diese gesteigerte Vernetzung kann dazu beitragen, festgefahrene Denkmuster aufzubrechen und die emotionale Verarbeitung zu f\u00f6rdern, was insbesondere f\u00fcr Menschen mit psychischen Erkrankungen wie Depressionen, Angstzust\u00e4nden und Suchterkrankungen hilfreich sein kann.<\/div><div>\u00a0<\/div><div>Es gibt zudem Hinweise darauf, dass Psilocybin aus halluzinogenen Pilzen zur Bildung neuer Nervenverbindungen beitragen kann, was bei neurodegenerativen Erkrankungen hilfreich sein k\u00f6nnte. Klinische Studien haben gezeigt, dass Psilocybin bereits nach einer einzigen Dosis eine lang anhaltende antidepressive Wirkung haben kann. Dies macht es zu einer vielversprechenden Option f\u00fcr Patienten, die auf herk\u00f6mmliche Behandlungen wie Antidepressiva nicht ansprechen.<\/div><div>\u00a0<\/div><div>Die Kombination von Psilocybin mit Gespr\u00e4chstherapie und Lebensstilberatung kann die Wirksamkeit der Behandlung weiter steigern. W\u00e4hrend einer Psilocybin-Sitzung werden Patienten dazu angeregt, ihre Gedanken und Gef\u00fchle zu erforschen, was zu tieferen Einsichten und pers\u00f6nlichem Wachstum f\u00fchren kann.<\/div><\/div>\t\t\t\t\t\t\t\t<\/div>\n\t\t\t\t\t<\/div>\n\t\t\t\t<\/div>\n\t\t<div class=\"elementor-element elementor-element-b0b1fb0 e-flex e-con-boxed e-con e-parent\" data-id=\"b0b1fb0\" data-element_type=\"container\" data-e-type=\"container\">\n\t\t\t\t\t<div class=\"e-con-inner\">\n\t\t\t\t<div class=\"elementor-element elementor-element-a1db6d9 elementor-widget elementor-widget-heading\" data-id=\"a1db6d9\" data-element_type=\"widget\" data-e-type=\"widget\" data-widget_type=\"heading.default\">\n\t\t\t\t\t<h2 class=\"elementor-heading-title elementor-size-default\" id=\"voor-wie-is-psilocybine-geschikt\">F\u00fcr wen ist Psilocybin geeignet?<\/h2>\t\t\t\t<\/div>\n\t\t\t\t\t<\/div>\n\t\t\t\t<\/div>\n\t\t<div class=\"elementor-element elementor-element-e59e75a e-flex e-con-boxed e-con e-parent\" data-id=\"e59e75a\" data-element_type=\"container\" data-e-type=\"container\">\n\t\t\t\t\t<div class=\"e-con-inner\">\n\t\t<div class=\"elementor-element elementor-element-bcbb248 e-con-full e-flex e-con e-child\" data-id=\"bcbb248\" data-element_type=\"container\" data-e-type=\"container\">\n\t\t\t\t<div class=\"elementor-element elementor-element-74bcd2a elementor-widget elementor-widget-text-editor\" data-id=\"74bcd2a\" data-element_type=\"widget\" data-e-type=\"widget\" data-widget_type=\"text-editor.default\">\n\t\t\t\t\t\t\t\t\t<p>Psilocybin eignet sich f\u00fcr Menschen mit Depressionen, Angstzust\u00e4nden oder Suchterkrankungen, jedoch nicht f\u00fcr solche, die zu Psychosen, Schizophrenie, Borderline-Pers\u00f6nlichkeitsst\u00f6rung oder anderen schweren psychischen Erkrankungen neigen. Dar\u00fcber hinaus d\u00fcrfen verschiedene Medikamente nicht ohne Weiteres mit halluzinogenen Pilzen oder Psilocybin kombiniert werden.<\/p>\t\t\t\t\t\t\t\t<\/div>\n\t\t\t\t<\/div>\n\t\t<div class=\"elementor-element elementor-element-7ddc120 e-con-full e-flex e-con e-child\" data-id=\"7ddc120\" data-element_type=\"container\" data-e-type=\"container\">\n\t\t\t\t<div class=\"elementor-element elementor-element-6f87e43 elementor-widget elementor-widget-image\" data-id=\"6f87e43\" data-element_type=\"widget\" data-e-type=\"widget\" data-widget_type=\"image.default\">\n\t\t\t\t\t\t\t\t\t\t\t\t\t\t\t<img decoding=\"async\" width=\"300\" height=\"150\" src=\"https:\/\/triptherapie.nl\/wp-content\/uploads\/2020\/04\/Truffel-mushroom-ceremony-300x150.jpg?wsr\" class=\"attachment-medium size-medium wp-image-2924\" alt=\"\" srcset=\"https:\/\/triptherapie.nl\/wp-content\/uploads\/2020\/04\/Truffel-mushroom-ceremony-300x150.jpg 300w, https:\/\/triptherapie.nl\/wp-content\/uploads\/2020\/04\/Truffel-mushroom-ceremony-768x384.jpg 768w, https:\/\/triptherapie.nl\/wp-content\/uploads\/2020\/04\/Truffel-mushroom-ceremony.jpg 868w\" sizes=\"(max-width: 300px) 100vw, 300px\" title=\"\">\t\t\t\t\t\t\t\t\t\t\t\t\t\t\t<\/div>\n\t\t\t\t<\/div>\n\t\t\t\t\t<\/div>\n\t\t\t\t<\/div>\n\t\t<div class=\"elementor-element elementor-element-28aa2d8f e-flex e-con-boxed e-con e-parent\" data-id=\"28aa2d8f\" data-element_type=\"container\" data-e-type=\"container\">\n\t\t\t\t\t<div class=\"e-con-inner\">\n\t\t\t\t<div class=\"elementor-element elementor-element-0496acb elementor-widget elementor-widget-heading\" data-id=\"0496acb\" data-element_type=\"widget\" data-e-type=\"widget\" data-widget_type=\"heading.default\">\n\t\t\t\t\t<h2 class=\"elementor-heading-title elementor-size-default\" id=\"meer-informatie\">Weitere Informationen<\/h2>\t\t\t\t<\/div>\n\t\t\t\t<div class=\"elementor-element elementor-element-f5d0c4e elementor-widget elementor-widget-text-editor\" data-id=\"f5d0c4e\" data-element_type=\"widget\" data-e-type=\"widget\" data-widget_type=\"text-editor.default\">\n\t\t\t\t\t\t\t\t\t<p>M\u00f6chten Sie wissen, wie wir Sie bei der psychedelischen Therapie unterst\u00fctzen k\u00f6nnen? Wir bieten Ihnen Unterst\u00fctzung in verschiedenen Bereichen. Wir begleiten Sie auf Ihrem psychedelischen Weg und geben Ihnen dar\u00fcber hinaus Ern\u00e4hrungs- und Bewegungsberatung. Ihre Gesundheit in allen Bereichen bestimmt Ihre Lebensqualit\u00e4t.<\/p>\n<p>Bei uns finden Sie garantiert den passenden Reisebus f\u00fcr Ihre Bed\u00fcrfnisse. Jeder Mensch ist anders und braucht eine individuelle L\u00f6sung. Wir helfen Ihnen gerne. Vereinbaren Sie zum Beispiel ein kostenloses Beratungsgespr\u00e4ch, indem Sie das Anmeldeformular ausf\u00fcllen. M\u00f6chten Sie vorab mehr Informationen? Lesen Sie sich alle Informationen durch oder kontaktieren Sie uns.<\/p>\t\t\t\t\t\t\t\t<\/div>\n\t\t\t\t\t<\/div>\n\t\t\t\t<\/div>\n\t\t<div class=\"elementor-element elementor-element-3ce00ec e-flex e-con-boxed e-con e-parent\" data-id=\"3ce00ec\" data-element_type=\"container\" data-e-type=\"container\">\n\t\t\t\t\t<div class=\"e-con-inner\">\n\t\t\t\t<div class=\"elementor-element elementor-element-8120aa0 elementor-widget elementor-widget-heading\" data-id=\"8120aa0\" data-element_type=\"widget\" data-e-type=\"widget\" data-widget_type=\"heading.default\">\n\t\t\t\t\t<h2 class=\"elementor-heading-title elementor-size-default\" id=\"aanmelden\">Zur Registrierung<\/h2>\t\t\t\t<\/div>\n\t\t\t\t<div class=\"elementor-element elementor-element-dcba643 elementor-widget elementor-widget-text-editor\" data-id=\"dcba643\" data-element_type=\"widget\" data-e-type=\"widget\" data-widget_type=\"text-editor.default\">\n\t\t\t\t\t\t\t\t\t<p>Sie sind bereits \u00fcberzeugt und bereit f\u00fcr den n\u00e4chsten Schritt, die Registrierung? Das geht ganz einfach \u00fcber die Website. Im Footer finden Sie einen Link, um den Registrierungsprozess zu starten. Scrollen Sie also nach unten, um mit der Anmeldung zu beginnen.<\/p>\t\t\t\t\t\t\t\t<\/div>\n\t\t\t\t\t<\/div>\n\t\t\t\t<\/div>\n\t\t<div class=\"elementor-element elementor-element-66cad30 e-flex e-con-boxed e-con e-parent\" data-id=\"66cad30\" data-element_type=\"container\" data-e-type=\"container\">\n\t\t\t\t\t<div class=\"e-con-inner\">\n\t\t\t\t<div class=\"elementor-element elementor-element-37f4595 elementor-widget elementor-widget-heading\" data-id=\"37f4595\" data-element_type=\"widget\" data-e-type=\"widget\" data-widget_type=\"heading.default\">\n\t\t\t\t\t<h2 class=\"elementor-heading-title elementor-size-default\" id=\"contact\">Kontakt<\/h2>\t\t\t\t<\/div>\n\t\t\t\t<div class=\"elementor-element elementor-element-51e52f5 elementor-widget elementor-widget-text-editor\" data-id=\"51e52f5\" data-element_type=\"widget\" data-e-type=\"widget\" data-widget_type=\"text-editor.default\">\n\t\t\t\t\t\t\t\t\t<p>Nach Ihrer Registrierung kontaktieren wir Sie, um Ihre M\u00f6glichkeiten zu besprechen. Bei weiteren Fragen k\u00f6nnen Sie sich gerne an uns wenden oder unseren Chatbot Trippy fragen. Siehe auch die Schaltfl\u00e4chen unten:<\/p>\t\t\t\t\t\t\t\t<\/div>\n\t\t\t\t\t<\/div>\n\t\t\t\t<\/div>\n\t\t<div class=\"elementor-element elementor-element-b7b6e3d e-flex e-con-boxed e-con e-parent\" data-id=\"b7b6e3d\" data-element_type=\"container\" data-e-type=\"container\">\n\t\t\t\t\t<div class=\"e-con-inner\">\n\t\t\t\t<div class=\"elementor-element elementor-element-781aeab elementor-widget elementor-widget-button\" data-id=\"781aeab\" data-element_type=\"widget\" data-e-type=\"widget\" data-widget_type=\"button.default\">\n\t\t\t\t\t\t\t\t\t\t<a class=\"elementor-button elementor-button-link elementor-size-sm\" href=\"https:\/\/triptherapie.nl\/de\/kontakt\/\">\n\t\t\t\t\t\t<span class=\"elementor-button-content-wrapper\">\n\t\t\t\t\t\t\t\t\t<span class=\"elementor-button-text\">Kontakt<\/span>\n\t\t\t\t\t<\/span>\n\t\t\t\t\t<\/a>\n\t\t\t\t\t\t\t\t<\/div>\n\t\t\t\t<div class=\"elementor-element elementor-element-d1567e1 elementor-widget elementor-widget-button\" data-id=\"d1567e1\" data-element_type=\"widget\" data-e-type=\"widget\" data-widget_type=\"button.default\">\n\t\t\t\t\t\t\t\t\t\t<a class=\"elementor-button elementor-button-link elementor-size-sm\" href=\"https:\/\/triptherapie.nl\/de\/starte-einen-abgefahrenen-chat\/\">\n\t\t\t\t\t\t<span class=\"elementor-button-content-wrapper\">\n\t\t\t\t\t\t\t\t\t<span class=\"elementor-button-text\">Chatbot<\/span>\n\t\t\t\t\t<\/span>\n\t\t\t\t\t<\/a>\n\t\t\t\t\t\t\t\t<\/div>\n\t\t\t\t\t<\/div>\n\t\t\t\t<\/div>\n\t\t\t\t<\/div>","protected":false},"excerpt":{"rendered":"<p>Paddotherapie De therapie met paddo\u2019s kunnen wij niet legaal aanbieden. Om toch binnen de wetgeving te kunnen handelen is onze triptherapie op basis van magic truffels. Wij verkiezen truffels omdat deze ook psilocybine bevatten, net zoals paddo\u2019s. Magic truffels zijn in tegenstelling tot andere psychedelische middelen wel legaal in Nederland, terwijl het de best werkende [&hellip;]<\/p>\n","protected":false},"author":2683,"featured_media":42026,"parent":0,"menu_order":0,"comment_status":"closed","ping_status":"closed","template":"","meta":{"footnotes":""},"class_list":["post-1685","page","type-page","status-publish","has-post-thumbnail","hentry"],"_links":{"self":[{"href":"https:\/\/triptherapie.nl\/de\/wp-json\/wp\/v2\/pages\/1685","targetHints":{"allow":["GET"]}}],"collection":[{"href":"https:\/\/triptherapie.nl\/de\/wp-json\/wp\/v2\/pages"}],"about":[{"href":"https:\/\/triptherapie.nl\/de\/wp-json\/wp\/v2\/types\/page"}],"author":[{"embeddable":true,"href":"https:\/\/triptherapie.nl\/de\/wp-json\/wp\/v2\/users\/2683"}],"replies":[{"embeddable":true,"href":"https:\/\/triptherapie.nl\/de\/wp-json\/wp\/v2\/comments?post=1685"}],"version-history":[{"count":0,"href":"https:\/\/triptherapie.nl\/de\/wp-json\/wp\/v2\/pages\/1685\/revisions"}],"wp:featuredmedia":[{"embeddable":true,"href":"https:\/\/triptherapie.nl\/de\/wp-json\/wp\/v2\/media\/42026"}],"wp:attachment":[{"href":"https:\/\/triptherapie.nl\/de\/wp-json\/wp\/v2\/media?parent=1685"}],"curies":[{"name":"wp","href":"https:\/\/api.w.org\/{rel}","templated":true}]}}