{"id":2537,"date":"2019-12-23T20:43:36","date_gmt":"2019-12-23T19:43:36","guid":{"rendered":"https:\/\/triptherapie.nl\/?page_id=2537"},"modified":"2025-09-19T11:26:17","modified_gmt":"2025-09-19T09:26:17","slug":"psilohuasca","status":"publish","type":"page","link":"https:\/\/triptherapie.nl\/de\/psychedelica\/psilohuasca\/","title":{"rendered":"Psilohuasca"},"content":{"rendered":"<div data-elementor-type=\"wp-page\" data-elementor-id=\"2537\" class=\"elementor elementor-2537\" data-elementor-post-type=\"page\">\n\t\t\t\t<div class=\"elementor-element elementor-element-53f1017d e-flex e-con-boxed e-con e-parent\" data-id=\"53f1017d\" data-element_type=\"container\" data-e-type=\"container\">\n\t\t\t\t\t<div class=\"e-con-inner\">\n\t\t\t\t<div class=\"elementor-element elementor-element-63f05526 elementor-widget elementor-widget-text-editor\" data-id=\"63f05526\" data-element_type=\"widget\" data-e-type=\"widget\" data-widget_type=\"text-editor.default\">\n\t\t\t\t\t\t\t\t\t\n<h2 class=\"wp-block-heading has-text-align-center\" id=\"wat-is-psilohuasca\">Was ist Psilohuasca?<\/h2>\n\n<p>Der Name Psilohuasca \u00e4hnelt dem von Ayahuasca, da wie bei Ayahuasca MAO-Hemmer in Kombination mit Psychedelika eingesetzt werden. Ayahuasca verwendet das Psychedelikum DMT, w\u00e4hrend Psilohuasca Psilocybin (aus Tr\u00fcffeln oder halluzinogenen Pilzen) enth\u00e4lt. Wir raten jedoch von der Verwendung starker MAO-Hemmer ab, da diese zus\u00e4tzliche Risiken bergen.<\/p>\n\n<blockquote class=\"wp-block-quote is-layout-flow wp-block-quote-is-layout-flow\">\n<p><a href=\"https:\/\/triptherapie.nl\/de\/was-ist-besser-eine-ayahuasca-zeremonie-oder-ein-pilztrip\/\" target=\"_blank\" rel=\"noreferrer noopener\" aria-label=\" (wird in einem neuen Tab ge\u00f6ffnet)\">Lesen Sie hier mehr dar\u00fcber, warum starke MAO-Hemmer nicht n\u00fctzlich sind.<\/a><\/p>\n<\/blockquote>\n\n<h2 class=\"wp-block-heading has-text-align-center\" id=\"onze-psilohuasca-is-anders\">Unser Psilohuasca ist anders.<\/h2>\n\n<p>Wir verzichten bei der Zubereitung von Psilohuasca auf starke MAO-Hemmer. Gesundheit und Sicherheit haben f\u00fcr uns h\u00f6chste Priorit\u00e4t. Anstelle der bekannten MAO-Hemmer verwenden wir unter anderem die entspannende Pflanze Passiflora incarnata. Passiflora incarnata birgt das geringste Risiko im Vergleich zu den m\u00f6glichen positiven Wirkungen w\u00e4hrend des Trips. Um diese Risiken zu minimieren, empfehlen wir eine angepasste Ern\u00e4hrung.<\/p>\n\n<blockquote class=\"wp-block-quote is-layout-flow wp-block-quote-is-layout-flow\">\n<p>Lesen Sie hier die <a href=\"https:\/\/triptherapie.nl\/de\/psilohuasca-diat-und-zubereitungen\/\" target=\"_blank\" rel=\"noreferrer noopener\" aria-label=\" (wird in einem neuen Tab ge\u00f6ffnet)\">Zubereitungen und Ern\u00e4hrungsumstellungen, die mit unserem Psilohuasca einhergehen<\/a><\/p>\n<\/blockquote>\n\n<h2 class=\"wp-block-heading has-text-align-center\" id=\"nadeel-in-vergelijking-met-psilocybine\">Nachteil im Vergleich zu Psilocybin<\/h2>\n\n<p>Psilocybin-Zeremonien nutzen nicht die MAO-hemmenden Eigenschaften der Passionsblume (Passiflora incarnata). Ohne MAO-Hemmer gibt es weniger Kontraindikationen, und das ist der gr\u00f6\u00dfte Vorteil der Verwendung von Tr\u00fcffeln oder Pilzen ohne MAO-Hemmer. Das Risiko ist deutlich geringer.<\/p>\n\n<h2 class=\"wp-block-heading has-text-align-center\" id=\"voordelen-van-de-passiebloem\">Vorteile der Passionsblume<\/h2>\n\n<p>Der Vorteil der Passionsblume liegt darin, dass man anfangs weniger Pilze oder Tr\u00fcffel ben\u00f6tigt, um die gleiche Wirkung zu erzielen. Verglichen mit anderen g\u00e4ngigen MAO-Hemmern hat die Passionsblume eine deutlich mildere Wirkung, wodurch die Risiken geringer sind (Sicherheitsvorkehrungen sollten jedoch unbedingt beachtet werden). Zu den Vorteilen der Passionsblume geh\u00f6ren:<\/p>\n\n<ul class=\"wp-block-list\">\n<li>Beruhigende Wirkung<\/li>\n\n<li>Intensivere Reise (Reisestufe 5)<\/li>\n\n<li>L\u00e4ngere Reise (bis zu 8 Stunden)<\/li>\n\n<li>Klare Fahrt<\/li>\n\n<li>Weitere visuelle Reise<\/li>\n<\/ul>\n\n<p>\u00a0<\/p>\n\n<p>Neben der bewusstseinsverst\u00e4rkenden Wirkung bei psychedelischen Trips wird Passiflora incarnata mitunter auch ohne Psychedelika zur Behandlung von ADHS, Nervosit\u00e4t, Herz-Kreislauf-Erkrankungen, Parkinson, Krampfanf\u00e4llen, Muskelkr\u00e4mpfen, Hysterie, Bluthochdruck, PMS, Epilepsie, Hauterkrankungen, H\u00e4morrhoiden, Verbrennungen, Asthma, Keuchhusten, Bronchitis und Infektionen eingesetzt. Sie dient au\u00dferdem als Schmerzmittel bei vielen Beschwerden und wird bei Wechseljahresbeschwerden angewendet. Dar\u00fcber hinaus kann sie die Auswirkungen von Alkoholismus lindern, den Entzug erleichtern und wird auch bei Delirium tremens eingesetzt.<\/p>\n\n<blockquote class=\"wp-block-quote is-layout-flow wp-block-quote-is-layout-flow\"><\/blockquote>\n\n<h2 class=\"wp-block-heading has-text-align-center\" id=\"de-psilohuasca-ceremonie\">Die Psilohuasca-Zeremonie<\/h2>\n\n<p>Die meisten unserer Psilohuasca-Zeremonien sind individuell. Diese individuellen Zeremonien haben die gr\u00f6\u00dfte Wirkung, da wir einen personalisierten Ablaufplan erstellen. Wir begleiten die Teilnehmer nicht nur durch eine Psilohuasca-Zeremonie. Wir glauben, dass ein gesunder K\u00f6rper die Grundlage f\u00fcr psychische Gesundheit bildet. Deshalb setzen wir alles daran, alle Lebensbereiche zu ber\u00fccksichtigen und beraten unsere Klienten auch zu Ern\u00e4hrung, Bewegung und Nahrungserg\u00e4nzungsmitteln. Dieser ganzheitliche Ansatz f\u00fcr K\u00f6rper und Geist gew\u00e4hrleistet optimale Ergebnisse \u2013 sowohl kurz- als auch langfristig. F\u00fcr die meisten Klienten folgen wir in der Regel folgendem Plan:<\/p>\n\n<ol class=\"wp-block-list\">\n<li><a href=\"https:\/\/triptherapie.nl\/de\/aufnahmetherapie\/\">Anmeldung, Neurotransmittertest und Aufnahme<\/a><\/li>\n\n<li>Hinweise zu Ern\u00e4hrung, Bewegung und Nahrungserg\u00e4nzungsmitteln basierend auf Punkt 1<\/li>\n\n<li>Ein Zeitraum von 2-3 Wochen zur \u00dcberpr\u00fcfung der Fortschritte ab Punkt 2<\/li>\n\n<li>Eine individuelle Psilohuasca-Zeremonie (es sei denn, eine Gruppenzeremonie bietet zus\u00e4tzliche Vorteile oder wird bevorzugt)<\/li>\n\n<li>Nachbesprechung und Einblicke in die Reise am selben Tag<\/li>\n\n<li>Wir bleiben f\u00fcr 1 bis 2 Wochen in Kontakt, um die Erkenntnisse zu integrieren.<\/li>\n<\/ol>\n\n<h2 class=\"wp-block-heading has-text-align-center\" id=\"meerdere-personen-tegelijk\">Mehrere Personen gleichzeitig<\/h2>\n\n<p>In manchen F\u00e4llen ist auch eine Gruppenf\u00fchrung m\u00f6glich. Sollte die gemeinsame Teilnahme an einer Psilohuasca-Zeremonie von Vorteil sein, kann dies nach Absprache arrangiert werden. Wir bringen Sie niemals mit Fremden zusammen, sodass Sie Ihre eigene Gruppe bilden k\u00f6nnen. Gruppen d\u00fcrfen maximal vier Personen umfassen.<\/p>\n\n<h2 class=\"wp-block-heading has-text-align-center\" id=\"extras-tijdens-psilohuasca-ceremonie\">Statisten w\u00e4hrend der Psilohuasca-Zeremonie<\/h2>\n\n<p>Die Psilohuasca-Zeremonie beinhaltet folgende Extras, um das Erlebnis zu intensivieren:<\/p>\n\n<ul class=\"wp-block-list\">\n<li>Individuelle Begleitung bei einer Psilohuasca-Zeremonie<\/li>\n\n<li>Aromatherapie (w\u00e4hrend der Reise)<\/li>\n\n<li>Farbtherapie (w\u00e4hrend der Reise)<\/li>\n\n<li>Musikalische Unterst\u00fctzung<\/li>\n\n<li>NLP<\/li>\n<\/ul>\n\n<p><\/p>\t\t\t\t\t\t\t\t<\/div>\n\t\t\t\t\t<\/div>\n\t\t\t\t<\/div>\n\t\t<div class=\"elementor-element elementor-element-cdf2506 e-flex e-con-boxed e-con e-parent\" data-id=\"cdf2506\" data-element_type=\"container\" data-e-type=\"container\" data-settings=\"{&quot;background_background&quot;:&quot;gradient&quot;}\">\n\t\t\t\t\t<div class=\"e-con-inner\">\n\t\t\t\t<div class=\"elementor-element elementor-element-05c0546 elementor-cta--skin-classic elementor-animated-content elementor-bg-transform elementor-bg-transform-zoom-in elementor-widget elementor-widget-call-to-action\" data-id=\"05c0546\" data-element_type=\"widget\" data-e-type=\"widget\" data-widget_type=\"call-to-action.default\">\n\t\t\t\t\t\t\t<div class=\"elementor-cta\">\n\t\t\t\t\t<div class=\"elementor-cta__bg-wrapper\">\n\t\t\t\t<div class=\"elementor-cta__bg elementor-bg\" style=\"background-image: url(https:\/\/triptherapie.nl\/wp-content\/uploads\/2023\/09\/psychedelische-coach.jpg);\" role=\"img\" aria-label=\"Beziehungstherapie\"><\/div>\n\t\t\t\t<div class=\"elementor-cta__bg-overlay\"><\/div>\n\t\t\t<\/div>\n\t\t\t\t\t\t\t<div class=\"elementor-cta__content\">\n\t\t\t\t\n\t\t\t\t\t\t\t\t\t<h2 class=\"elementor-cta__title elementor-cta__content-item elementor-content-item\">\n\t\t\t\t\t\tStarten Sie die Ansaugung.\t\t\t\t\t<\/h2>\n\t\t\t\t\n\t\t\t\t\t\t\t\t\t<div class=\"elementor-cta__description elementor-cta__content-item elementor-content-item\">\n\t\t\t\t\t\tUm festzustellen, ob Sie sicher an einer psychedelischen Sitzung, beispielsweise mit Psilohuasca, teilnehmen k\u00f6nnen, bitten wir Sie zun\u00e4chst, den Anamnesebogen auszuf\u00fcllen. Anschlie\u00dfend pr\u00fcfen wir, ob Kontraindikationen vorliegen oder ob ein anderes Psychedelikum besser geeignet w\u00e4re.\t\t\t\t\t<\/div>\n\t\t\t\t\n\t\t\t\t\t\t\t\t\t<div class=\"elementor-cta__button-wrapper elementor-cta__content-item elementor-content-item\">\n\t\t\t\t\t<a class=\"elementor-cta__button elementor-button elementor-size-md\" href=\"https:\/\/triptherapie.nl\/de\/aufnahmetherapie\/\">\n\t\t\t\t\t\tAnsaugung starten\t\t\t\t\t<\/a>\n\t\t\t\t\t<\/div>\n\t\t\t\t\t\t\t<\/div>\n\t\t\t\t\t\t<\/div>\n\t\t\t\t\t\t<\/div>\n\t\t\t\t\t<\/div>\n\t\t\t\t<\/div>\n\t\t<div class=\"elementor-element elementor-element-622180c e-flex e-con-boxed e-con e-parent\" data-id=\"622180c\" data-element_type=\"container\" data-e-type=\"container\" data-settings=\"{&quot;background_background&quot;:&quot;classic&quot;}\">\n\t\t\t\t\t<div class=\"e-con-inner\">\n\t\t\t\t<div class=\"elementor-element elementor-element-f9531ce elementor-widget elementor-widget-heading\" data-id=\"f9531ce\" data-element_type=\"widget\" data-e-type=\"widget\" data-widget_type=\"heading.default\">\n\t\t\t\t\t<h2 class=\"elementor-heading-title elementor-size-default\" id=\"overzicht-psychedelica\">\u00dcberblick \u00fcber Psychedelika<\/h2>\t\t\t\t<\/div>\n\t\t<div class=\"elementor-element elementor-element-41b381e e-con-full e-flex e-con e-child\" data-id=\"41b381e\" data-element_type=\"container\" data-e-type=\"container\">\n\t\t\t\t<div class=\"elementor-element elementor-element-5696ecd elementor-grid-4 elementor-grid-tablet-3 elementor-posts--align-center elementor-grid-mobile-3 elementor-widget-mobile__width-inherit elementor-posts--thumbnail-top elementor-card-shadow-yes elementor-posts__hover-gradient elementor-widget elementor-widget-global elementor-global-53201 elementor-widget-posts\" data-id=\"5696ecd\" data-element_type=\"widget\" data-e-type=\"widget\" data-settings=\"{&quot;cards_columns&quot;:&quot;4&quot;,&quot;cards_columns_tablet&quot;:&quot;3&quot;,&quot;cards_row_gap&quot;:{&quot;unit&quot;:&quot;px&quot;,&quot;size&quot;:15,&quot;sizes&quot;:[]},&quot;cards_row_gap_mobile&quot;:{&quot;unit&quot;:&quot;px&quot;,&quot;size&quot;:1,&quot;sizes&quot;:[]},&quot;cards_columns_mobile&quot;:&quot;3&quot;,&quot;cards_row_gap_tablet&quot;:{&quot;unit&quot;:&quot;px&quot;,&quot;size&quot;:&quot;&quot;,&quot;sizes&quot;:[]}}\" data-widget_type=\"posts.cards\">\n\t\t\t\t<div class=\"elementor-widget-container\">\n\t\t\t\t\t\t\t<div class=\"elementor-posts-container elementor-posts elementor-posts--skin-cards elementor-grid\" role=\"list\">\n\t\t\t\t<article class=\"elementor-post elementor-grid-item post-43941 page type-page status-publish has-post-thumbnail hentry\" role=\"listitem\">\n\t\t\t<div class=\"elementor-post__card\">\n\t\t\t\t<a class=\"elementor-post__thumbnail__link\" href=\"https:\/\/triptherapie.nl\/de\/psychedelica\/ayahuasca\/\" tabindex=\"-1\" ><div class=\"elementor-post__thumbnail\"><img fetchpriority=\"high\" decoding=\"async\" width=\"300\" height=\"168\" src=\"https:\/\/triptherapie.nl\/wp-content\/uploads\/2023\/05\/DMT-300x168.png?wsr\" class=\"attachment-medium size-medium wp-image-42169\" alt=\"DMT-Molek\u00fcl (Ayahuasca)\" srcset=\"https:\/\/triptherapie.nl\/wp-content\/uploads\/2023\/05\/DMT-300x168.png 300w, https:\/\/triptherapie.nl\/wp-content\/uploads\/2023\/05\/DMT.png 667w\" sizes=\"(max-width: 300px) 100vw, 300px\" title=\"\"><\/div><\/a>\n\t\t\t\t<div class=\"elementor-post__text\">\n\t\t\t\t<h3 class=\"elementor-post__title\">\n\t\t\t<a href=\"https:\/\/triptherapie.nl\/de\/psychedelica\/ayahuasca\/\" >\n\t\t\t\tAyahuasca\t\t\t<\/a>\n\t\t<\/h3>\n\t\t\t\t<\/div>\n\t\t\t\t\t<\/div>\n\t\t<\/article>\n\t\t\t\t<article class=\"elementor-post elementor-grid-item post-53237 page type-page status-publish has-post-thumbnail hentry\" role=\"listitem\">\n\t\t\t<div class=\"elementor-post__card\">\n\t\t\t\t<a class=\"elementor-post__thumbnail__link\" href=\"https:\/\/triptherapie.nl\/de\/psychedelica\/ketamine-analoog\/\" tabindex=\"-1\" ><div class=\"elementor-post__thumbnail\"><img decoding=\"async\" width=\"300\" height=\"169\" src=\"https:\/\/triptherapie.nl\/wp-content\/uploads\/2025\/09\/Ketamine-300x169.png?wsr\" class=\"attachment-medium size-medium wp-image-53238\" alt=\"Ketaminmolek\u00fcl\" srcset=\"https:\/\/triptherapie.nl\/wp-content\/uploads\/2025\/09\/Ketamine-300x169.png 300w, https:\/\/triptherapie.nl\/wp-content\/uploads\/2025\/09\/Ketamine-1024x576.png 1024w, https:\/\/triptherapie.nl\/wp-content\/uploads\/2025\/09\/Ketamine-768x432.png 768w, https:\/\/triptherapie.nl\/wp-content\/uploads\/2025\/09\/Ketamine-1536x864.png 1536w, https:\/\/triptherapie.nl\/wp-content\/uploads\/2025\/09\/Ketamine-18x10.png 18w, https:\/\/triptherapie.nl\/wp-content\/uploads\/2025\/09\/Ketamine.png 1820w\" sizes=\"(max-width: 300px) 100vw, 300px\" title=\"\"><\/div><\/a>\n\t\t\t\t<div class=\"elementor-post__text\">\n\t\t\t\t<h3 class=\"elementor-post__title\">\n\t\t\t<a href=\"https:\/\/triptherapie.nl\/de\/psychedelica\/ketamine-analoog\/\" >\n\t\t\t\tKetamin-Analogon\t\t\t<\/a>\n\t\t<\/h3>\n\t\t\t\t<\/div>\n\t\t\t\t\t<\/div>\n\t\t<\/article>\n\t\t\t\t<article class=\"elementor-post elementor-grid-item post-53194 page type-page status-publish has-post-thumbnail hentry\" role=\"listitem\">\n\t\t\t<div class=\"elementor-post__card\">\n\t\t\t\t<a class=\"elementor-post__thumbnail__link\" href=\"https:\/\/triptherapie.nl\/de\/psychedelica\/lsd\/\" tabindex=\"-1\" ><div class=\"elementor-post__thumbnail\"><img decoding=\"async\" width=\"300\" height=\"169\" src=\"https:\/\/triptherapie.nl\/wp-content\/uploads\/2024\/03\/f4a0effa-6cec-4e7e-b3f2-a2b83ff16cbb-300x169.png?wsr\" class=\"attachment-medium size-medium wp-image-45323\" alt=\"LSD-Sitzung\" srcset=\"https:\/\/triptherapie.nl\/wp-content\/uploads\/2024\/03\/f4a0effa-6cec-4e7e-b3f2-a2b83ff16cbb-300x169.png 300w, https:\/\/triptherapie.nl\/wp-content\/uploads\/2024\/03\/f4a0effa-6cec-4e7e-b3f2-a2b83ff16cbb-768x432.png 768w, https:\/\/triptherapie.nl\/wp-content\/uploads\/2024\/03\/f4a0effa-6cec-4e7e-b3f2-a2b83ff16cbb-18x10.png 18w, https:\/\/triptherapie.nl\/wp-content\/uploads\/2024\/03\/f4a0effa-6cec-4e7e-b3f2-a2b83ff16cbb.png 1024w\" sizes=\"(max-width: 300px) 100vw, 300px\" title=\"\"><\/div><\/a>\n\t\t\t\t<div class=\"elementor-post__text\">\n\t\t\t\t<h3 class=\"elementor-post__title\">\n\t\t\t<a href=\"https:\/\/triptherapie.nl\/de\/psychedelica\/lsd\/\" >\n\t\t\t\tLSD\t\t\t<\/a>\n\t\t<\/h3>\n\t\t\t\t<\/div>\n\t\t\t\t\t<\/div>\n\t\t<\/article>\n\t\t\t\t<article class=\"elementor-post elementor-grid-item post-42918 page type-page status-publish has-post-thumbnail hentry\" role=\"listitem\">\n\t\t\t<div class=\"elementor-post__card\">\n\t\t\t\t<a class=\"elementor-post__thumbnail__link\" href=\"https:\/\/triptherapie.nl\/de\/psychedelica\/mdma-analogon\/\" tabindex=\"-1\" ><div class=\"elementor-post__thumbnail\"><img loading=\"lazy\" decoding=\"async\" width=\"300\" height=\"169\" src=\"https:\/\/triptherapie.nl\/wp-content\/uploads\/2024\/05\/3fe8b4ef-68d7-4a95-9f1e-308874210ee1-300x169.png?wsr\" class=\"attachment-medium size-medium wp-image-46210\" alt=\"MDMA-Therapie mit einem Therapeuten\" srcset=\"https:\/\/triptherapie.nl\/wp-content\/uploads\/2024\/05\/3fe8b4ef-68d7-4a95-9f1e-308874210ee1-300x169.png 300w, https:\/\/triptherapie.nl\/wp-content\/uploads\/2024\/05\/3fe8b4ef-68d7-4a95-9f1e-308874210ee1-1024x576.png 1024w, https:\/\/triptherapie.nl\/wp-content\/uploads\/2024\/05\/3fe8b4ef-68d7-4a95-9f1e-308874210ee1-768x432.png 768w, https:\/\/triptherapie.nl\/wp-content\/uploads\/2024\/05\/3fe8b4ef-68d7-4a95-9f1e-308874210ee1-18x10.png 18w, https:\/\/triptherapie.nl\/wp-content\/uploads\/2024\/05\/3fe8b4ef-68d7-4a95-9f1e-308874210ee1.png 1280w\" sizes=\"(max-width: 300px) 100vw, 300px\" title=\"\"><\/div><\/a>\n\t\t\t\t<div class=\"elementor-post__text\">\n\t\t\t\t<h3 class=\"elementor-post__title\">\n\t\t\t<a href=\"https:\/\/triptherapie.nl\/de\/psychedelica\/mdma-analogon\/\" >\n\t\t\t\tMDMA-Analogon\t\t\t<\/a>\n\t\t<\/h3>\n\t\t\t\t<\/div>\n\t\t\t\t\t<\/div>\n\t\t<\/article>\n\t\t\t\t<article class=\"elementor-post elementor-grid-item post-43915 page type-page status-publish has-post-thumbnail hentry\" role=\"listitem\">\n\t\t\t<div class=\"elementor-post__card\">\n\t\t\t\t<a class=\"elementor-post__thumbnail__link\" href=\"https:\/\/triptherapie.nl\/de\/psychedelica\/psilocybine\/\" tabindex=\"-1\" ><div class=\"elementor-post__thumbnail\"><img loading=\"lazy\" decoding=\"async\" width=\"300\" height=\"164\" src=\"https:\/\/triptherapie.nl\/wp-content\/uploads\/2023\/05\/Psilocybine_molecuul-zonder-bg-300x164.png?wsr\" class=\"attachment-medium size-medium wp-image-42204\" alt=\"Psilocybin-Therapie\" srcset=\"https:\/\/triptherapie.nl\/wp-content\/uploads\/2023\/05\/Psilocybine_molecuul-zonder-bg-300x164.png 300w, https:\/\/triptherapie.nl\/wp-content\/uploads\/2023\/05\/Psilocybine_molecuul-zonder-bg.png 562w\" sizes=\"(max-width: 300px) 100vw, 300px\" title=\"\"><\/div><\/a>\n\t\t\t\t<div class=\"elementor-post__text\">\n\t\t\t\t<h3 class=\"elementor-post__title\">\n\t\t\t<a href=\"https:\/\/triptherapie.nl\/de\/psychedelica\/psilocybine\/\" >\n\t\t\t\tPsilocybin\t\t\t<\/a>\n\t\t<\/h3>\n\t\t\t\t<\/div>\n\t\t\t\t\t<\/div>\n\t\t<\/article>\n\t\t\t\t<article class=\"elementor-post elementor-grid-item post-2537 page type-page status-publish has-post-thumbnail hentry\" role=\"listitem\">\n\t\t\t<div class=\"elementor-post__card\">\n\t\t\t\t<a class=\"elementor-post__thumbnail__link\" href=\"https:\/\/triptherapie.nl\/de\/psychedelica\/psilohuasca\/\" tabindex=\"-1\" ><div class=\"elementor-post__thumbnail\"><img loading=\"lazy\" decoding=\"async\" width=\"300\" height=\"226\" src=\"https:\/\/triptherapie.nl\/wp-content\/uploads\/2025\/09\/Psilohuasca-caapi-300x226.png?wsr\" class=\"attachment-medium size-medium wp-image-53176\" alt=\"Psilohuasca-Kombination: Psilocybin und Caapi\" srcset=\"https:\/\/triptherapie.nl\/wp-content\/uploads\/2025\/09\/Psilohuasca-caapi-300x226.png 300w, https:\/\/triptherapie.nl\/wp-content\/uploads\/2025\/09\/Psilohuasca-caapi-1024x770.png 1024w, https:\/\/triptherapie.nl\/wp-content\/uploads\/2025\/09\/Psilohuasca-caapi-768x578.png 768w, https:\/\/triptherapie.nl\/wp-content\/uploads\/2025\/09\/Psilohuasca-caapi-16x12.png 16w, https:\/\/triptherapie.nl\/wp-content\/uploads\/2025\/09\/Psilohuasca-caapi.avif 1384w\" sizes=\"(max-width: 300px) 100vw, 300px\" title=\"\"><\/div><\/a>\n\t\t\t\t<div class=\"elementor-post__text\">\n\t\t\t\t<h3 class=\"elementor-post__title\">\n\t\t\t<a href=\"https:\/\/triptherapie.nl\/de\/psychedelica\/psilohuasca\/\" >\n\t\t\t\tPsilohuasca\t\t\t<\/a>\n\t\t<\/h3>\n\t\t\t\t<\/div>\n\t\t\t\t\t<\/div>\n\t\t<\/article>\n\t\t\t\t<\/div>\n\t\t\n\t\t\t\t\t\t<\/div>\n\t\t\t\t<\/div>\n\t\t\t\t<\/div>\n\t\t\t\t\t<\/div>\n\t\t\t\t<\/div>\n\t\t\t\t<\/div>","protected":false},"excerpt":{"rendered":"<p>Entdecken Sie Psilohuasca, eine einzigartige Kombination aus Psilocybin und der beruhigenden Passionsblume, die ein tieferes und klareres psychedelisches Erlebnis erm\u00f6glicht. Im Gegensatz zu herk\u00f6mmlichen MAO-Hemmern steht bei uns Ihre Gesundheit und Sicherheit an erster Stelle. <\/p>","protected":false},"author":3124,"featured_media":53176,"parent":53142,"menu_order":0,"comment_status":"closed","ping_status":"closed","template":"","meta":{"footnotes":""},"class_list":["post-2537","page","type-page","status-publish","has-post-thumbnail","hentry"],"_links":{"self":[{"href":"https:\/\/triptherapie.nl\/de\/wp-json\/wp\/v2\/pages\/2537","targetHints":{"allow":["GET"]}}],"collection":[{"href":"https:\/\/triptherapie.nl\/de\/wp-json\/wp\/v2\/pages"}],"about":[{"href":"https:\/\/triptherapie.nl\/de\/wp-json\/wp\/v2\/types\/page"}],"author":[{"embeddable":true,"href":"https:\/\/triptherapie.nl\/de\/wp-json\/wp\/v2\/users\/3124"}],"replies":[{"embeddable":true,"href":"https:\/\/triptherapie.nl\/de\/wp-json\/wp\/v2\/comments?post=2537"}],"version-history":[{"count":0,"href":"https:\/\/triptherapie.nl\/de\/wp-json\/wp\/v2\/pages\/2537\/revisions"}],"up":[{"embeddable":true,"href":"https:\/\/triptherapie.nl\/de\/wp-json\/wp\/v2\/pages\/53142"}],"wp:featuredmedia":[{"embeddable":true,"href":"https:\/\/triptherapie.nl\/de\/wp-json\/wp\/v2\/media\/53176"}],"wp:attachment":[{"href":"https:\/\/triptherapie.nl\/de\/wp-json\/wp\/v2\/media?parent=2537"}],"curies":[{"name":"wp","href":"https:\/\/api.w.org\/{rel}","templated":true}]}}