{"id":41633,"date":"2023-04-14T13:42:07","date_gmt":"2023-04-14T11:42:07","guid":{"rendered":"https:\/\/triptherapie.nl\/?page_id=41633"},"modified":"2023-06-23T08:08:29","modified_gmt":"2023-06-23T06:08:29","slug":"psychedelische-zeremonien","status":"publish","type":"page","link":"https:\/\/triptherapie.nl\/de\/psychedelische-ceremonies\/","title":{"rendered":"Psychedelische Zeremonien"},"content":{"rendered":"<h2 class=\"wp-block-heading has-text-align-center\" id=\"open-of-besloten-ceremonie-met-psychedelica\">Offene oder geschlossene Zeremonie mit Psychedelika?<\/h2>\n\n\n\n<div class=\"wp-block-columns is-layout-flex wp-container-core-columns-is-layout-28f84493 wp-block-columns-is-layout-flex\">\n<div class=\"wp-block-column is-layout-flow wp-block-column-is-layout-flow\">\n<p>Bei Triptherapie kannst du monatlich an einer offenen psychedelischen Zeremonie teilnehmen, zum Beispiel an einer Tr\u00fcffelzeremonie (Psilocybin), einer Psiloflora-Zeremonie oder einer MDMA-Gruppensitzung. An diesen Zeremonien nehmen auch andere, dir unbekannte Personen teil. Alternativ kannst du auch deine eigene Gruppe gr\u00fcnden und das Abenteuer mit Bekannten erleben. <\/p>\n\n\n\n<p>Auf dieser Seite erl\u00e4utern wir, was uns bei der Organisation einer Gruppenzeremonie wichtig ist. Am Ende der Seite listen wir die Vor- und Nachteile offener und privater Zeremonien auf, damit Sie besser entscheiden k\u00f6nnen, welche Zeremonieform Ihren Bed\u00fcrfnissen am besten entspricht.<\/p>\n<\/div>\n\n\n\n<div class=\"wp-block-column is-layout-flow wp-block-column-is-layout-flow\">\n<div class=\"wp-block-columns is-layout-flex wp-container-core-columns-is-layout-28f84493 wp-block-columns-is-layout-flex\">\n<div class=\"wp-block-column is-layout-flow wp-block-column-is-layout-flow\">\n<figure class=\"wp-block-image size-full\"><img fetchpriority=\"high\" decoding=\"async\" width=\"562\" height=\"308\" src=\"https:\/\/triptherapie.nl\/wp-content\/uploads\/2023\/03\/Psilocybine-molecuul-oranje-bruin-black-background.png\" alt=\"\" class=\"wp-image-40978\" title=\"\" srcset=\"https:\/\/triptherapie.nl\/wp-content\/uploads\/2023\/03\/Psilocybine-molecuul-oranje-bruin-black-background.png 562w, https:\/\/triptherapie.nl\/wp-content\/uploads\/2023\/03\/Psilocybine-molecuul-oranje-bruin-black-background-300x164.png 300w\" sizes=\"(max-width: 562px) 100vw, 562px\" \/><\/figure>\n\n\n\n<h3 class=\"wp-block-heading has-text-align-center\" id=\"psilocybine\"><a href=\"https:\/\/triptherapie.nl\/de\/truffelzeremonie-2\/\">Psilocybin<\/a><\/h3>\n<\/div>\n\n\n\n<div class=\"wp-block-column is-layout-flow wp-block-column-is-layout-flow\">\n<figure class=\"wp-block-image size-large\"><img decoding=\"async\" width=\"1024\" height=\"576\" src=\"https:\/\/triptherapie.nl\/wp-content\/uploads\/2023\/03\/MDMA-molecuul-rood-1024x576.png\" alt=\"\" class=\"wp-image-40979\" title=\"\" srcset=\"https:\/\/triptherapie.nl\/wp-content\/uploads\/2023\/03\/MDMA-molecuul-rood-1024x576.png 1024w, https:\/\/triptherapie.nl\/wp-content\/uploads\/2023\/03\/MDMA-molecuul-rood-300x169.png 300w, https:\/\/triptherapie.nl\/wp-content\/uploads\/2023\/03\/MDMA-molecuul-rood-768x432.png 768w, https:\/\/triptherapie.nl\/wp-content\/uploads\/2023\/03\/MDMA-molecuul-rood.png 1280w\" sizes=\"(max-width: 1024px) 100vw, 1024px\" \/><\/figure>\n\n\n\n<h3 class=\"wp-block-heading has-text-align-center\" id=\"mdma\"><a href=\"https:\/\/triptherapie.nl\/de\/mdma-zeremonie\/\">MDMA<\/a><\/h3>\n<\/div>\n<\/div>\n<\/div>\n<\/div>\n\n\n\n<p><\/p>\n\n\n\n<h2 class=\"wp-block-heading has-text-align-center\" id=\"wat-wij-belangrijk-vinden-bij-psychedelische-groepsceremonies\">Was wir bei psychedelischen Gruppenzeremonien f\u00fcr wichtig halten<\/h2>\n\n\n\n<p>Physische Sicherheit hat oberste Priorit\u00e4t, gefolgt von den Ergebnissen der psychedelischen Zeremonien. Drittens m\u00f6chten wir, dass jeder eine wundervolle Erfahrung macht und sich bei Bedarf geh\u00f6rt f\u00fchlt. Um die Wahrscheinlichkeit einer wertvollen Erfahrung zu erh\u00f6hen, sind Aufmerksamkeit und Vorbereitung notwendig. Hier ist eine Zusammenfassung dessen, was uns wichtig ist und wie wir arbeiten:<\/p>\n\n\n\n<ul class=\"wp-block-list\">\n<li><strong>Sicherheit<\/strong>Obwohl Tr\u00fcffel als die sichersten bekannten pflanzlichen Heilmittel gelten, sind gef\u00e4hrliche Wechselwirkungen mit bestimmten Medikamenten m\u00f6glich. Auch manche Erkrankungen sind mit Psychedelika unvertr\u00e4glich. Um unsichere Wechselwirkungen zu vermeiden, f\u00fchren wir bei unseren Teilnehmern ein Vorgespr\u00e4ch.<\/li>\n\n\n\n<li><strong>Gesundheit<\/strong>Wir nutzen die erhobenen Daten auch, um Bereiche f\u00fcr ein ges\u00fcnderes Leben zu identifizieren. Wir entwickeln personalisierte Empfehlungen zur F\u00f6rderung der k\u00f6rperlichen Gesundheit.<\/li>\n\n\n\n<li><strong>Neurochemie<\/strong>Die Neurotransmitter im Gehirn bestimmen Ihre Stimmung und wie gut ein psychedelischer Trip verl\u00e4uft. Unsere individuelle Beratung beinhaltet auch Tipps zum Ausgleich Ihrer Neurochemie.<\/li>\n\n\n\n<li><strong>Vorbereitung<\/strong>Abschlie\u00dfend erhalten Sie, basierend auf dem Vorgespr\u00e4ch, Hausaufgaben, wie zum Beispiel B\u00fccher zu lesen oder Filme anzusehen. Die Informationen, die Sie bewusst oder unbewusst speichern, k\u00f6nnen w\u00e4hrend der Zeremonie aktiviert werden und sich zu einer neuen Erkenntnis oder L\u00f6sung entwickeln.<\/li>\n\n\n\n<li><strong>Themenzeremonie<\/strong>Wir geben jeder offenen psychedelischen Zeremonie ein \u00fcbergeordnetes Thema, das Sie nach Ihren W\u00fcnschen gestalten k\u00f6nnen. Das Zeremonienthema bietet zudem Raum f\u00fcr Gespr\u00e4che w\u00e4hrend der Vorbereitungsphase und f\u00fcr die Einf\u00fchrung am Tag der Zeremonie.<\/li>\n\n\n\n<li><strong>Gruppengr\u00f6\u00dfe<\/strong>Wir sind \u00fcberzeugt, dass die Gruppengr\u00f6\u00dfe weder zu gro\u00df noch zu klein sein sollte. Die besten Ergebnisse erzielen wir mit Gruppen von 3 bis 8 Teilnehmern, da dies ein Gemeinschaftsgef\u00fchl schafft, ohne dass man sich als einer von vielen f\u00fchlt.<\/li>\n\n\n\n<li><strong>Pers\u00f6nlicher Raum<\/strong>An den Orten, an denen wir die psychedelischen Zeremonien organisieren, gibt es immer einen gemeinsamen Raum f\u00fcr die Gruppe, aber wir sorgen auch daf\u00fcr, dass man sich bei Bedarf in einen eigenen Bereich zur\u00fcckziehen kann.<\/li>\n\n\n\n<li><strong>Begleitung<\/strong>Erfahrene Reiseleitung sorgt f\u00fcr Sicherheit und Vertrauen. Wir garantieren, dass mindestens ein Guide \u00fcber mindestens zwei Jahre Erfahrung verf\u00fcgt. Zudem achten wir darauf, dass mindestens ein Guide f\u00fcr jeweils vier Teilnehmer zur Verf\u00fcgung steht. So stellen wir sicher, dass jeder die n\u00f6tige Aufmerksamkeit erh\u00e4lt.<\/li>\n\n\n\n<li><strong>Dosierung<\/strong>Da uns das Ergebnis wichtig ist, m\u00f6chten wir stets ein bedeutungsvolles Erlebnis schaffen. Bei unseren Tr\u00fcffel- und Psiloflora-Zeremonien bieten wir daher in der ersten Stunde eine zus\u00e4tzliche Dosis an, falls wir dies f\u00fcr notwendig erachten. So stellen wir sicher, dass die Wirkung weder zu stark noch zu schwach ist.<\/li>\n<\/ul>\n\n\n\n<div class=\"wp-block-columns is-layout-flex wp-container-core-columns-is-layout-28f84493 wp-block-columns-is-layout-flex\">\n<div class=\"wp-block-column is-layout-flow wp-block-column-is-layout-flow\">\n<ul class=\"wp-block-list\">\n<li><strong>Musik<\/strong>Die Musik kann dich in die emotionalen Gefilde f\u00fchren, die du brauchst, um loszulassen und zu wachsen. In den intensiveren Sessions kannst du ganz in der Musik aufgehen, weshalb wir der Playlist gro\u00dfe Bedeutung beimessen. Wir haben mehrere Playlists, die wir individuell auf die Bed\u00fcrfnisse der Teilnehmer abstimmen.<\/li>\n\n\n\n<li><strong>Selbstbeobachtung<\/strong>Selbst bei psychedelischen Gruppenzeremonien besteht das Ziel darin, sich nach innen zu wenden und w\u00e4hrend des H\u00f6hepunkts der Tr\u00fcffelwirkung eine pers\u00f6nliche Reise anzutreten. Diese Selbstreflexion ist der wichtigste Teil der Zeremonie, und wir planen daf\u00fcr \u00fcblicherweise zwei bis vier Stunden ein.<\/li>\n\n\n\n<li><strong>Spa\u00df und Erlebnis<\/strong>Psychedelische Zeremonien k\u00f6nnen sowohl ein wundersch\u00f6nes, spielerisches als auch ein ernstes Erlebnis sein.<\/li>\n\n\n\n<li><strong>Essen und Trinken<\/strong>Das Essen, das wir nach der Er\u00f6ffnungsfeier anbieten, soll unserer Botschaft entsprechen: nat\u00fcrlich und gesund. Mit unseren gesunden Speisen m\u00f6chten wir Ihnen zeigen, wie lecker und gesund zugleich sein k\u00f6nnen und Sie dazu inspirieren, dieses Ziel weiterhin zu verfolgen.<\/li>\n\n\n\n<li><strong>Integration<\/strong>Wir nehmen uns direkt nach der Zeremonie Zeit f\u00fcr ein Nachgespr\u00e4ch, aber auch einige Tage sp\u00e4ter telefonisch. Wir helfen Ihnen dabei, die Erkenntnisse Ihrer Tr\u00fcffelzeremonie in Ihren Alltag zu integrieren.<\/li>\n<\/ul>\n<\/div>\n\n\n\n<div class=\"wp-block-column is-layout-flow wp-block-column-is-layout-flow\">\n<figure class=\"wp-block-image size-full\"><img decoding=\"async\" width=\"1024\" height=\"792\" src=\"https:\/\/triptherapie.nl\/wp-content\/uploads\/2023\/04\/psilocybine-ceremonie-en-muziek.jpg\" alt=\"Psychedelische Zeremonie\" class=\"wp-image-41811\" title=\"\" srcset=\"https:\/\/triptherapie.nl\/wp-content\/uploads\/2023\/04\/psilocybine-ceremonie-en-muziek.jpg 1024w, https:\/\/triptherapie.nl\/wp-content\/uploads\/2023\/04\/psilocybine-ceremonie-en-muziek-300x232.jpg 300w, https:\/\/triptherapie.nl\/wp-content\/uploads\/2023\/04\/psilocybine-ceremonie-en-muziek-768x594.jpg 768w\" sizes=\"(max-width: 1024px) 100vw, 1024px\" \/><\/figure>\n<\/div>\n<\/div>\n\n\n\n<h2 class=\"wp-block-heading has-text-align-center\" id=\"de-keuze-maken-tussen-een-open-of-besloten-ceremonie\">Wahl zwischen einer offenen oder privaten Zeremonie<\/h2>\n\n\n\n<p>Psychedelische Sitzungen und Zeremonien wirken am besten, wenn man sich w\u00e4hrend des H\u00f6hepunkts der psychedelischen Wirkung ganz dem Erlebnis hingeben kann. Wenn das am besten mit vertrauten Personen funktioniert, ist eine private Zeremonie die bessere Wahl. Wer hingegen das Gemeinschaftsgef\u00fchl sch\u00e4tzt, aber den Kontakt zu diesen Personen im realen Leben vermeiden m\u00f6chte, findet in einer offenen Gruppe mehr M\u00f6glichkeiten. \u00dcberlegen Sie sich also gut, was Ihnen lieber ist.<\/p>\n\n\n\n<div class=\"wp-block-columns is-layout-flex wp-container-core-columns-is-layout-28f84493 wp-block-columns-is-layout-flex\">\n<div class=\"wp-block-column is-layout-flow wp-block-column-is-layout-flow\">\n<h3 class=\"wp-block-heading has-text-align-center\" id=\"open-psychedelische-ceremonie\">Offene psychedelische Zeremonie<\/h3>\n\n\n\n<p>Wir veranstalten monatlich offene psychedelische Zeremonien an unseren eigenen Standorten. Jede Zeremonie hat ihr eigenes Thema, und wir begrenzen die Gruppengr\u00f6\u00dfe bei den Psiloflora- und Tr\u00fcffelzeremonien auf acht Teilnehmer. Die MDMA-Gruppensitzungen sind auf maximal sechs Teilnehmer begrenzt. Offene Zeremonien sind eine hervorragende M\u00f6glichkeit, neue, gleichgesinnte Menschen kennenzulernen und im Vergleich zu Einzelsitzungen Geld zu sparen. Erfahren Sie mehr \u00fcber offene Zeremonien \u00fcber den Button unten:<\/p>\n\n\n\n<div class=\"wp-block-buttons is-content-justification-center is-layout-flex wp-container-core-buttons-is-layout-a89b3969 wp-block-buttons-is-layout-flex\">\n<div class=\"wp-block-button has-custom-font-size\" style=\"font-size:15px\"><a class=\"wp-block-button__link has-background wp-element-button\" href=\"https:\/\/triptherapie.nl\/de\/offene-psychedelische-gruppenzeremonie\/\" style=\"border-radius:5px;background-color:#b20091\">Offene psychedelische Zeremonie<\/a><\/div>\n<\/div>\n\n\n\n<p><\/p>\n\n\n\n<p><\/p>\n<\/div>\n\n\n\n<div class=\"wp-block-column is-layout-flow wp-block-column-is-layout-flow\">\n<h3 class=\"wp-block-heading has-text-align-center\" id=\"besloten-psychedelische-ceremonie\">Private psychedelische Zeremonie<\/h3>\n\n\n\n<p>Zu den Vorteilen einer privaten Zeremonie geh\u00f6ren die freie Wahl der Gruppe, der Teilnehmerzahl, des Ortes, des Themas und des Ablaufs. Eine private Zeremonie ist somit ein individueller Service, bei dem wir die W\u00fcnsche und Absichten der Gruppe ber\u00fccksichtigen. Alle Psychedelika, die Sie f\u00fcr eine Einzelsitzung w\u00e4hlen k\u00f6nnen, stehen auch f\u00fcr private Zeremonien zur Verf\u00fcgung. Weitere Informationen zu privaten Zeremonien finden Sie unter folgendem Link:<\/p>\n\n\n\n<div class=\"wp-block-buttons is-content-justification-center is-layout-flex wp-container-core-buttons-is-layout-a89b3969 wp-block-buttons-is-layout-flex\">\n<div class=\"wp-block-button has-custom-font-size\" style=\"font-size:15px\"><a class=\"wp-block-button__link has-background wp-element-button\" href=\"https:\/\/triptherapie.nl\/de\/private-psychedelische-zeremonie\/\" style=\"border-radius:5px;background-color:#b20091\">Private psychedelische Zeremonie<\/a><\/div>\n<\/div>\n<\/div>\n<\/div>","protected":false},"excerpt":{"rendered":"<p>Open of besloten ceremonie met psychedelica? Bij Triptherapie bestaat de mogelijkheid om maandelijks deel te nemen aan een open psychedelische ceremonie waarbij je deelneemt aan een truffel ceremonie (psilocybine), psiloflora ceremonie of een MDMA groepssessie. Bij deze ceremonies neem je deel samen met andere onbekende personen. Een andere mogelijkheid is om zelf een groep samen [&hellip;]<\/p>\n","protected":false},"author":1,"featured_media":0,"parent":0,"menu_order":0,"comment_status":"closed","ping_status":"closed","template":"","meta":{"footnotes":""},"class_list":["post-41633","page","type-page","status-publish","hentry"],"_links":{"self":[{"href":"https:\/\/triptherapie.nl\/de\/wp-json\/wp\/v2\/pages\/41633","targetHints":{"allow":["GET"]}}],"collection":[{"href":"https:\/\/triptherapie.nl\/de\/wp-json\/wp\/v2\/pages"}],"about":[{"href":"https:\/\/triptherapie.nl\/de\/wp-json\/wp\/v2\/types\/page"}],"author":[{"embeddable":true,"href":"https:\/\/triptherapie.nl\/de\/wp-json\/wp\/v2\/users\/1"}],"replies":[{"embeddable":true,"href":"https:\/\/triptherapie.nl\/de\/wp-json\/wp\/v2\/comments?post=41633"}],"version-history":[{"count":0,"href":"https:\/\/triptherapie.nl\/de\/wp-json\/wp\/v2\/pages\/41633\/revisions"}],"wp:attachment":[{"href":"https:\/\/triptherapie.nl\/de\/wp-json\/wp\/v2\/media?parent=41633"}],"curies":[{"name":"wp","href":"https:\/\/api.w.org\/{rel}","templated":true}]}}