{"id":41648,"date":"2023-04-14T14:18:16","date_gmt":"2023-04-14T12:18:16","guid":{"rendered":"https:\/\/triptherapie.nl\/?page_id=41648"},"modified":"2023-05-24T19:24:29","modified_gmt":"2023-05-24T17:24:29","slug":"private-psychedelische-zeremonie","status":"publish","type":"page","link":"https:\/\/triptherapie.nl\/de\/besloten-psychedelische-ceremonie\/","title":{"rendered":"Private psychedelische Zeremonie"},"content":{"rendered":"<h2 class=\"wp-block-heading has-text-align-center\" id=\"de-besloten-psychedelische-ceremonie\">Die private psychedelische Zeremonie<\/h2>\n\n\n\n<p>Die Teilnahme an einer psychedelischen Zeremonie in der eigenen Gruppe kann ein wundersch\u00f6nes Erlebnis sein. Bevor Sie Reservierungen und Pl\u00e4ne f\u00fcr sich und Ihre Freunde, Bekannten, Kollegen oder Familie vornehmen, sollten Sie sich unbedingt \u00fcber m\u00f6gliche Kontraindikationen informieren. Eine \u00dcbersicht dieser Kontraindikationen finden Sie auf der Anmeldeseite.<\/p>\n\n\n\n<div class=\"wp-block-buttons is-content-justification-center is-layout-flex wp-container-core-buttons-is-layout-a89b3969 wp-block-buttons-is-layout-flex\">\n<div class=\"wp-block-button has-custom-font-size\" style=\"font-size:15px\"><a class=\"wp-block-button__link has-background wp-element-button\" href=\"https:\/\/triptherapie.nl\/de\/aufnahmetherapie\/\" style=\"border-radius:5px;background-color:#b20091\" target=\"_blank\" rel=\"noreferrer noopener\">Einnahme und Gegenanzeigen<\/a><\/div>\n<\/div>\n\n\n\n<h2 class=\"wp-block-heading has-text-align-center\" id=\"jouw-wensen-kenbaar-maken\">Teilen Sie Ihre W\u00fcnsche mit.<\/h2>\n\n\n\n<p>Entscheidet selbst, mit wem, wo und wie ihr eine psychedelische Zeremonie erleben m\u00f6chtet. Private Zeremonien bieten viele M\u00f6glichkeiten. Triptherapie unterst\u00fctzt euch gerne bei der Organisation. Da es so viele Entscheidungen zu treffen gibt, ist es hilfreich, sich im Vorfeld Gedanken \u00fcber die Antworten auf die folgenden Fragen zu machen.<\/p>\n\n\n\n<div class=\"wp-block-columns is-layout-flex wp-container-core-columns-is-layout-28f84493 wp-block-columns-is-layout-flex\">\n<div class=\"wp-block-column is-layout-flow wp-block-column-is-layout-flow\">\n<h3 class=\"wp-block-heading has-text-align-center\" id=\"wie\">WHO?<\/h3>\n\n\n\n<p>Mit wie vielen Personen m\u00f6chten Sie dieses Abenteuer erleben und wen m\u00f6chten Sie begleiten? Die ideale Gruppengr\u00f6\u00dfe betr\u00e4gt sechs Personen. Wir empfehlen mindestens eine Begleitperson pro drei Teilnehmer.<\/p>\n<\/div>\n\n\n\n<div class=\"wp-block-column is-layout-flow wp-block-column-is-layout-flow\">\n<h3 class=\"wp-block-heading has-text-align-center\" id=\"wat\">Was?<\/h3>\n\n\n\n<p>Welche Psychedelika bevorzugen Sie? Wir beraten Sie gerne zu Optionen wie LSD, Psilocybin, Psiloflora oder MDMA. Auch die Dosierung spielt eine Rolle.<\/p>\n<\/div>\n<\/div>\n\n\n\n<div class=\"wp-block-columns is-layout-flex wp-container-core-columns-is-layout-28f84493 wp-block-columns-is-layout-flex\">\n<div class=\"wp-block-column is-layout-flow wp-block-column-is-layout-flow\">\n<h3 class=\"wp-block-heading has-text-align-center\" id=\"waar\">Wo?<\/h3>\n\n\n\n<p>M\u00f6chten Sie unsere Unterkunft in Orten wie Schiedam nutzen oder lieber ein Ferienhaus in der Natur mieten? Sie k\u00f6nnen auch Ihr eigenes Zuhause nutzen. Bevorzugen Sie eine naturnahe Umgebung oder ist das auch in Ordnung?<\/p>\n<\/div>\n\n\n\n<div class=\"wp-block-column is-layout-flow wp-block-column-is-layout-flow\">\n<h3 class=\"wp-block-heading has-text-align-center\" id=\"wanneer\">Wann?<\/h3>\n\n\n\n<p>Unser Standort in Schiedam ist aufgrund anderer Buchungen nur begrenzt verf\u00fcgbar. Wir m\u00fcssen au\u00dferdem die Verf\u00fcgbarkeit unserer Guides pr\u00fcfen. Bei Interesse teilen Sie uns bitte Ihren Wunschtermin mit.<\/p>\n<\/div>\n<\/div>\n\n\n\n<div class=\"wp-block-columns is-layout-flex wp-container-core-columns-is-layout-28f84493 wp-block-columns-is-layout-flex\">\n<div class=\"wp-block-column is-layout-flow wp-block-column-is-layout-flow\">\n<h3 class=\"wp-block-heading has-text-align-center\" id=\"waarom\">Warum?<\/h3>\n\n\n\n<p>Gibt es einen bestimmten Grund f\u00fcr Ihre Teilnahme? Soll die Zeremonie einen therapeutischen oder spirituellen Zweck erf\u00fcllen? Geht es darum, Erfahrungen zu sammeln oder die Kreativit\u00e4t anzuregen? Was auch immer Ihr Grund ist, wir unterst\u00fctzen Sie mit der passenden Vorbereitung. <\/p>\n<\/div>\n\n\n\n<div class=\"wp-block-column is-layout-flow wp-block-column-is-layout-flow\">\n<h3 class=\"wp-block-heading has-text-align-center\" id=\"contact\">Kontakt<\/h3>\n\n\n\n<p>Nehmen Sie Kontakt mit uns auf und teilen Sie uns Ihre W\u00fcnsche mit. Nutzen Sie das Kontaktformular und schildern Sie uns Ihre Pl\u00e4ne. <\/p>\n<\/div>\n<\/div>\n\n\n\n<p><\/p>\n\n\n\n<div class=\"wp-block-buttons is-content-justification-center is-layout-flex wp-container-core-buttons-is-layout-a89b3969 wp-block-buttons-is-layout-flex\">\n<div class=\"wp-block-button has-custom-font-size\" style=\"font-size:15px\"><a class=\"wp-block-button__link has-background wp-element-button\" href=\"https:\/\/triptherapie.nl\/de\/kontakt\/\" style=\"border-radius:5px;background-color:#b20091\">Kontakt<\/a><\/div>\n<\/div>","protected":false},"excerpt":{"rendered":"<p>De besloten psychedelische ceremonie Met je zelf samengestelde groep de psychedelische ceremonie ondergaan kan een mooie ervaring zijn. Voordat je een reservering en plannen maakt voor jou en je vrienden, kennissen, collega&#8217;s, familie kan je het beste eerst controleren of er geen contra-indicaties zijn. Een overzicht van deze contra-indicaties kan worden gevonden op de pagina [&hellip;]<\/p>\n","protected":false},"author":1,"featured_media":0,"parent":0,"menu_order":0,"comment_status":"closed","ping_status":"closed","template":"","meta":{"footnotes":""},"class_list":["post-41648","page","type-page","status-publish","hentry"],"_links":{"self":[{"href":"https:\/\/triptherapie.nl\/de\/wp-json\/wp\/v2\/pages\/41648","targetHints":{"allow":["GET"]}}],"collection":[{"href":"https:\/\/triptherapie.nl\/de\/wp-json\/wp\/v2\/pages"}],"about":[{"href":"https:\/\/triptherapie.nl\/de\/wp-json\/wp\/v2\/types\/page"}],"author":[{"embeddable":true,"href":"https:\/\/triptherapie.nl\/de\/wp-json\/wp\/v2\/users\/1"}],"replies":[{"embeddable":true,"href":"https:\/\/triptherapie.nl\/de\/wp-json\/wp\/v2\/comments?post=41648"}],"version-history":[{"count":0,"href":"https:\/\/triptherapie.nl\/de\/wp-json\/wp\/v2\/pages\/41648\/revisions"}],"wp:attachment":[{"href":"https:\/\/triptherapie.nl\/de\/wp-json\/wp\/v2\/media?parent=41648"}],"curies":[{"name":"wp","href":"https:\/\/api.w.org\/{rel}","templated":true}]}}