{"id":49152,"date":"2025-01-06T14:30:04","date_gmt":"2025-01-06T13:30:04","guid":{"rendered":"https:\/\/triptherapie.nl\/?page_id=49152"},"modified":"2025-01-12T12:14:03","modified_gmt":"2025-01-12T11:14:03","slug":"reservierung-einer-privaten-truffelzeremonie-im-psychedelic-loft-schiedam","status":"publish","type":"page","link":"https:\/\/triptherapie.nl\/de\/reserveringen\/prive-truffelceremonie-reserveren-psychedelische-loft-schiedam\/","title":{"rendered":"Buchen Sie eine private Tr\u00fcffelzeremonie im Psychedelic Loft in Schiedam"},"content":{"rendered":"\t\t<div data-elementor-type=\"wp-page\" data-elementor-id=\"49152\" class=\"elementor elementor-49152\" data-elementor-post-type=\"page\">\n\t\t\t\t<div class=\"elementor-element elementor-element-d57683e e-flex e-con-boxed e-con e-parent\" data-id=\"d57683e\" data-element_type=\"container\" data-e-type=\"container\">\n\t\t\t\t\t<div class=\"e-con-inner\">\n\t\t\t\t<div class=\"elementor-element elementor-element-386cd0b elementor-widget elementor-widget-heading\" data-id=\"386cd0b\" data-element_type=\"widget\" data-e-type=\"widget\" data-widget_type=\"heading.default\">\n\t\t\t\t\t<h2 class=\"elementor-heading-title elementor-size-default\" class=\"elementor-heading-title elementor-size-default\" id=\"private-truffelceremonie-in-schiedam\">Private truffelceremonie in Schiedam<\/h2>\t\t\t\t<\/div>\n\t\t\t\t<div class=\"elementor-element elementor-element-5796c63 elementor-widget elementor-widget-text-editor\" data-id=\"5796c63\" data-element_type=\"widget\" data-e-type=\"widget\" data-widget_type=\"text-editor.default\">\n\t\t\t\t\t\t\t\t\t<p>Gebruik onderstaand formulier als je een truffelceremonie wilt reserveren op onze locatie in Schiedam voor jezelf of voor jou en anderen die jij zelf uitnodigt om deel te nemen. Dit is vooral handig als je zelf wilt kunnen bepalen hoe groot de groep is. De hoofdboeker kan bij ons aangeven wie de andere deelnemers zijn.<\/p>\t\t\t\t\t\t\t\t<\/div>\n\t\t\t\t\t<\/div>\n\t\t\t\t<\/div>\n\t\t<div class=\"elementor-element elementor-element-aad4e7a e-flex e-con-boxed e-con e-parent\" data-id=\"aad4e7a\" data-element_type=\"container\" data-e-type=\"container\">\n\t\t\t\t\t<div class=\"e-con-inner\">\n\t\t\t\t<div class=\"elementor-element elementor-element-47850ef elementor-widget elementor-widget-heading\" data-id=\"47850ef\" data-element_type=\"widget\" data-e-type=\"widget\" data-widget_type=\"heading.default\">\n\t\t\t\t\t<h2 class=\"elementor-heading-title elementor-size-default\" class=\"elementor-heading-title elementor-size-default\" id=\"boekingsformulier-prive-truffelceremonie\">Boekingsformulier priv\u00e9 truffelceremonie<\/h2>\t\t\t\t<\/div>\n\t\t\t\t<div class=\"elementor-element elementor-element-86a9f72 elementor-widget elementor-widget-shortcode\" data-id=\"86a9f72\" data-element_type=\"widget\" data-e-type=\"widget\" data-widget_type=\"shortcode.default\">\n\t\t\t\t\t\t\t<div class=\"elementor-shortcode\"><!--\nPlugin Name: Bookly - Responsive WordPress Appointment Booking and Scheduling Plugin\nPlugin URI: https:\/\/www.booking-wp-plugin.com\/?utm_source=bookly_admin&utm_medium=plugins_page&utm_campaign=plugins_page\nVersion: 27.2-->\n<style type=\"text\/css\">\n    :root {\n        --bookly-main-color: #b20091 !important;\n        --bookly-color: #b20091 !important;\n    }\n\n        .bookly-form {\n    color: black !important;\nborder: 2px solid #b20091;\nborder-radius: 2px;\npadding: 15px;\nbackground-color: #fce3f8 !important;\n}\n\n\n.bookly-form :is(.bookly-shadow-none) {\nbackground-image: none !important;\n}\n.bookly-relative {\nbackground-color: #d4cdd2 !important;\n\n}\n\n\n.bookly\\:relative.bookly\\:rounded {\n  background-color: #00000015 !important\n}    <\/style><div class=\"bookly-css-root\">\n    <div id=\"bookly-form-container-69d26adbed04e\" class=\"bookly-form\" data-form_id=\"\" aria-live=\"polite\">\n        <div style=\"text-align: center\"><img decoding=\"async\" src=\"https:\/\/triptherapie.nl\/wp-includes\/js\/tinymce\/skins\/lightgray\/img\/loader.gif\" alt=\"Wird geladen ...\" title=\"\"><\/div>\n    <\/div>\n<\/div>\n<script type=\"text\/javascript\">\n    (function (win, fn) {\n        var done = false, top = true,\n            doc = win.document,\n            root = doc.documentElement,\n            modern = doc.addEventListener,\n            add = modern ? 'addEventListener' : 'attachEvent',\n            rem = modern ? 'removeEventListener' : 'detachEvent',\n            pre = modern ? '' : 'on',\n            init = function (e) {\n                if (e.type == 'readystatechange') if (doc.readyState != 'complete') return;\n                (e.type == 'load' ? win : doc)[rem](pre + e.type, init, false);\n                if (!done) {\n                    done = true;\n                    fn.call(win, e.type || e);\n                }\n            },\n            poll = function () {\n                try {\n                    root.doScroll('left');\n                } catch (e) {\n                    setTimeout(poll, 50);\n                    return;\n                }\n                init('poll');\n            };\n        if (doc.readyState == 'complete') fn.call(win, 'lazy');\n        else {\n            if (!modern) if (root.doScroll) {\n                try {\n                    top = !win.frameElement;\n                } catch (e) {\n                }\n                if (top) poll();\n            }\n            doc[add](pre + 'DOMContentLoaded', init, false);\n            doc[add](pre + 'readystatechange', init, false);\n            win[add](pre + 'load', init, false);\n        }\n    })(window, function () {\n        window.bookly( {\"form_id\":\"69d26adbed04e\",\"form_data\":{\"skip_service_step\":1,\"hide_service_part1\":1,\"hide_service_part2\":1,\"defaults\":{\"service_id\":63,\"staff_id\":0,\"location_id\":0,\"category_id\":9,\"units\":0,\"date_from\":0,\"time_from\":0,\"time_to\":0}},\"status\":{\"booking\":\"new\"},\"form_token\":null,\"skip_steps\":{\"service_part1\":1,\"service_part2\":1,\"extras\":1,\"time\":0,\"repeat\":1,\"cart\":1},\"errors\":{\"session_error\":\"Session-Fehler.\",\"form_id_error\":\"Formular-ID Fehler.\",\"cart_item_not_available\":\"Er is deze maand geen beschikbaarheid.\",\"pay_locally_not_available\":\"Vor Ort zahlen ist nicht verf\\u00fcgbar.\",\"invalid_gateway\":\"Ung\\u00fcltiger Zugang.\",\"payment_error\":\"Fehler.\",\"incorrect_username_password\":\"Der Benutzername oder das Passwort ist falsch.\"},\"form_attributes\":{\"hide_categories\":true,\"hide_services\":true,\"hide_staff_members\":true,\"show_number_of_persons\":false,\"hide_service_duration\":true,\"hide_locations\":true,\"hide_quantity\":true,\"hide_date\":true,\"hide_week_days\":true,\"hide_time_range\":true,\"const_category_id\":9},\"use_client_time_zone\":0,\"defaults\":{\"service_id\":63,\"staff_id\":0,\"location_id\":0,\"category_id\":9},\"datepicker_mode\":\"text-accent\",\"facebook\":{\"enabled\":0,\"appId\":\"\"}} );\n    });\n<\/script><\/div>\n\t\t\t\t\t\t<\/div>\n\t\t\t\t\t<\/div>\n\t\t\t\t<\/div>\n\t\t<div class=\"elementor-element elementor-element-901e405 e-flex e-con-boxed e-con e-parent\" data-id=\"901e405\" data-element_type=\"container\" data-e-type=\"container\">\n\t\t\t\t\t<div class=\"e-con-inner\">\n\t\t\t\t<div class=\"elementor-element elementor-element-4b07ab6 elementor-widget elementor-widget-heading\" data-id=\"4b07ab6\" data-element_type=\"widget\" data-e-type=\"widget\" data-widget_type=\"heading.default\">\n\t\t\t\t\t<h2 class=\"elementor-heading-title elementor-size-default\" class=\"elementor-heading-title elementor-size-default\" id=\"toch-een-open-truffelceremonie-reserveren\">Toch een open truffelceremonie reserveren?<\/h2>\t\t\t\t<\/div>\n\t\t\t\t<div class=\"elementor-element elementor-element-d7263ce elementor-widget elementor-widget-text-editor\" data-id=\"d7263ce\" data-element_type=\"widget\" data-e-type=\"widget\" data-widget_type=\"text-editor.default\">\n\t\t\t\t\t\t\t\t\t<p>Als je toch liever wilt deelnemen aan een open truffelceremonie waarbij onbekenden deelnemen aan de ceremonie, dan kan je gebruik maken van een ander boekingsformulier. De aanmelding voor de open truffelceremonies is te vinden via onderstaande knop.<\/p>\t\t\t\t\t\t\t\t<\/div>\n\t\t\t\t\t<\/div>\n\t\t\t\t<\/div>\n\t\t<div class=\"elementor-element elementor-element-2a005e3 e-flex e-con-boxed e-con e-parent\" data-id=\"2a005e3\" data-element_type=\"container\" data-e-type=\"container\">\n\t\t\t\t\t<div class=\"e-con-inner\">\n\t\t\t\t<div class=\"elementor-element elementor-element-3c49bf0 elementor-align-center elementor-widget elementor-widget-button\" data-id=\"3c49bf0\" data-element_type=\"widget\" data-e-type=\"widget\" data-widget_type=\"button.default\">\n\t\t\t\t\t\t\t\t\t\t<a class=\"elementor-button elementor-button-link elementor-size-sm\" href=\"https:\/\/triptherapie.nl\/reserveringen\/book-open-ceremonie-psychedelic-loft\/\">\n\t\t\t\t\t\t<span class=\"elementor-button-content-wrapper\">\n\t\t\t\t\t\t\t\t\t<span class=\"elementor-button-text\">Reserveer open truffelceremonie<\/span>\n\t\t\t\t\t<\/span>\n\t\t\t\t\t<\/a>\n\t\t\t\t\t\t\t\t<\/div>\n\t\t\t\t\t<\/div>\n\t\t\t\t<\/div>\n\t\t\t\t<\/div>\n\t\t","protected":false},"excerpt":{"rendered":"<p>Buchen Sie hier an unserem Standort in S\u00fcdholland eine private Tr\u00fcffelzeremonie. W\u00e4hlen Sie Ihre G\u00e4ste selbst aus!<\/p>","protected":false},"author":1,"featured_media":48510,"parent":44135,"menu_order":0,"comment_status":"closed","ping_status":"closed","template":"","meta":{"footnotes":""},"class_list":["post-49152","page","type-page","status-publish","has-post-thumbnail","hentry"],"_links":{"self":[{"href":"https:\/\/triptherapie.nl\/de\/wp-json\/wp\/v2\/pages\/49152","targetHints":{"allow":["GET"]}}],"collection":[{"href":"https:\/\/triptherapie.nl\/de\/wp-json\/wp\/v2\/pages"}],"about":[{"href":"https:\/\/triptherapie.nl\/de\/wp-json\/wp\/v2\/types\/page"}],"author":[{"embeddable":true,"href":"https:\/\/triptherapie.nl\/de\/wp-json\/wp\/v2\/users\/1"}],"replies":[{"embeddable":true,"href":"https:\/\/triptherapie.nl\/de\/wp-json\/wp\/v2\/comments?post=49152"}],"version-history":[{"count":0,"href":"https:\/\/triptherapie.nl\/de\/wp-json\/wp\/v2\/pages\/49152\/revisions"}],"up":[{"embeddable":true,"href":"https:\/\/triptherapie.nl\/de\/wp-json\/wp\/v2\/pages\/44135"}],"wp:featuredmedia":[{"embeddable":true,"href":"https:\/\/triptherapie.nl\/de\/wp-json\/wp\/v2\/media\/48510"}],"wp:attachment":[{"href":"https:\/\/triptherapie.nl\/de\/wp-json\/wp\/v2\/media?parent=49152"}],"curies":[{"name":"wp","href":"https:\/\/api.w.org\/{rel}","templated":true}]}}