{"id":49999,"date":"2025-01-29T22:53:36","date_gmt":"2025-01-29T21:53:36","guid":{"rendered":"https:\/\/triptherapie.nl\/?page_id=49999"},"modified":"2025-01-29T22:55:40","modified_gmt":"2025-01-29T21:55:40","slug":"der-antrag-auf-rabatt-wird-bearbeitet","status":"publish","type":"page","link":"https:\/\/triptherapie.nl\/de\/aanvraag-voor-korting-in-behandeling\/","title":{"rendered":"Rabattantrag wird bearbeitet"},"content":{"rendered":"<div data-elementor-type=\"wp-page\" data-elementor-id=\"49999\" class=\"elementor elementor-49999\" data-elementor-post-type=\"page\">\n\t\t\t\t<div class=\"elementor-element elementor-element-11d9a70 e-flex e-con-boxed e-con e-parent\" data-id=\"11d9a70\" data-element_type=\"container\" data-e-type=\"container\">\n\t\t\t\t\t<div class=\"e-con-inner\">\n\t\t\t\t<div class=\"elementor-element elementor-element-a269f7e elementor-widget elementor-widget-heading\" data-id=\"a269f7e\" data-element_type=\"widget\" data-e-type=\"widget\" data-widget_type=\"heading.default\">\n\t\t\t\t\t<h2 class=\"elementor-heading-title elementor-size-default\" id=\"de-aanvraag-is-in-behandeling\">Der Antrag wird bearbeitet.<\/h2>\t\t\t\t<\/div>\n\t\t\t\t<div class=\"elementor-element elementor-element-f5d8251 elementor-widget elementor-widget-text-editor\" data-id=\"f5d8251\" data-element_type=\"widget\" data-e-type=\"widget\" data-widget_type=\"text-editor.default\">\n\t\t\t\t\t\t\t\t\t<p>Wir haben Ihren Antrag auf Inanspruchnahme unseres F\u00f6rderprogramms erhalten und pr\u00fcfen anhand Ihres Einkommens des vergangenen Jahres, in welcher H\u00f6he wir Ihnen einen Rabatt gew\u00e4hren k\u00f6nnen. Dies ist nur m\u00f6glich, wenn Sie alle erforderlichen Unterlagen eingereicht haben. Wir werden Ihnen innerhalb von 48 Stunden antworten.<\/p>\t\t\t\t\t\t\t\t<\/div>\n\t\t\t\t\t<\/div>\n\t\t\t\t<\/div>\n\t\t<div class=\"elementor-element elementor-element-b75db8a e-flex e-con-boxed e-con e-parent\" data-id=\"b75db8a\" data-element_type=\"container\" data-e-type=\"container\">\n\t\t\t\t\t<div class=\"e-con-inner\">\n\t\t\t\t<div class=\"elementor-element elementor-element-92956b2 elementor-widget elementor-widget-heading\" data-id=\"92956b2\" data-element_type=\"widget\" data-e-type=\"widget\" data-widget_type=\"heading.default\">\n\t\t\t\t\t<h2 class=\"elementor-heading-title elementor-size-default\" id=\"de-intake-invullen\">F\u00fcllen Sie das Aufnahmeformular aus.<\/h2>\t\t\t\t<\/div>\n\t\t\t\t<div class=\"elementor-element elementor-element-22eee2d elementor-widget elementor-widget-text-editor\" data-id=\"22eee2d\" data-element_type=\"widget\" data-e-type=\"widget\" data-widget_type=\"text-editor.default\">\n\t\t\t\t\t\t\t\t\t<p>Alle, die eine psychedelische Sitzung oder Zeremonie bei uns w\u00fcnschen, m\u00fcssen einen Anamnesebogen ausf\u00fcllen. So k\u00f6nnen wir feststellen, ob die Anwendung von Psychedelika \u00fcberhaupt ratsam ist. Falls Sie den Anamnesebogen bereits ausgef\u00fcllt haben, brauchen Sie ihn nicht erneut auszuf\u00fcllen, es sei denn, Ihre Medikamenteneinnahme oder Ihr Gesundheitszustand haben sich ge\u00e4ndert. Falls Sie den Anamnesebogen noch nicht ausgef\u00fcllt haben, tun Sie dies bitte jetzt.<\/p>\t\t\t\t\t\t\t\t<\/div>\n\t\t\t\t<div class=\"elementor-element elementor-element-4222fbe elementor-align-center elementor-widget elementor-widget-button\" data-id=\"4222fbe\" data-element_type=\"widget\" data-e-type=\"widget\" data-widget_type=\"button.default\">\n\t\t\t\t\t\t\t\t\t\t<a class=\"elementor-button elementor-button-link elementor-size-sm\" href=\"https:\/\/triptherapie.nl\/de\/aufnahmetherapie\/\">\n\t\t\t\t\t\t<span class=\"elementor-button-content-wrapper\">\n\t\t\t\t\t\t\t\t\t<span class=\"elementor-button-text\">Aufnahmeformular ausf\u00fcllen<\/span>\n\t\t\t\t\t<\/span>\n\t\t\t\t\t<\/a>\n\t\t\t\t\t\t\t\t<\/div>\n\t\t\t\t\t<\/div>\n\t\t\t\t<\/div>\n\t\t<div class=\"elementor-element elementor-element-70c6b84 e-flex e-con-boxed e-con e-parent\" data-id=\"70c6b84\" data-element_type=\"container\" data-e-type=\"container\">\n\t\t\t\t\t<div class=\"e-con-inner\">\n\t\t\t\t<div class=\"elementor-element elementor-element-0eed614 elementor-widget elementor-widget-heading\" data-id=\"0eed614\" data-element_type=\"widget\" data-e-type=\"widget\" data-widget_type=\"heading.default\">\n\t\t\t\t\t<h2 class=\"elementor-heading-title elementor-size-default\" id=\"psychedelische-sessie-of-groepsceremonie\">Psychedelische Sitzung oder Gruppenzeremonie?<\/h2>\t\t\t\t<\/div>\n\t\t\t\t<div class=\"elementor-element elementor-element-bdfcb41 elementor-widget elementor-widget-text-editor\" data-id=\"bdfcb41\" data-element_type=\"widget\" data-e-type=\"widget\" data-widget_type=\"text-editor.default\">\n\t\t\t\t\t\t\t\t\t<p>Wissen Sie schon, welche Art von Sitzung Sie buchen m\u00f6chten, wenn Sie den Rabatt erhalten? Gruppensitzungen sind in der Regel g\u00fcnstiger als Einzelsitzungen, insbesondere wenn Sie den maximalen Rabatt nutzen. Im folgenden Blogbeitrag finden Sie Informationen zu den Vor- und Nachteilen. Vielleicht hilft Ihnen das bei Ihrer Entscheidung.<\/p>\t\t\t\t\t\t\t\t<\/div>\n\t\t\t\t<div class=\"elementor-element elementor-element-0e22ae6 elementor-align-center elementor-widget elementor-widget-button\" data-id=\"0e22ae6\" data-element_type=\"widget\" data-e-type=\"widget\" data-widget_type=\"button.default\">\n\t\t\t\t\t\t\t\t\t\t<a class=\"elementor-button elementor-button-link elementor-size-sm\" href=\"https:\/\/triptherapie.nl\/de\/private-truffelzeremonie\/\">\n\t\t\t\t\t\t<span class=\"elementor-button-content-wrapper\">\n\t\t\t\t\t\t\t\t\t<span class=\"elementor-button-text\">Private Sitzung oder Zeremonie?<\/span>\n\t\t\t\t\t<\/span>\n\t\t\t\t\t<\/a>\n\t\t\t\t\t\t\t\t<\/div>\n\t\t\t\t\t<\/div>\n\t\t\t\t<\/div>\n\t\t\t\t<\/div>","protected":false},"excerpt":{"rendered":"<p>De aanvraag is in behandeling We hebben jouw aanvraag om gebruik te maken van onze subsidiepot ontvangen en we gaan beoordelen hoeveel korting we kunnen geven op basis van jouw inkomen van het afgelopen jaar. Dit kunnen we alleen doen als je het juiste document hebt ingezonden. We zullen binnen 48 uur een reactie geven [&hellip;]<\/p>\n","protected":false},"author":1,"featured_media":0,"parent":0,"menu_order":0,"comment_status":"closed","ping_status":"closed","template":"","meta":{"footnotes":""},"class_list":["post-49999","page","type-page","status-publish","hentry"],"_links":{"self":[{"href":"https:\/\/triptherapie.nl\/de\/wp-json\/wp\/v2\/pages\/49999","targetHints":{"allow":["GET"]}}],"collection":[{"href":"https:\/\/triptherapie.nl\/de\/wp-json\/wp\/v2\/pages"}],"about":[{"href":"https:\/\/triptherapie.nl\/de\/wp-json\/wp\/v2\/types\/page"}],"author":[{"embeddable":true,"href":"https:\/\/triptherapie.nl\/de\/wp-json\/wp\/v2\/users\/1"}],"replies":[{"embeddable":true,"href":"https:\/\/triptherapie.nl\/de\/wp-json\/wp\/v2\/comments?post=49999"}],"version-history":[{"count":0,"href":"https:\/\/triptherapie.nl\/de\/wp-json\/wp\/v2\/pages\/49999\/revisions"}],"wp:attachment":[{"href":"https:\/\/triptherapie.nl\/de\/wp-json\/wp\/v2\/media?parent=49999"}],"curies":[{"name":"wp","href":"https:\/\/api.w.org\/{rel}","templated":true}]}}