{"id":50052,"date":"2025-02-02T09:44:51","date_gmt":"2025-02-02T08:44:51","guid":{"rendered":"https:\/\/triptherapie.nl\/?page_id=50052"},"modified":"2025-02-02T20:58:31","modified_gmt":"2025-02-02T19:58:31","slug":"truffelzeremonie-erlebnisse","status":"publish","type":"page","link":"https:\/\/triptherapie.nl\/de\/qa\/truffel-ceremonie-ervaringen\/","title":{"rendered":"Tr\u00fcffelzeremonie-Erlebnisse"},"content":{"rendered":"<div data-elementor-type=\"wp-page\" data-elementor-id=\"50052\" class=\"elementor elementor-50052\" data-elementor-post-type=\"page\">\n\t\t\t\t<div class=\"elementor-element elementor-element-cc5d2c3 e-flex e-con-boxed e-con e-parent\" data-id=\"cc5d2c3\" data-element_type=\"container\" data-e-type=\"container\">\n\t\t\t\t\t<div class=\"e-con-inner\">\n\t\t\t\t<div class=\"elementor-element elementor-element-5a1a287 elementor-widget elementor-widget-heading\" data-id=\"5a1a287\" data-element_type=\"widget\" data-e-type=\"widget\" data-widget_type=\"heading.default\">\n\t\t\t\t\t<h2 class=\"elementor-heading-title elementor-size-default\" id=\"waar-vind-ik-de-truffel-ceremonie-ervaringen-van-klanten-die-bij-triptherapie-zijn-geweest\">Wo finde ich Erfahrungsberichte von Kunden, die Triptherapie besucht haben?<\/h2>\t\t\t\t<\/div>\n\t\t\t\t<div class=\"elementor-element elementor-element-5d0147a elementor-widget elementor-widget-text-editor\" data-id=\"5d0147a\" data-element_type=\"widget\" data-e-type=\"widget\" data-widget_type=\"text-editor.default\">\n\t\t\t\t\t\t\t\t\t<p>Wir haben derzeit \u00fcber 200 Bewertungen im Forum, darunter zahlreiche Erfahrungsberichte von Personen, die uns besucht haben. <span style=\"color: #cc99ff;\"><a style=\"color: #cc99ff;\" href=\"https:\/\/triptherapie.nl\/de\/truffelzeremonie\/#truffelceremonie-recensies\">eine magische Tr\u00fcffelzeremonie<\/a><\/span>. Es gibt auch einige Rezensionen auf Google Maps, die Sie interessieren k\u00f6nnten. Sie k\u00f6nnen sie alle \u00fcber die unten stehenden Links ansehen.<\/p>\t\t\t\t\t\t\t\t<\/div>\n\t\t\t\t\t<\/div>\n\t\t\t\t<\/div>\n\t\t<div class=\"elementor-element elementor-element-a45fb91 e-flex e-con-boxed e-con e-parent\" data-id=\"a45fb91\" data-element_type=\"container\" data-e-type=\"container\">\n\t\t\t\t\t<div class=\"e-con-inner\">\n\t\t\t\t<div class=\"elementor-element elementor-element-2458e85 elementor-widget elementor-widget-button\" data-id=\"2458e85\" data-element_type=\"widget\" data-e-type=\"widget\" data-widget_type=\"button.default\">\n\t\t\t\t\t\t\t\t\t\t<a class=\"elementor-button elementor-button-link elementor-size-sm\" href=\"https:\/\/trip-forum.nl\/recensie-paddo-therapie\/\" target=\"_blank\" rel=\"noopener\">\n\t\t\t\t\t\t<span class=\"elementor-button-content-wrapper\">\n\t\t\t\t\t\t\t\t\t<span class=\"elementor-button-text\">Erfahrungen im Forum<\/span>\n\t\t\t\t\t<\/span>\n\t\t\t\t\t<\/a>\n\t\t\t\t\t\t\t\t<\/div>\n\t\t\t\t<div class=\"elementor-element elementor-element-a8fed74 elementor-widget elementor-widget-button\" data-id=\"a8fed74\" data-element_type=\"widget\" data-e-type=\"widget\" data-widget_type=\"button.default\">\n\t\t\t\t\t\t\t\t\t\t<a class=\"elementor-button elementor-button-link elementor-size-sm\" href=\"https:\/\/g.page\/r\/CYJHosa3ITYfEBM\/review\" target=\"_blank\" rel=\"nofollow\">\n\t\t\t\t\t\t<span class=\"elementor-button-content-wrapper\">\n\t\t\t\t\t\t\t\t\t<span class=\"elementor-button-text\">Google-Rezensionen<\/span>\n\t\t\t\t\t<\/span>\n\t\t\t\t\t<\/a>\n\t\t\t\t\t\t\t\t<\/div>\n\t\t\t\t\t<\/div>\n\t\t\t\t<\/div>\n\t\t\t\t<\/div>","protected":false},"excerpt":{"rendered":"<p>Wo finde ich Erfahrungsberichte von Kunden, die Triptherapie besucht haben?<\/p>","protected":false},"author":3119,"featured_media":0,"parent":49776,"menu_order":0,"comment_status":"closed","ping_status":"closed","template":"","meta":{"footnotes":""},"class_list":["post-50052","page","type-page","status-publish","hentry"],"_links":{"self":[{"href":"https:\/\/triptherapie.nl\/de\/wp-json\/wp\/v2\/pages\/50052","targetHints":{"allow":["GET"]}}],"collection":[{"href":"https:\/\/triptherapie.nl\/de\/wp-json\/wp\/v2\/pages"}],"about":[{"href":"https:\/\/triptherapie.nl\/de\/wp-json\/wp\/v2\/types\/page"}],"author":[{"embeddable":true,"href":"https:\/\/triptherapie.nl\/de\/wp-json\/wp\/v2\/users\/3119"}],"replies":[{"embeddable":true,"href":"https:\/\/triptherapie.nl\/de\/wp-json\/wp\/v2\/comments?post=50052"}],"version-history":[{"count":0,"href":"https:\/\/triptherapie.nl\/de\/wp-json\/wp\/v2\/pages\/50052\/revisions"}],"up":[{"embeddable":true,"href":"https:\/\/triptherapie.nl\/de\/wp-json\/wp\/v2\/pages\/49776"}],"wp:attachment":[{"href":"https:\/\/triptherapie.nl\/de\/wp-json\/wp\/v2\/media?parent=50052"}],"curies":[{"name":"wp","href":"https:\/\/api.w.org\/{rel}","templated":true}]}}