{"id":50057,"date":"2025-02-02T10:06:53","date_gmt":"2025-02-02T09:06:53","guid":{"rendered":"https:\/\/triptherapie.nl\/?page_id=50057"},"modified":"2025-02-02T21:24:32","modified_gmt":"2025-02-02T20:24:32","slug":"preise-fur-truffelzeremonien","status":"publish","type":"page","link":"https:\/\/triptherapie.nl\/de\/qa\/truffelceremonie-prijzen\/","title":{"rendered":"Preise f\u00fcr Tr\u00fcffelzeremonien"},"content":{"rendered":"<div data-elementor-type=\"wp-page\" data-elementor-id=\"50057\" class=\"elementor elementor-50057\" data-elementor-post-type=\"page\">\n\t\t\t\t<div class=\"elementor-element elementor-element-07c076b e-flex e-con-boxed e-con e-parent\" data-id=\"07c076b\" data-element_type=\"container\" data-e-type=\"container\">\n\t\t\t\t\t<div class=\"e-con-inner\">\n\t\t\t\t<div class=\"elementor-element elementor-element-a1a9b2c elementor-widget elementor-widget-heading\" data-id=\"a1a9b2c\" data-element_type=\"widget\" data-e-type=\"widget\" data-widget_type=\"heading.default\">\n\t\t\t\t\t<h2 class=\"elementor-heading-title elementor-size-default\" id=\"wat-kost-een-truffelceremonie\">Was kostet eine Tr\u00fcffelzeremonie?<\/h2>\t\t\t\t<\/div>\n\t\t\t\t<div class=\"elementor-element elementor-element-46d30d9 elementor-widget elementor-widget-text-editor\" data-id=\"46d30d9\" data-element_type=\"widget\" data-e-type=\"widget\" data-widget_type=\"text-editor.default\">\n\t\t\t\t\t\t\t\t\t<p>Bei Triptherapie kostet eine Tr\u00fcffelzeremonie derzeit <strong>550 Euro<\/strong>. Alle psychedelischen Sitzungen, einschlie\u00dflich der Tr\u00fcffelzeremonien, beinhalten unser gesamtes Angebot: Vorgespr\u00e4ch, individuelle Beratung durch unseren Lifestyle-Coach, neurochemische Beratung, Vorbereitung und Integration. Speisen, Getr\u00e4nke und \u00dcbernachtung sind ebenfalls inbegriffen. Wir garantieren Ihnen, dass mindestens ein Psychologe anwesend ist und jeweils ein Berater f\u00fcr drei Teilnehmer bereitgestellt wird. Die Gruppengr\u00f6\u00dfe betr\u00e4gt maximal sechs Personen, und wir bieten Einzelzimmer f\u00fcr alle, die mehr Privatsph\u00e4re w\u00fcnschen. Kurz gesagt: Wir bieten Ihnen das beste Preis-Leistungs-Verh\u00e4ltnis. Weitere Informationen zu unserem Standort, den Zeremonien und anderen Preisoptionen finden Sie \u00fcber die Schaltfl\u00e4chen unten.<\/p>\t\t\t\t\t\t\t\t<\/div>\n\t\t\t\t\t<\/div>\n\t\t\t\t<\/div>\n\t\t<div class=\"elementor-element elementor-element-cac9d06 e-flex e-con-boxed e-con e-parent\" data-id=\"cac9d06\" data-element_type=\"container\" data-e-type=\"container\">\n\t\t\t\t\t<div class=\"e-con-inner\">\n\t\t\t\t<div class=\"elementor-element elementor-element-09f0186 elementor-widget elementor-widget-button\" data-id=\"09f0186\" data-element_type=\"widget\" data-e-type=\"widget\" data-widget_type=\"button.default\">\n\t\t\t\t\t\t\t\t\t\t<a class=\"elementor-button elementor-button-link elementor-size-sm\" href=\"https:\/\/triptherapie.nl\/de\/psychedelisches-loft-schiedam\/\">\n\t\t\t\t\t\t<span class=\"elementor-button-content-wrapper\">\n\t\t\t\t\t\t\t\t\t<span class=\"elementor-button-text\">Ort der Tr\u00fcffelzeremonie<\/span>\n\t\t\t\t\t<\/span>\n\t\t\t\t\t<\/a>\n\t\t\t\t\t\t\t\t<\/div>\n\t\t\t\t<div class=\"elementor-element elementor-element-5a02d42 elementor-widget elementor-widget-button\" data-id=\"5a02d42\" data-element_type=\"widget\" data-e-type=\"widget\" data-widget_type=\"button.default\">\n\t\t\t\t\t\t\t\t\t\t<a class=\"elementor-button elementor-button-link elementor-size-sm\" href=\"https:\/\/triptherapie.nl\/de\/magische-truffelzeremonie\/\">\n\t\t\t\t\t\t<span class=\"elementor-button-content-wrapper\">\n\t\t\t\t\t\t\t\t\t<span class=\"elementor-button-text\">Informationen zur Tr\u00fcffelzeremonie<\/span>\n\t\t\t\t\t<\/span>\n\t\t\t\t\t<\/a>\n\t\t\t\t\t\t\t\t<\/div>\n\t\t\t\t<div class=\"elementor-element elementor-element-6d10b14 elementor-widget elementor-widget-button\" data-id=\"6d10b14\" data-element_type=\"widget\" data-e-type=\"widget\" data-widget_type=\"button.default\">\n\t\t\t\t\t\t\t\t\t\t<a class=\"elementor-button elementor-button-link elementor-size-sm\" href=\"https:\/\/triptherapie.nl\/de\/preise\/\">\n\t\t\t\t\t\t<span class=\"elementor-button-content-wrapper\">\n\t\t\t\t\t\t\t\t\t<span class=\"elementor-button-text\">Tarife<\/span>\n\t\t\t\t\t<\/span>\n\t\t\t\t\t<\/a>\n\t\t\t\t\t\t\t\t<\/div>\n\t\t\t\t\t<\/div>\n\t\t\t\t<\/div>\n\t\t<div class=\"elementor-element elementor-element-24b9f4a e-flex e-con-boxed e-con e-parent\" data-id=\"24b9f4a\" data-element_type=\"container\" data-e-type=\"container\">\n\t\t\t\t\t<div class=\"e-con-inner\">\n\t\t\t\t<div class=\"elementor-element elementor-element-e74a1fd elementor-widget elementor-widget-heading\" data-id=\"e74a1fd\" data-element_type=\"widget\" data-e-type=\"widget\" data-widget_type=\"heading.default\">\n\t\t\t\t\t<h2 class=\"elementor-heading-title elementor-size-default\" id=\"is-de-prijs-te-hoog-voor-jou\">Ist Ihnen der Preis zu hoch?<\/h2>\t\t\t\t<\/div>\n\t\t\t\t<div class=\"elementor-element elementor-element-93ee064 elementor-widget elementor-widget-text-editor\" data-id=\"93ee064\" data-element_type=\"widget\" data-e-type=\"widget\" data-widget_type=\"text-editor.default\">\n\t\t\t\t\t\t\t\t\t<p>Seit Januar 2025 bieten wir einen Fonds f\u00fcr Geringverdiener an, der einen Rabatt gew\u00e4hrt. Wenn Sie weniger als 30.000 \u20ac im Jahr verdienen, erhalten Sie bis zu 450 \u20ac Rabatt auf Ihre Tr\u00fcffelzeremonie. Pr\u00fcfen Sie \u00fcber den untenstehenden Link, ob Sie teilnahmeberechtigt sind.<\/p>\t\t\t\t\t\t\t\t<\/div>\n\t\t\t\t\t<\/div>\n\t\t\t\t<\/div>\n\t\t<div class=\"elementor-element elementor-element-f0d40ce e-flex e-con-boxed e-con e-parent\" data-id=\"f0d40ce\" data-element_type=\"container\" data-e-type=\"container\">\n\t\t\t\t\t<div class=\"e-con-inner\">\n\t\t\t\t<div class=\"elementor-element elementor-element-eb63dc7 elementor-widget elementor-widget-button\" data-id=\"eb63dc7\" data-element_type=\"widget\" data-e-type=\"widget\" data-widget_type=\"button.default\">\n\t\t\t\t\t\t\t\t\t\t<a class=\"elementor-button elementor-button-link elementor-size-sm\" href=\"https:\/\/triptherapie.nl\/de\/antrag-auf-finanzielle-entschadigung-fur-eine-psychedelische-sitzung\/\">\n\t\t\t\t\t\t<span class=\"elementor-button-content-wrapper\">\n\t\t\t\t\t\t\t\t\t<span class=\"elementor-button-text\">Triptherapie-Fonds<\/span>\n\t\t\t\t\t<\/span>\n\t\t\t\t\t<\/a>\n\t\t\t\t\t\t\t\t<\/div>\n\t\t\t\t\t<\/div>\n\t\t\t\t<\/div>\n\t\t\t\t<\/div>","protected":false},"excerpt":{"rendered":"<p>Was kostet eine Tr\u00fcffelzeremonie? Gibt es einen Rabatt?<\/p>","protected":false},"author":3119,"featured_media":0,"parent":49776,"menu_order":0,"comment_status":"closed","ping_status":"closed","template":"","meta":{"footnotes":""},"class_list":["post-50057","page","type-page","status-publish","hentry"],"_links":{"self":[{"href":"https:\/\/triptherapie.nl\/de\/wp-json\/wp\/v2\/pages\/50057","targetHints":{"allow":["GET"]}}],"collection":[{"href":"https:\/\/triptherapie.nl\/de\/wp-json\/wp\/v2\/pages"}],"about":[{"href":"https:\/\/triptherapie.nl\/de\/wp-json\/wp\/v2\/types\/page"}],"author":[{"embeddable":true,"href":"https:\/\/triptherapie.nl\/de\/wp-json\/wp\/v2\/users\/3119"}],"replies":[{"embeddable":true,"href":"https:\/\/triptherapie.nl\/de\/wp-json\/wp\/v2\/comments?post=50057"}],"version-history":[{"count":0,"href":"https:\/\/triptherapie.nl\/de\/wp-json\/wp\/v2\/pages\/50057\/revisions"}],"up":[{"embeddable":true,"href":"https:\/\/triptherapie.nl\/de\/wp-json\/wp\/v2\/pages\/49776"}],"wp:attachment":[{"href":"https:\/\/triptherapie.nl\/de\/wp-json\/wp\/v2\/media?parent=50057"}],"curies":[{"name":"wp","href":"https:\/\/api.w.org\/{rel}","templated":true}]}}