{"id":50152,"date":"2025-02-03T11:28:24","date_gmt":"2025-02-03T10:28:24","guid":{"rendered":"https:\/\/triptherapie.nl\/?page_id=50152"},"modified":"2025-02-03T11:55:48","modified_gmt":"2025-02-03T10:55:48","slug":"zeremonie-mit-zauberpilzen","status":"publish","type":"page","link":"https:\/\/triptherapie.nl\/de\/qa\/magische-paddenstoelen-ceremonie\/","title":{"rendered":"Zeremonie mit Zauberpilzen"},"content":{"rendered":"<div data-elementor-type=\"wp-page\" data-elementor-id=\"50152\" class=\"elementor elementor-50152\" data-elementor-post-type=\"page\">\n\t\t\t\t<div class=\"elementor-element elementor-element-f3edf9e e-flex e-con-boxed e-con e-parent\" data-id=\"f3edf9e\" data-element_type=\"container\" data-e-type=\"container\">\n\t\t\t\t\t<div class=\"e-con-inner\">\n\t\t\t\t<div class=\"elementor-element elementor-element-2ec5c1c elementor-widget elementor-widget-heading\" data-id=\"2ec5c1c\" data-element_type=\"widget\" data-e-type=\"widget\" data-widget_type=\"heading.default\">\n\t\t\t\t\t<h2 class=\"elementor-heading-title elementor-size-default\" id=\"wat-is-een-magische-paddenstoelen-ceremonie\">Was ist eine Zauberpilzzeremonie?<\/h2>\t\t\t\t<\/div>\n\t\t\t\t\t<\/div>\n\t\t\t\t<\/div>\n\t\t<div class=\"elementor-element elementor-element-b9ead50 e-flex e-con-boxed e-con e-parent\" data-id=\"b9ead50\" data-element_type=\"container\" data-e-type=\"container\">\n\t\t\t\t\t<div class=\"e-con-inner\">\n\t\t\t\t<div class=\"elementor-element elementor-element-0cb8dbd elementor-widget elementor-widget-text-editor\" data-id=\"0cb8dbd\" data-element_type=\"widget\" data-e-type=\"widget\" data-widget_type=\"text-editor.default\">\n\t\t\t\t\t\t\t\t\t<p>Was ist eine Zauberpilzzeremonie und ist sie in den Niederlanden erlaubt?<\/p>\t\t\t\t\t\t\t\t<\/div>\n\t\t\t\t\t<\/div>\n\t\t\t\t<\/div>\n\t\t<div class=\"elementor-element elementor-element-0dfa0e8 e-flex e-con-boxed e-con e-parent\" data-id=\"0dfa0e8\" data-element_type=\"container\" data-e-type=\"container\">\n\t\t\t\t\t<div class=\"e-con-inner\">\n\t\t\t\t<div class=\"elementor-element elementor-element-e6e085e elementor-widget elementor-widget-heading\" data-id=\"e6e085e\" data-element_type=\"widget\" data-e-type=\"widget\" data-widget_type=\"heading.default\">\n\t\t\t\t\t<h2 class=\"elementor-heading-title elementor-size-default\" id=\"de-paddo-ceremonie-uitgelegd\">Die Pilzzeremonie erkl\u00e4rt<\/h2>\t\t\t\t<\/div>\n\t\t\t\t<div class=\"elementor-element elementor-element-6e03c4a elementor-widget elementor-widget-text-editor\" data-id=\"6e03c4a\" data-element_type=\"widget\" data-e-type=\"widget\" data-widget_type=\"text-editor.default\">\n\t\t\t\t\t\t\t\t\t<p>Eine Zauberpilzzeremonie ist eine angeleitete, rituelle Sitzung, in der die Teilnehmer unter professioneller Anleitung die psychedelischen Wirkungen von Pilzen erleben. <span style=\"color: #cc99ff;\"><a style=\"color: #cc99ff;\" href=\"https:\/\/triptherapie.nl\/de\/psilocybin\/\">Psilocybin<\/a> <\/span>\u2013 der Wirkstoff in halluzinogenen Pilzen. Diese Zeremonie konzentriert sich auf innere Erkundung, spirituelles Wachstum und die Heilung emotionaler Blockaden. Der Zeremonienort ist sorgf\u00e4ltig ausgew\u00e4hlt: eine ruhige, sichere und oft naturnahe Umgebung, in der die Teilnehmenden die M\u00f6glichkeit haben, mit offenem Geist und klarer Absicht zu reisen. Die Begleitung hilft den Teilnehmenden, sich vorzubereiten, die Erfahrung selbst zu erleben und die gewonnenen Erkenntnisse in ihren Alltag zu integrieren. Eine solche Zeremonie bietet nicht nur eine einzigartige, oft transformative Erfahrung, sondern unterst\u00fctzt auch die Verarbeitung alter Emotionen und Traumata.<\/p>\t\t\t\t\t\t\t\t<\/div>\n\t\t\t\t<div class=\"elementor-element elementor-element-2343f62 elementor-align-center elementor-widget elementor-widget-button\" data-id=\"2343f62\" data-element_type=\"widget\" data-e-type=\"widget\" data-widget_type=\"button.default\">\n\t\t\t\t\t\t\t\t\t\t<a class=\"elementor-button elementor-button-link elementor-size-sm\" href=\"https:\/\/triptherapie.nl\/de\/pilzzeremonie\/\">\n\t\t\t\t\t\t<span class=\"elementor-button-content-wrapper\">\n\t\t\t\t\t\t\t\t\t<span class=\"elementor-button-text\">Zeremonie mit Zauberpilzen<\/span>\n\t\t\t\t\t<\/span>\n\t\t\t\t\t<\/a>\n\t\t\t\t\t\t\t\t<\/div>\n\t\t\t\t\t<\/div>\n\t\t\t\t<\/div>\n\t\t<div class=\"elementor-element elementor-element-56a6148 e-flex e-con-boxed e-con e-parent\" data-id=\"56a6148\" data-element_type=\"container\" data-e-type=\"container\">\n\t\t\t\t\t<div class=\"e-con-inner\">\n\t\t\t\t<div class=\"elementor-element elementor-element-94ef425 elementor-widget elementor-widget-heading\" data-id=\"94ef425\" data-element_type=\"widget\" data-e-type=\"widget\" data-widget_type=\"heading.default\">\n\t\t\t\t\t<h2 class=\"elementor-heading-title elementor-size-default\" id=\"zijn-paddos-wel-legaal\">Sind halluzinogene Pilze legal?<\/h2>\t\t\t\t<\/div>\n\t\t\t\t<div class=\"elementor-element elementor-element-17c62ec elementor-widget elementor-widget-text-editor\" data-id=\"17c62ec\" data-element_type=\"widget\" data-e-type=\"widget\" data-widget_type=\"text-editor.default\">\n\t\t\t\t\t\t\t\t\t<p>Die Legalit\u00e4t von halluzinogenen Pilzen ist in den Niederlanden ein komplexes Thema. Aufgrund ihrer psychoaktiven Inhaltsstoffe sind halluzinogene Pilze seit 2008 verboten. Unterirdisch wachsende Sklerotien \u2013 besser bekannt als Zaubertr\u00fcffel \u2013 sind in den Niederlanden hingegen legal. Da Tr\u00fcffel die gleichen Wirkstoffe wie halluzinogene Pilze enthalten, werden viele Zeremonien in den Niederlanden mit Zaubertr\u00fcffeln durchgef\u00fchrt. Dies erm\u00f6glicht es Interessierten, legal an einer Pilzzeremonie teilzunehmen, sofern die korrekte Form (Tr\u00fcffel) verwendet wird. Dieser rechtliche Rahmen erm\u00f6glicht sichere, kontrollierte und legale Rituale, die zur pers\u00f6nlichen Weiterentwicklung und Heilung beitragen.<\/p>\t\t\t\t\t\t\t\t<\/div>\n\t\t\t\t\t<\/div>\n\t\t\t\t<\/div>\n\t\t<div class=\"elementor-element elementor-element-57f9164 e-flex e-con-boxed e-con e-parent\" data-id=\"57f9164\" data-element_type=\"container\" data-e-type=\"container\">\n\t\t\t\t\t<div class=\"e-con-inner\">\n\t\t\t\t<div class=\"elementor-element elementor-element-010b21f elementor-widget elementor-widget-heading\" data-id=\"010b21f\" data-element_type=\"widget\" data-e-type=\"widget\" data-widget_type=\"heading.default\">\n\t\t\t\t\t<h2 class=\"elementor-heading-title elementor-size-default\" id=\"mag-een-truffel-retraite-dan-wel\">Ist ein Tr\u00fcffel-Retreat erlaubt?<\/h2>\t\t\t\t<\/div>\n\t\t\t\t<div class=\"elementor-element elementor-element-856b162 elementor-widget elementor-widget-text-editor\" data-id=\"856b162\" data-element_type=\"widget\" data-e-type=\"widget\" data-widget_type=\"text-editor.default\">\n\t\t\t\t\t\t\t\t\t<p>Absolut! Da der Verkauf und Konsum von Psilocybin-haltigen Tr\u00fcffeln in den Niederlanden legal ist, k\u00f6nnen auch Tr\u00fcffel-Retreats veranstaltet werden. W\u00e4hrend eines solchen Retreats haben Sie nicht nur die M\u00f6glichkeit, tiefgreifende innere Erfahrungen zu machen, sondern k\u00f6nnen diese auch durch therapeutische Unterst\u00fctzung erg\u00e4nzen. Dazu geh\u00f6ren vorbereitendes Coaching, Gruppensitzungen und Nachbesprechungen. Im Mittelpunkt steht der sichere und verantwortungsvolle Umgang mit Tr\u00fcffeln in einer Umgebung, die Ihr spirituelles und pers\u00f6nliches Wachstum f\u00f6rdert.<\/p>\t\t\t\t\t\t\t\t<\/div>\n\t\t\t\t\t<\/div>\n\t\t\t\t<\/div>\n\t\t<div class=\"elementor-element elementor-element-5056f04 e-flex e-con-boxed e-con e-parent\" data-id=\"5056f04\" data-element_type=\"container\" data-e-type=\"container\">\n\t\t\t\t\t<div class=\"e-con-inner\">\n\t\t\t\t<div class=\"elementor-element elementor-element-b43c6cc elementor-widget elementor-widget-heading\" data-id=\"b43c6cc\" data-element_type=\"widget\" data-e-type=\"widget\" data-widget_type=\"heading.default\">\n\t\t\t\t\t<h2 class=\"elementor-heading-title elementor-size-default\" id=\"wat-zijn-de-verschillen-tussen-truffels-en-magische-paddenstoelen\">Worin unterscheiden sich Tr\u00fcffel und Zauberpilze?<\/h2>\t\t\t\t<\/div>\n\t\t\t\t<div class=\"elementor-element elementor-element-3c9afbd elementor-widget elementor-widget-text-editor\" data-id=\"3c9afbd\" data-element_type=\"widget\" data-e-type=\"widget\" data-widget_type=\"text-editor.default\">\n\t\t\t\t\t\t\t\t\t<p>Absolut! Da der Verkauf und Konsum von Psilocybin-haltigen Tr\u00fcffeln in den Niederlanden legal ist, k\u00f6nnen auch Tr\u00fcffel-Retreats veranstaltet werden. W\u00e4hrend eines solchen Retreats haben Sie nicht nur die M\u00f6glichkeit, tiefgreifende innere Erfahrungen zu machen, sondern k\u00f6nnen diese auch durch therapeutische Unterst\u00fctzung erg\u00e4nzen. Dazu geh\u00f6ren vorbereitendes Coaching, Gruppensitzungen und Nachbesprechungen. Im Mittelpunkt steht der sichere und verantwortungsvolle Umgang mit Tr\u00fcffeln in einer Umgebung, die Ihr spirituelles und pers\u00f6nliches Wachstum f\u00f6rdert.<\/p>\t\t\t\t\t\t\t\t<\/div>\n\t\t\t\t\t<\/div>\n\t\t\t\t<\/div>\n\t\t<div class=\"elementor-element elementor-element-28180c6 e-flex e-con-boxed e-con e-parent\" data-id=\"28180c6\" data-element_type=\"container\" data-e-type=\"container\">\n\t\t\t\t\t<div class=\"e-con-inner\">\n\t\t<div class=\"elementor-element elementor-element-be98cf5 e-con-full e-flex e-con e-child\" data-id=\"be98cf5\" data-element_type=\"container\" data-e-type=\"container\">\n\t\t\t\t<div class=\"elementor-element elementor-element-8d632c9 elementor-widget elementor-widget-image\" data-id=\"8d632c9\" data-element_type=\"widget\" data-e-type=\"widget\" data-widget_type=\"image.default\">\n\t\t\t\t\t\t\t\t\t\t\t\t\t\t\t<img fetchpriority=\"high\" decoding=\"async\" width=\"800\" height=\"544\" src=\"https:\/\/triptherapie.nl\/wp-content\/uploads\/2023\/05\/brein-en-paddos-1024x696.png?wsr\" class=\"attachment-large size-large wp-image-42026\" alt=\"Pilztherapie f\u00fcr das Gehirn\" srcset=\"https:\/\/triptherapie.nl\/wp-content\/uploads\/2023\/05\/brein-en-paddos-1024x696.png 1024w, https:\/\/triptherapie.nl\/wp-content\/uploads\/2023\/05\/brein-en-paddos-300x204.png 300w, https:\/\/triptherapie.nl\/wp-content\/uploads\/2023\/05\/brein-en-paddos-768x522.png 768w, https:\/\/triptherapie.nl\/wp-content\/uploads\/2023\/05\/brein-en-paddos-1536x1044.png 1536w, https:\/\/triptherapie.nl\/wp-content\/uploads\/2023\/05\/brein-en-paddos-2048x1392.png 2048w\" sizes=\"(max-width: 800px) 100vw, 800px\" title=\"\">\t\t\t\t\t\t\t\t\t\t\t\t\t\t\t<\/div>\n\t\t\t\t<\/div>\n\t\t<div class=\"elementor-element elementor-element-67da022 e-con-full e-flex e-con e-child\" data-id=\"67da022\" data-element_type=\"container\" data-e-type=\"container\">\n\t\t\t\t<div class=\"elementor-element elementor-element-8d55650 elementor-widget elementor-widget-image\" data-id=\"8d55650\" data-element_type=\"widget\" data-e-type=\"widget\" data-widget_type=\"image.default\">\n\t\t\t\t\t\t\t\t\t\t\t\t\t\t\t<img decoding=\"async\" width=\"800\" height=\"535\" src=\"https:\/\/triptherapie.nl\/wp-content\/uploads\/2019\/01\/Magic-truffels-1024x685.jpg?wsr\" class=\"attachment-large size-large wp-image-927\" alt=\"Zaubertr\u00fcffel\" srcset=\"https:\/\/triptherapie.nl\/wp-content\/uploads\/2019\/01\/Magic-truffels.jpg 1024w, https:\/\/triptherapie.nl\/wp-content\/uploads\/2019\/01\/Magic-truffels-300x201.jpg 300w, https:\/\/triptherapie.nl\/wp-content\/uploads\/2019\/01\/Magic-truffels-768x514.jpg 768w, https:\/\/triptherapie.nl\/wp-content\/uploads\/2019\/01\/Magic-truffels-360x240.jpg 360w\" sizes=\"(max-width: 800px) 100vw, 800px\" title=\"\">\t\t\t\t\t\t\t\t\t\t\t\t\t\t\t<\/div>\n\t\t\t\t<\/div>\n\t\t\t\t\t<\/div>\n\t\t\t\t<\/div>\n\t\t<div class=\"elementor-element elementor-element-329ad0e e-flex e-con-boxed e-con e-parent\" data-id=\"329ad0e\" data-element_type=\"container\" data-e-type=\"container\">\n\t\t\t\t\t<div class=\"e-con-inner\">\n\t\t\t\t<div class=\"elementor-element elementor-element-710a85a elementor-widget elementor-widget-text-editor\" data-id=\"710a85a\" data-element_type=\"widget\" data-e-type=\"widget\" data-widget_type=\"text-editor.default\">\n\t\t\t\t\t\t\t\t\t<p>Obwohl sowohl Zauberpilze als auch Zaubertr\u00fcffel Psilocybin enthalten und daher \u00e4hnliche psychedelische Wirkungen haben k\u00f6nnen, gibt es einige Unterschiede:<\/p><ul><li><p><strong>Form und Struktur:<\/strong><br \/>Champignons haben typischerweise einen Stiel und einen Hut, w\u00e4hrend Tr\u00fcffel die unterirdischen Sklerotien des Pilzes bilden und eine knorrige, kompakte Form aufweisen.<\/p><\/li><li><strong>Schmecken:<\/strong> Im Allgemeinen finden die Menschen Zauberpilze etwas weniger ekelhaft als Zaubertr\u00fcffel.<\/li><\/ul><p>\u00a0<\/p><ul><li><p><strong>Konzentration und Dosierung:<\/strong><br \/>Obwohl die Menge des Wirkstoffs variieren kann, sind die Wirkungen von Tr\u00fcffeln und Pilzen bei korrekter Dosierung vergleichbar. Bei der Tr\u00fcffeltherapie ist eine leichte Abweichung in der Dosierung oft unproblematisch und kann sogar zu einem umfassenderen und differenzierteren Erlebnis beitragen.<\/p><\/li><li><p><strong>Rechtm\u00e4\u00dfigkeit:<\/strong><br \/>In den Niederlanden sind getrocknete Pilze verboten, Tr\u00fcffel hingegen sind von dieser Regelung ausgenommen, wodurch sie legal erh\u00e4ltlich sind und f\u00fcr die Verwendung bei Zeremonien und spirituellen Einkehrzeremonien zugelassen werden.<\/p><\/li><\/ul><p>Diese Unterschiede erm\u00f6glichen es, Tr\u00fcffel als sichere und zuverl\u00e4ssige Alternative in einem therapeutischen oder spirituellen Kontext einzusetzen.<\/p>\t\t\t\t\t\t\t\t<\/div>\n\t\t\t\t\t<\/div>\n\t\t\t\t<\/div>\n\t\t<div class=\"elementor-element elementor-element-6e613af e-flex e-con-boxed e-con e-parent\" data-id=\"6e613af\" data-element_type=\"container\" data-e-type=\"container\">\n\t\t\t\t\t<div class=\"e-con-inner\">\n\t\t\t\t<div class=\"elementor-element elementor-element-4eb4d26 elementor-widget elementor-widget-heading\" data-id=\"4eb4d26\" data-element_type=\"widget\" data-e-type=\"widget\" data-widget_type=\"heading.default\">\n\t\t\t\t\t<h2 class=\"elementor-heading-title elementor-size-default\" id=\"wat-zegt-de-wetenschap-over-paddos\">Was sagt die Wissenschaft \u00fcber halluzinogene Pilze?<\/h2>\t\t\t\t<\/div>\n\t\t\t\t<div class=\"elementor-element elementor-element-f79b039 elementor-widget elementor-widget-text-editor\" data-id=\"f79b039\" data-element_type=\"widget\" data-e-type=\"widget\" data-widget_type=\"text-editor.default\">\n\t\t\t\t\t\t\t\t\t<p>J\u00fcngste wissenschaftliche Studien von Institutionen wie dem Imperial College London und der Johns Hopkins University haben gezeigt, dass Psilocybin vielversprechend f\u00fcr die Behandlung von Erkrankungen wie therapieresistenter Depression, Angstst\u00f6rungen und PTBS ist. Der Wirkstoff f\u00f6rdert die Neuroplastizit\u00e4t und kann zu einer Umstrukturierung der Gehirnverbindungen f\u00fchren. Diese Erkenntnisse untermauern die therapeutischen und spirituellen Anwendungsm\u00f6glichkeiten von halluzinogenen Pilzen und Tr\u00fcffeln und liefern ein \u00fcberzeugendes Argument f\u00fcr die Integration dieser Erfahrungen in ein gef\u00fchrtes Ritual. Diese wissenschaftliche Grundlage bekr\u00e4ftigt den Wert einer gut vorbereiteten Zeremonie und gibt Hoffnung f\u00fcr all jene, die alternative Behandlungsmethoden suchen.<\/p>\t\t\t\t\t\t\t\t<\/div>\n\t\t\t\t\t<\/div>\n\t\t\t\t<\/div>\n\t\t<div class=\"elementor-element elementor-element-06d7ab8 e-flex e-con-boxed e-con e-parent\" data-id=\"06d7ab8\" data-element_type=\"container\" data-e-type=\"container\">\n\t\t\t\t\t<div class=\"e-con-inner\">\n\t\t\t\t<div class=\"elementor-element elementor-element-0c48923 elementor-widget elementor-widget-heading\" data-id=\"0c48923\" data-element_type=\"widget\" data-e-type=\"widget\" data-widget_type=\"heading.default\">\n\t\t\t\t\t<h2 class=\"elementor-heading-title elementor-size-default\" id=\"aanmelden-voor-een-ceremonie\">F\u00fcr eine Zeremonie anmelden<\/h2>\t\t\t\t<\/div>\n\t\t\t\t<div class=\"elementor-element elementor-element-4c460a1 elementor-widget elementor-widget-text-editor\" data-id=\"4c460a1\" data-element_type=\"widget\" data-e-type=\"widget\" data-widget_type=\"text-editor.default\">\n\t\t\t\t\t\t\t\t\t<p>Sind Sie neugierig auf die transformative Kraft einer Zeremonie mit Zauberpilzen? Die Anmeldung zu einer Zeremonie oder einem Retreat ist ganz einfach. F\u00fcllen Sie zun\u00e4chst das Anmeldeformular aus. Hier geben Sie Ihre pers\u00f6nlichen Ziele an und teilen uns weitere Informationen mit, damit wir Sie optimal vorbereiten k\u00f6nnen. Im Anschluss erhalten Sie praktische Tipps und k\u00f6nnen in Absprache mit unseren erfahrenen Begleitern einen Termin f\u00fcr Ihre Zeremonie vereinbaren.<\/p><p>Wir empfehlen Ihnen, sich vor der Zeremonie genau Gedanken \u00fcber Ihre Absicht zu machen: Was m\u00f6chten Sie entdecken, heilen oder erleben? Mit der richtigen Vorbereitung und Begleitung wird Ihre Reise ein sicherer und bedeutungsvoller Schritt zu Ihrem pers\u00f6nlichen Wachstum sein. Haben Sie Fragen zum Ablauf oder m\u00f6chten Sie mehr \u00fcber die Vorbereitung erfahren? Kontaktieren Sie uns, f\u00fcllen Sie das Anmeldeformular aus oder informieren Sie sich \u00fcber Psilocybin-Zeremonien (siehe unten).<\/p>\t\t\t\t\t\t\t\t<\/div>\n\t\t\t\t\t<\/div>\n\t\t\t\t<\/div>\n\t\t<div class=\"elementor-element elementor-element-b55534b e-flex e-con-boxed e-con e-parent\" data-id=\"b55534b\" data-element_type=\"container\" data-e-type=\"container\">\n\t\t\t\t\t<div class=\"e-con-inner\">\n\t\t\t\t<div class=\"elementor-element elementor-element-e7cf0e2 elementor-widget elementor-widget-button\" data-id=\"e7cf0e2\" data-element_type=\"widget\" data-e-type=\"widget\" data-widget_type=\"button.default\">\n\t\t\t\t\t\t\t\t\t\t<a class=\"elementor-button elementor-button-link elementor-size-sm\" href=\"https:\/\/triptherapie.nl\/de\/aufnahmetherapie\/\">\n\t\t\t\t\t\t<span class=\"elementor-button-content-wrapper\">\n\t\t\t\t\t\t\t\t\t<span class=\"elementor-button-text\">Ansaugung starten<\/span>\n\t\t\t\t\t<\/span>\n\t\t\t\t\t<\/a>\n\t\t\t\t\t\t\t\t<\/div>\n\t\t\t\t<div class=\"elementor-element elementor-element-49ce96c elementor-widget elementor-widget-button\" data-id=\"49ce96c\" data-element_type=\"widget\" data-e-type=\"widget\" data-widget_type=\"button.default\">\n\t\t\t\t\t\t\t\t\t\t<a class=\"elementor-button elementor-button-link elementor-size-sm\" href=\"https:\/\/triptherapie.nl\/de\/kontakt\/\">\n\t\t\t\t\t\t<span class=\"elementor-button-content-wrapper\">\n\t\t\t\t\t\t\t\t\t<span class=\"elementor-button-text\">Kontakt<\/span>\n\t\t\t\t\t<\/span>\n\t\t\t\t\t<\/a>\n\t\t\t\t\t\t\t\t<\/div>\n\t\t\t\t<div class=\"elementor-element elementor-element-97ef032 elementor-widget elementor-widget-button\" data-id=\"97ef032\" data-element_type=\"widget\" data-e-type=\"widget\" data-widget_type=\"button.default\">\n\t\t\t\t\t\t\t\t\t\t<a class=\"elementor-button elementor-button-link elementor-size-sm\" href=\"https:\/\/triptherapie.nl\/de\/psilocybin-zeremonie\/\">\n\t\t\t\t\t\t<span class=\"elementor-button-content-wrapper\">\n\t\t\t\t\t\t\t\t\t<span class=\"elementor-button-text\">Psilocybin-Zeremonie<\/span>\n\t\t\t\t\t<\/span>\n\t\t\t\t\t<\/a>\n\t\t\t\t\t\t\t\t<\/div>\n\t\t\t\t\t<\/div>\n\t\t\t\t<\/div>\n\t\t\t\t<\/div>","protected":false},"excerpt":{"rendered":"<p>Was ist eine Zauberpilzzeremonie und ist sie in den Niederlanden erlaubt?<\/p>","protected":false},"author":3119,"featured_media":0,"parent":49776,"menu_order":0,"comment_status":"closed","ping_status":"closed","template":"","meta":{"footnotes":""},"class_list":["post-50152","page","type-page","status-publish","hentry"],"_links":{"self":[{"href":"https:\/\/triptherapie.nl\/de\/wp-json\/wp\/v2\/pages\/50152","targetHints":{"allow":["GET"]}}],"collection":[{"href":"https:\/\/triptherapie.nl\/de\/wp-json\/wp\/v2\/pages"}],"about":[{"href":"https:\/\/triptherapie.nl\/de\/wp-json\/wp\/v2\/types\/page"}],"author":[{"embeddable":true,"href":"https:\/\/triptherapie.nl\/de\/wp-json\/wp\/v2\/users\/3119"}],"replies":[{"embeddable":true,"href":"https:\/\/triptherapie.nl\/de\/wp-json\/wp\/v2\/comments?post=50152"}],"version-history":[{"count":0,"href":"https:\/\/triptherapie.nl\/de\/wp-json\/wp\/v2\/pages\/50152\/revisions"}],"up":[{"embeddable":true,"href":"https:\/\/triptherapie.nl\/de\/wp-json\/wp\/v2\/pages\/49776"}],"wp:attachment":[{"href":"https:\/\/triptherapie.nl\/de\/wp-json\/wp\/v2\/media?parent=50152"}],"curies":[{"name":"wp","href":"https:\/\/api.w.org\/{rel}","templated":true}]}}