{"id":50177,"date":"2025-02-03T22:03:43","date_gmt":"2025-02-03T21:03:43","guid":{"rendered":"https:\/\/triptherapie.nl\/?page_id=50177"},"modified":"2025-02-03T22:11:54","modified_gmt":"2025-02-03T21:11:54","slug":"todesfalle-durch-ayahuasca","status":"publish","type":"page","link":"https:\/\/triptherapie.nl\/de\/qa\/sterfgevallen-door-ayahuasca\/","title":{"rendered":"Todesf\u00e4lle durch Ayahuasca"},"content":{"rendered":"<div data-elementor-type=\"wp-page\" data-elementor-id=\"50177\" class=\"elementor elementor-50177\" data-elementor-post-type=\"page\">\n\t\t\t\t<div class=\"elementor-element elementor-element-cf0289a e-flex e-con-boxed e-con e-parent\" data-id=\"cf0289a\" data-element_type=\"container\" data-e-type=\"container\">\n\t\t\t\t\t<div class=\"e-con-inner\">\n\t\t\t\t<div class=\"elementor-element elementor-element-814ccc2 elementor-widget elementor-widget-heading\" data-id=\"814ccc2\" data-element_type=\"widget\" data-e-type=\"widget\" data-widget_type=\"heading.default\">\n\t\t\t\t\t<h2 class=\"elementor-heading-title elementor-size-default\" id=\"zijn-er-doden-gevallen-bij-ayahuasca-ceremonies\">Gab es Todesf\u00e4lle bei Ayahuasca-Zeremonien?<\/h2>\t\t\t\t<\/div>\n\t\t\t\t<div class=\"elementor-element elementor-element-5a63357 elementor-widget elementor-widget-text-editor\" data-id=\"5a63357\" data-element_type=\"widget\" data-e-type=\"widget\" data-widget_type=\"text-editor.default\">\n\t\t\t\t\t\t\t\t\t<p>Sind Todesf\u00e4lle im Zusammenhang mit Ayahuasca bekannt? Was war die Todesursache w\u00e4hrend einer solchen Ayahuasca-Zeremonie?<\/p>\t\t\t\t\t\t\t\t<\/div>\n\t\t\t\t\t<\/div>\n\t\t\t\t<\/div>\n\t\t<div class=\"elementor-element elementor-element-417f888 e-flex e-con-boxed e-con e-parent\" data-id=\"417f888\" data-element_type=\"container\" data-e-type=\"container\">\n\t\t\t\t\t<div class=\"e-con-inner\">\n\t\t\t\t<div class=\"elementor-element elementor-element-8b3cd7f elementor-widget elementor-widget-heading\" data-id=\"8b3cd7f\" data-element_type=\"widget\" data-e-type=\"widget\" data-widget_type=\"heading.default\">\n\t\t\t\t\t<h2 class=\"elementor-heading-title elementor-size-default\" id=\"mensen-sterven-soms-na-ayahuasca\">Manche Menschen sterben nach der Einnahme von Ayahuasca.<\/h2>\t\t\t\t<\/div>\n\t\t\t\t<div class=\"elementor-element elementor-element-f886431 elementor-widget elementor-widget-text-editor\" data-id=\"f886431\" data-element_type=\"widget\" data-e-type=\"widget\" data-widget_type=\"text-editor.default\">\n\t\t\t\t\t\t\t\t\t<p>Ayahuasca, die traditionelle Pflanzenmedizin aus dem Amazonasgebiet, wird weltweit zur spirituellen Entwicklung und emotionalen Heilung eingesetzt. Gleichzeitig kursieren Berichte \u00fcber Todesf\u00e4lle im Zusammenhang mit Ayahuasca-Zeremonien. In diesem Artikel gehen wir dieser Frage genauer nach: <strong>\u201cSind Todesf\u00e4lle im Zusammenhang mit Ayahuasca bekannt? Was war die Todesursache w\u00e4hrend einer solchen Ayahuasca-Zeremonie?\u201d<\/strong> Wir er\u00f6rtern, was die verf\u00fcgbaren Daten und Forschungsergebnisse aussagen, heben ein Beispiel aus den Niederlanden hervor und erkl\u00e4ren, warum alternative, sicherere Zeremonien \u2013 wie etwa Tr\u00fcffel- und Psiloflora-Zeremonien \u2013 zunehmend bevorzugt werden.<\/p>\t\t\t\t\t\t\t\t<\/div>\n\t\t\t\t\t<\/div>\n\t\t\t\t<\/div>\n\t\t<div class=\"elementor-element elementor-element-de25697 e-flex e-con-boxed e-con e-parent\" data-id=\"de25697\" data-element_type=\"container\" data-e-type=\"container\">\n\t\t\t\t\t<div class=\"e-con-inner\">\n\t\t\t\t<div class=\"elementor-element elementor-element-6b9ec23 elementor-widget elementor-widget-heading\" data-id=\"6b9ec23\" data-element_type=\"widget\" data-e-type=\"widget\" data-widget_type=\"heading.default\">\n\t\t\t\t\t<h2 class=\"elementor-heading-title elementor-size-default\" id=\"enkele-bekende-sterfgevallen-door-ayahuasca\">Einige bekannte Todesf\u00e4lle durch Ayahuasca<\/h2>\t\t\t\t<\/div>\n\t\t\t\t\t<\/div>\n\t\t\t\t<\/div>\n\t\t<div class=\"elementor-element elementor-element-9bb062d e-flex e-con-boxed e-con e-parent\" data-id=\"9bb062d\" data-element_type=\"container\" data-e-type=\"container\">\n\t\t\t\t\t<div class=\"e-con-inner\">\n\t\t<div class=\"elementor-element elementor-element-ad6823b e-con-full e-flex e-con e-child\" data-id=\"ad6823b\" data-element_type=\"container\" data-e-type=\"container\">\n\t\t\t\t<div class=\"elementor-element elementor-element-cc3b6ef elementor-widget elementor-widget-text-editor\" data-id=\"cc3b6ef\" data-element_type=\"widget\" data-e-type=\"widget\" data-widget_type=\"text-editor.default\">\n\t\t\t\t\t\t\t\t\t<p>In den Niederlanden kam es bereits zu mehreren Vorf\u00e4llen, bei denen Teilnehmer von Ayahuasca-Zeremonien ums Leben kamen, beispielsweise in <strong>Eersel (April 2019)<\/strong>, wo ein 31-j\u00e4hriger Ungar nach einer Ayahuasca-Sitzung starb, <strong>Haarlem (November 2019)<\/strong>, wo ein weiterer Teilnehmer bei einer Zeremonie derselben Organisation get\u00f6tet wurde, und in <strong>IJzendijke (September 2018)<\/strong>, wo ein 34-j\u00e4hriger Mann aus Oudewater w\u00e4hrend einer Heilsitzung mit Ayahuasca starb, wobei die Justizbeh\u00f6rde erkl\u00e4rte, dass Gewalt m\u00f6glicherweise eine Rolle gespielt habe.<\/p>\t\t\t\t\t\t\t\t<\/div>\n\t\t\t\t<\/div>\n\t\t<div class=\"elementor-element elementor-element-772d3bc e-con-full e-flex e-con e-child\" data-id=\"772d3bc\" data-element_type=\"container\" data-e-type=\"container\">\n\t\t\t\t<div class=\"elementor-element elementor-element-b3bd74d elementor-widget elementor-widget-image\" data-id=\"b3bd74d\" data-element_type=\"widget\" data-e-type=\"widget\" data-widget_type=\"image.default\">\n\t\t\t\t\t\t\t\t\t\t\t\t\t\t\t<img fetchpriority=\"high\" decoding=\"async\" width=\"800\" height=\"352\" src=\"https:\/\/triptherapie.nl\/wp-content\/uploads\/2019\/01\/ayahuasca.jpeg?wsr\" class=\"attachment-large size-large wp-image-656\" alt=\"Ayhausca-Reise\" srcset=\"https:\/\/triptherapie.nl\/wp-content\/uploads\/2019\/01\/ayahuasca.jpeg 1024w, https:\/\/triptherapie.nl\/wp-content\/uploads\/2019\/01\/ayahuasca-300x132.jpeg 300w, https:\/\/triptherapie.nl\/wp-content\/uploads\/2019\/01\/ayahuasca-768x338.jpeg 768w\" sizes=\"(max-width: 800px) 100vw, 800px\" title=\"\">\t\t\t\t\t\t\t\t\t\t\t\t\t\t\t<\/div>\n\t\t\t\t<\/div>\n\t\t\t\t\t<\/div>\n\t\t\t\t<\/div>\n\t\t<div class=\"elementor-element elementor-element-3f00680 e-flex e-con-boxed e-con e-parent\" data-id=\"3f00680\" data-element_type=\"container\" data-e-type=\"container\">\n\t\t\t\t\t<div class=\"e-con-inner\">\n\t\t\t\t<div class=\"elementor-element elementor-element-82250a1 elementor-widget elementor-widget-text-editor\" data-id=\"82250a1\" data-element_type=\"widget\" data-e-type=\"widget\" data-widget_type=\"text-editor.default\">\n\t\t\t\t\t\t\t\t\t<p>Der j\u00fcngste Fall in den Niederlanden betrifft den Tod der 35-j\u00e4hrigen Tinne Geuens aus Antwerpen. Sie starb w\u00e4hrend eines \u2018Heilungswochenendes\u2019, bei dem unter anderem Ayahuasca und halluzinogene Pilze konsumiert wurden. Zwei Niederl\u00e4nder standen deswegen vor Gericht.<\/p>\t\t\t\t\t\t\t\t<\/div>\n\t\t\t\t<div class=\"elementor-element elementor-element-da233ae elementor-widget elementor-widget-heading\" data-id=\"da233ae\" data-element_type=\"widget\" data-e-type=\"widget\" data-widget_type=\"heading.default\">\n\t\t\t\t\t<h2 class=\"elementor-heading-title elementor-size-default\" id=\"sterftecijfers-tot-2022\">Sterblichkeitsraten bis 2022<\/h2>\t\t\t\t<\/div>\n\t\t\t\t<div class=\"elementor-element elementor-element-a01bee3 elementor-widget elementor-widget-text-editor\" data-id=\"a01bee3\" data-element_type=\"widget\" data-e-type=\"widget\" data-widget_type=\"text-editor.default\">\n\t\t\t\t\t\t\t\t\t<p>Die Medien haben einen Zusammenhang zwischen Ayahuasca und 58 Todesf\u00e4llen zwischen 2010 und 2022 aufgezeigt. Wichtig ist jedoch, dass es keine eindeutigen Beweise daf\u00fcr gibt, dass das Getr\u00e4nk selbst direkt zum Tod f\u00fchrt. Andere Faktoren spielen oft eine entscheidende Rolle, wie zum Beispiel:<\/p><ul><li><strong>Unsichere Kombinationen:<\/strong> Die MAO-Hemmer in Ayahuasca k\u00f6nnen in Kombination mit bestimmten Medikamenten oder Nahrungsmitteln (z. B. tyraminreichen Nahrungsmitteln) schwere Reaktionen hervorrufen.<\/li><li><strong>Falsche Dosierungen oder unerfahrene Beratung:<\/strong> Eine mangelhafte Vorbereitung oder das Fehlen einer sicheren und kontrollierten Umgebung k\u00f6nnen zu Komplikationen f\u00fchren.<\/li><li><strong>Weitere Ressourcen:<\/strong> In einigen F\u00e4llen spielten auch andere psychoaktive Substanzen oder Alkohol eine Rolle und beeintr\u00e4chtigten die allgemeine Sicherheit der Zeremonie.<\/li><\/ul><p>\u00a0<\/p>\t\t\t\t\t\t\t\t<\/div>\n\t\t\t\t\t<\/div>\n\t\t\t\t<\/div>\n\t\t<div class=\"elementor-element elementor-element-c8b80bc e-flex e-con-boxed e-con e-parent\" data-id=\"c8b80bc\" data-element_type=\"container\" data-e-type=\"container\">\n\t\t\t\t\t<div class=\"e-con-inner\">\n\t\t\t\t<div class=\"elementor-element elementor-element-1f997fa elementor-widget elementor-widget-heading\" data-id=\"1f997fa\" data-element_type=\"widget\" data-e-type=\"widget\" data-widget_type=\"heading.default\">\n\t\t\t\t\t<h2 class=\"elementor-heading-title elementor-size-default\" id=\"veiligere-alternatieven-truffel-en-psiloflora-eremonies\">Sicherere Alternativen: Tr\u00fcffel und Psiloflora-Kr\u00e4uter<\/h2>\t\t\t\t<\/div>\n\t\t\t\t<div class=\"elementor-element elementor-element-336dbf7 elementor-widget elementor-widget-text-editor\" data-id=\"336dbf7\" data-element_type=\"widget\" data-e-type=\"widget\" data-widget_type=\"text-editor.default\">\n\t\t\t\t\t\t\t\t\t<p>F\u00fcr diejenigen, die spirituelle oder therapeutische Erfahrungen mit Psychedelika suchen, k\u00f6nnen Tr\u00fcffel- und Psiloflora-Zeremonien eine sicherere Alternative darstellen.<\/p><ul><li><p><strong>Tr\u00fcffelzeremonien:<\/strong> Psilocybin-Tr\u00fcffel sind in den Niederlanden legal und bekannt f\u00fcr ihre vorhersehbare Dosierung und Wirkung. Sie erm\u00f6glichen tiefgreifende introspektive Erfahrungen und gelten als sicherer als Ayahuasca, insbesondere bei Anwendung unter der Anleitung erfahrener Fachleute.<\/p><\/li><li><p><strong>Psiloflora-Zeremonien:<\/strong> Bei diesen Zeremonien werden Psilocybin-Tr\u00fcffel mit bestimmten MAO-hemmenden Pflanzen kombiniert, um die Erfahrung zu intensivieren. Obwohl MAO-Hemmer verwendet werden, sind die Risiken besser beherrschbar und die Wirkungen besser vorhersehbar als bei Ayahuasca.<\/p><\/li><\/ul><p>Bei Triptherapie bieten wir professionelle Begleitung f\u00fcr Tr\u00fcffel- und Psiloflora-Zeremonien an. Unser Fokus liegt auf Sicherheit, pers\u00f6nlicher Betreuung und der Integration der Erfahrung, damit die Teilnehmer verantwortungsvoll von den Vorteilen der psychedelischen Therapie profitieren k\u00f6nnen.<\/p>\t\t\t\t\t\t\t\t<\/div>\n\t\t\t\t\t<\/div>\n\t\t\t\t<\/div>\n\t\t<div class=\"elementor-element elementor-element-224512b e-flex e-con-boxed e-con e-parent\" data-id=\"224512b\" data-element_type=\"container\" data-e-type=\"container\">\n\t\t\t\t\t<div class=\"e-con-inner\">\n\t\t\t\t<div class=\"elementor-element elementor-element-d966341 elementor-widget elementor-widget-button\" data-id=\"d966341\" data-element_type=\"widget\" data-e-type=\"widget\" data-widget_type=\"button.default\">\n\t\t\t\t\t\t\t\t\t\t<a class=\"elementor-button elementor-button-link elementor-size-sm\" href=\"https:\/\/triptherapie.nl\/de\/magische-truffelzeremonie\/\">\n\t\t\t\t\t\t<span class=\"elementor-button-content-wrapper\">\n\t\t\t\t\t\t\t\t\t<span class=\"elementor-button-text\">Tr\u00fcffelzeremonie<\/span>\n\t\t\t\t\t<\/span>\n\t\t\t\t\t<\/a>\n\t\t\t\t\t\t\t\t<\/div>\n\t\t\t\t<div class=\"elementor-element elementor-element-83ea0fc elementor-widget elementor-widget-button\" data-id=\"83ea0fc\" data-element_type=\"widget\" data-e-type=\"widget\" data-widget_type=\"button.default\">\n\t\t\t\t\t\t\t\t\t\t<a class=\"elementor-button elementor-button-link elementor-size-sm\" href=\"https:\/\/triptherapie.nl\/de\/psiloflora-zeremonie\/\">\n\t\t\t\t\t\t<span class=\"elementor-button-content-wrapper\">\n\t\t\t\t\t\t\t\t\t<span class=\"elementor-button-text\">Psiloflora-Zeremonie<\/span>\n\t\t\t\t\t<\/span>\n\t\t\t\t\t<\/a>\n\t\t\t\t\t\t\t\t<\/div>\n\t\t\t\t\t<\/div>\n\t\t\t\t<\/div>\n\t\t<div class=\"elementor-element elementor-element-e58242f e-flex e-con-boxed e-con e-parent\" data-id=\"e58242f\" data-element_type=\"container\" data-e-type=\"container\">\n\t\t\t\t\t<div class=\"e-con-inner\">\n\t\t\t\t<div class=\"elementor-element elementor-element-d6b7483 elementor-widget elementor-widget-heading\" data-id=\"d6b7483\" data-element_type=\"widget\" data-e-type=\"widget\" data-widget_type=\"heading.default\">\n\t\t\t\t\t<h2 class=\"elementor-heading-title elementor-size-default\" id=\"conclusie\">Abschluss<\/h2>\t\t\t\t<\/div>\n\t\t\t\t<div class=\"elementor-element elementor-element-7277ac8 elementor-widget elementor-widget-text-editor\" data-id=\"7277ac8\" data-element_type=\"widget\" data-e-type=\"widget\" data-widget_type=\"text-editor.default\">\n\t\t\t\t\t\t\t\t\t<p>Obwohl Ayahuasca f\u00fcr manche wertvolle Erkenntnisse liefern kann, sind die potenziellen Risiken erheblich, bis hin zum Tod. F\u00fcr diejenigen, die \u00e4hnliche therapeutische Erfahrungen mit einem besseren Sicherheitsprofil suchen, k\u00f6nnten Tr\u00fcffel- und Psiloflora-Zeremonien eine geeignete Alternative darstellen. Es ist stets ratsam, sich bei der Auseinandersetzung mit diesen Substanzen von erfahrenen Fachleuten begleiten zu lassen.<\/p>\t\t\t\t\t\t\t\t<\/div>\n\t\t\t\t\t<\/div>\n\t\t\t\t<\/div>\n\t\t<div class=\"elementor-element elementor-element-163f8ab e-flex e-con-boxed e-con e-parent\" data-id=\"163f8ab\" data-element_type=\"container\" data-e-type=\"container\">\n\t\t\t\t\t<div class=\"e-con-inner\">\n\t\t\t\t<div class=\"elementor-element elementor-element-9856d66 elementor-align-center elementor-widget elementor-widget-button\" data-id=\"9856d66\" data-element_type=\"widget\" data-e-type=\"widget\" data-widget_type=\"button.default\">\n\t\t\t\t\t\t\t\t\t\t<a class=\"elementor-button elementor-button-link elementor-size-sm\" href=\"https:\/\/triptherapie.nl\/de\/ayahuasca\/\">\n\t\t\t\t\t\t<span class=\"elementor-button-content-wrapper\">\n\t\t\t\t\t\t\t\t\t<span class=\"elementor-button-text\">Ayahuasca-Informationen<\/span>\n\t\t\t\t\t<\/span>\n\t\t\t\t\t<\/a>\n\t\t\t\t\t\t\t\t<\/div>\n\t\t\t\t\t<\/div>\n\t\t\t\t<\/div>\n\t\t\t\t<\/div>","protected":false},"excerpt":{"rendered":"<p>Sind Todesf\u00e4lle im Zusammenhang mit Ayahuasca bekannt? Was war die Todesursache w\u00e4hrend einer solchen Ayahuasca-Zeremonie?<\/p>","protected":false},"author":3119,"featured_media":2059,"parent":49776,"menu_order":0,"comment_status":"closed","ping_status":"closed","template":"","meta":{"footnotes":""},"class_list":["post-50177","page","type-page","status-publish","has-post-thumbnail","hentry"],"_links":{"self":[{"href":"https:\/\/triptherapie.nl\/de\/wp-json\/wp\/v2\/pages\/50177","targetHints":{"allow":["GET"]}}],"collection":[{"href":"https:\/\/triptherapie.nl\/de\/wp-json\/wp\/v2\/pages"}],"about":[{"href":"https:\/\/triptherapie.nl\/de\/wp-json\/wp\/v2\/types\/page"}],"author":[{"embeddable":true,"href":"https:\/\/triptherapie.nl\/de\/wp-json\/wp\/v2\/users\/3119"}],"replies":[{"embeddable":true,"href":"https:\/\/triptherapie.nl\/de\/wp-json\/wp\/v2\/comments?post=50177"}],"version-history":[{"count":0,"href":"https:\/\/triptherapie.nl\/de\/wp-json\/wp\/v2\/pages\/50177\/revisions"}],"up":[{"embeddable":true,"href":"https:\/\/triptherapie.nl\/de\/wp-json\/wp\/v2\/pages\/49776"}],"wp:featuredmedia":[{"embeddable":true,"href":"https:\/\/triptherapie.nl\/de\/wp-json\/wp\/v2\/media\/2059"}],"wp:attachment":[{"href":"https:\/\/triptherapie.nl\/de\/wp-json\/wp\/v2\/media?parent=50177"}],"curies":[{"name":"wp","href":"https:\/\/api.w.org\/{rel}","templated":true}]}}