{"id":50264,"date":"2025-02-05T16:14:02","date_gmt":"2025-02-05T15:14:02","guid":{"rendered":"https:\/\/triptherapie.nl\/?page_id=50264"},"modified":"2025-02-05T16:28:47","modified_gmt":"2025-02-05T15:28:47","slug":"die-besten-filme-uber-pilze","status":"publish","type":"page","link":"https:\/\/triptherapie.nl\/de\/qa\/beste-films-op-paddenstoelen\/","title":{"rendered":"Die besten Filme \u00fcber Pilze"},"content":{"rendered":"<div data-elementor-type=\"wp-page\" data-elementor-id=\"50264\" class=\"elementor elementor-50264\" data-elementor-post-type=\"page\">\n\t\t\t\t<div class=\"elementor-element elementor-element-2ea498a e-flex e-con-boxed e-con e-parent\" data-id=\"2ea498a\" data-element_type=\"container\" data-e-type=\"container\">\n\t\t\t\t\t<div class=\"e-con-inner\">\n\t\t\t\t<div class=\"elementor-element elementor-element-39b629a elementor-widget elementor-widget-heading\" data-id=\"39b629a\" data-element_type=\"widget\" data-e-type=\"widget\" data-widget_type=\"heading.default\">\n\t\t\t\t\t<h2 class=\"elementor-heading-title elementor-size-default\" id=\"wat-zijn-de-beste-films-tijdens-paddenstoelen-trip\">Welche Filme eignen sich am besten f\u00fcr einen Pilztrip?<\/h2>\t\t\t\t<\/div>\n\t\t\t\t<div class=\"elementor-element elementor-element-67dedf3 elementor-widget elementor-widget-text-editor\" data-id=\"67dedf3\" data-element_type=\"widget\" data-e-type=\"widget\" data-widget_type=\"text-editor.default\">\n\t\t\t\t\t\t\t\t\t<p>Welche Filme eignen sich gut zum Anschauen w\u00e4hrend eines Psilocybin-Pilze-Trips?<\/p>\t\t\t\t\t\t\t\t<\/div>\n\t\t\t\t\t<\/div>\n\t\t\t\t<\/div>\n\t\t<div class=\"elementor-element elementor-element-2f298be e-flex e-con-boxed e-con e-parent\" data-id=\"2f298be\" data-element_type=\"container\" data-e-type=\"container\">\n\t\t\t\t\t<div class=\"e-con-inner\">\n\t\t\t\t<div class=\"elementor-element elementor-element-2886909 elementor-widget elementor-widget-heading\" data-id=\"2886909\" data-element_type=\"widget\" data-e-type=\"widget\" data-widget_type=\"heading.default\">\n\t\t\t\t\t<h2 class=\"elementor-heading-title elementor-size-default\" id=\"een-aantal-films-die-interessant-zijn-voor-tijdens-een-trip\">Einige Filme, die man sich w\u00e4hrend einer Reise ansehen kann<\/h2>\t\t\t\t<\/div>\n\t\t\t\t<div class=\"elementor-element elementor-element-62baa23 elementor-widget elementor-widget-text-editor\" data-id=\"62baa23\" data-element_type=\"widget\" data-e-type=\"widget\" data-widget_type=\"text-editor.default\">\n\t\t\t\t\t\t\t\t\t<p><strong>Fantastische Pilze:<\/strong> Diese Dokumentation erkundet die faszinierende Welt der Pilze und konzentriert sich dabei auf die medizinischen Eigenschaften von Speisepilzen, einschlie\u00dflich Psilocybin. Die beeindruckenden Aufnahmen und der aufschlussreiche Kommentar k\u00f6nnen Ihre Wertsch\u00e4tzung f\u00fcr die Natur und die Vernetzung allen Lebens vertiefen.<\/p><p><strong>Mein Oktopus-Lehrer:<\/strong> Dieser Film erz\u00e4hlt die Geschichte eines Filmemachers, der in einem s\u00fcdafrikanischen Kelpwald eine tiefe Verbindung zu einem Oktopus aufbaut. Themen wie Verbundenheit, Natur und die Sch\u00f6nheit des Lebens k\u00f6nnen w\u00e4hrend einer psychedelischen Erfahrung eine starke Resonanz erzeugen und ein Gef\u00fchl des Staunens und der Selbstreflexion hervorrufen.<\/p><p><strong>Das geheime Leben der Pflanzen<\/strong> Diese Dokumentation beleuchtet die Beziehung zwischen Pflanzen und Menschen und erforscht das Konzept des Bewusstseins im Pflanzenreich. Die zum Nachdenken anregenden Inhalte und die beeindruckenden Bilder k\u00f6nnen Ihre Wahrnehmung der Natur w\u00e4hrend des Konsums von halluzinogenen Pilzen erweitern.<\/p><p><strong>Betritt die Leere:<\/strong> Dieser von Gaspar No\u00e9 inszenierte Film bietet ein einzigartiges visuelles und erz\u00e4hlerisches Erlebnis, das gleicherma\u00dfen faszinierend wie herausfordernd ist. Seine Auseinandersetzung mit Leben, Tod und Jenseits regt zu tieferen Gedanken und Reflexionen an und ist daher f\u00fcr Zuschauer geeignet, die intensive Erfahrungen nicht scheuen.<\/p><p><strong>Waches Leben:<\/strong> Dieser Animationsfilm von Richard Linklater erkundet existenzielle Themen sowie das Wesen von Tr\u00e4umen und Bewusstsein. Die philosophischen Dialoge und die traum\u00e4hnlichen Bilder k\u00f6nnen insbesondere unter dem Einfluss von halluzinogenen Pilzen fesselnd wirken und zur Selbstreflexion und Erforschung der eigenen Gedanken anregen.<\/p><p><strong>Spirited Away:<\/strong> Hayao Miyazakis animiertes Meisterwerk spr\u00fcht vor leuchtenden Farben, fantasievollen Wesen und einer fesselnden Geschichte. Der spielerische Charakter des Films weckt Freude und Staunen und macht ihn zu einer wunderbaren Wahl f\u00fcr ein psychedelisches Erlebnis.<\/p><p><strong>Der Heilige Berg:<\/strong> Dieser von Alejandro Jodorowsky inszenierte Film ist bekannt f\u00fcr seine surreale Bildsprache und symbolische Erz\u00e4hlweise. Er kann ein anspruchsvolles Seherlebnis sein, doch f\u00fcr diejenigen, die eine tiefgreifende und transformative Erfahrung suchen, ist er ungemein bereichernd.<\/p><p><strong>Koyaanisqatsi:<\/strong> Dieser Experimentalfilm verbindet bezaubernde Natur- und Stadtbilder mit der kraftvollen Handschrift von Philip Glass. Seine Darstellung des Verh\u00e4ltnisses des Menschen zur Umwelt kann w\u00e4hrend einer psychedelischen Erfahrung tiefgreifende Gedanken und Gef\u00fchle hervorrufen.<\/p><p><strong>Pixar-Filme:<\/strong> Viele Pixar-Filme werden w\u00e4hrend der Reise wahrhaftig zum Leben erweckt. Filme wie <strong>Alles steht Kopf<\/strong>, <strong>Coco<\/strong>, Und <strong>Seelen<\/strong> geh\u00f6ren zu den besten mit einer guten Geschichte f\u00fcr einen milden Pilztrip.<\/p><p><strong>Der gestiefelte Kater 2:<\/strong> Ich muss sagen, \u201eDer gestiefelte Kater 2\u201c war der beeindruckendste Film, den ich je unter dem Einfluss einer niedrigen Psilocybin-Dosis gesehen habe. Die Kampfszenen sahen fantastisch aus, weil der Animationsstil es unserem berauschten Gehirn erm\u00f6glicht, die visuellen Effekte zu verst\u00e4rken. Die Geschichte war au\u00dferdem wirklich witzig und tiefgr\u00fcndig. Ich hatte noch nie so viel Spa\u00df mit einem Animationsfilm wie mit \u201eDer gestiefelte Kater 2\u201c!<\/p>\t\t\t\t\t\t\t\t<\/div>\n\t\t\t\t\t<\/div>\n\t\t\t\t<\/div>\n\t\t<div class=\"elementor-element elementor-element-92e1184 e-flex e-con-boxed e-con e-parent\" data-id=\"92e1184\" data-element_type=\"container\" data-e-type=\"container\">\n\t\t\t\t\t<div class=\"e-con-inner\">\n\t\t\t\t<div class=\"elementor-element elementor-element-8809e05 elementor-widget elementor-widget-heading\" data-id=\"8809e05\" data-element_type=\"widget\" data-e-type=\"widget\" data-widget_type=\"heading.default\">\n\t\t\t\t\t<h2 class=\"elementor-heading-title elementor-size-default\" id=\"nieuws-over-filmtrippen\">Neuigkeiten \u00fcber Filmreisen<\/h2>\t\t\t\t<\/div>\n\t\t\t\t<div class=\"elementor-element elementor-element-bbae8f7 elementor-widget elementor-widget-text-editor\" data-id=\"bbae8f7\" data-element_type=\"widget\" data-e-type=\"widget\" data-widget_type=\"text-editor.default\">\n\t\t\t\t\t\t\t\t\t<p>Schaut auch in unserem Blog \u00fcber Filme und psychedelische Trips vorbei und entdeckt noch mehr Filme und Tipps, wie ihr am besten w\u00e4hrend eines psychedelischen Erlebnisses einen Film anschaut.<\/p>\t\t\t\t\t\t\t\t<\/div>\n\t\t\t\t<div class=\"elementor-element elementor-element-4fd55d7 elementor-align-center elementor-widget elementor-widget-button\" data-id=\"4fd55d7\" data-element_type=\"widget\" data-e-type=\"widget\" data-widget_type=\"button.default\">\n\t\t\t\t\t\t\t\t\t\t<a class=\"elementor-button elementor-button-link elementor-size-sm\" href=\"https:\/\/triptherapie.nl\/de\/filme-schauen-wahrend-eines-trips-mit-zauberpilzen\/\">\n\t\t\t\t\t\t<span class=\"elementor-button-content-wrapper\">\n\t\t\t\t\t\t\t\t\t<span class=\"elementor-button-text\">Filme und Reisen<\/span>\n\t\t\t\t\t<\/span>\n\t\t\t\t\t<\/a>\n\t\t\t\t\t\t\t\t<\/div>\n\t\t\t\t\t<\/div>\n\t\t\t\t<\/div>\n\t\t\t\t<\/div>","protected":false},"excerpt":{"rendered":"<p>Welche Filme eignen sich gut zum Anschauen w\u00e4hrend eines Psilocybin-Pilze-Trips?<\/p>","protected":false},"author":3119,"featured_media":2905,"parent":49776,"menu_order":0,"comment_status":"closed","ping_status":"closed","template":"","meta":{"footnotes":""},"class_list":["post-50264","page","type-page","status-publish","has-post-thumbnail","hentry"],"_links":{"self":[{"href":"https:\/\/triptherapie.nl\/de\/wp-json\/wp\/v2\/pages\/50264","targetHints":{"allow":["GET"]}}],"collection":[{"href":"https:\/\/triptherapie.nl\/de\/wp-json\/wp\/v2\/pages"}],"about":[{"href":"https:\/\/triptherapie.nl\/de\/wp-json\/wp\/v2\/types\/page"}],"author":[{"embeddable":true,"href":"https:\/\/triptherapie.nl\/de\/wp-json\/wp\/v2\/users\/3119"}],"replies":[{"embeddable":true,"href":"https:\/\/triptherapie.nl\/de\/wp-json\/wp\/v2\/comments?post=50264"}],"version-history":[{"count":0,"href":"https:\/\/triptherapie.nl\/de\/wp-json\/wp\/v2\/pages\/50264\/revisions"}],"up":[{"embeddable":true,"href":"https:\/\/triptherapie.nl\/de\/wp-json\/wp\/v2\/pages\/49776"}],"wp:featuredmedia":[{"embeddable":true,"href":"https:\/\/triptherapie.nl\/de\/wp-json\/wp\/v2\/media\/2905"}],"wp:attachment":[{"href":"https:\/\/triptherapie.nl\/de\/wp-json\/wp\/v2\/media?parent=50264"}],"curies":[{"name":"wp","href":"https:\/\/api.w.org\/{rel}","templated":true}]}}