{"id":51861,"date":"2024-12-10T17:40:57","date_gmt":"2024-12-10T16:40:57","guid":{"rendered":"https:\/\/triptherapie.nl\/?page_id=51861"},"modified":"2025-03-07T17:50:38","modified_gmt":"2025-03-07T16:50:38","slug":"haufig-gestellte-fragen","status":"publish","type":"page","link":"https:\/\/triptherapie.nl\/de\/qa\/faq\/","title":{"rendered":"H\u00e4ufig gestellte Fragen"},"content":{"rendered":"<div data-elementor-type=\"wp-page\" data-elementor-id=\"51861\" class=\"elementor elementor-51861\" data-elementor-post-type=\"page\">\n\t\t\t\t<div class=\"elementor-element elementor-element-2684bc9 e-flex e-con-boxed e-con e-parent\" data-id=\"2684bc9\" data-element_type=\"container\" data-e-type=\"container\">\n\t\t\t\t\t<div class=\"e-con-inner\">\n\t\t\t\t<div class=\"elementor-element elementor-element-5f0b58b elementor-widget elementor-widget-heading\" data-id=\"5f0b58b\" data-element_type=\"widget\" data-e-type=\"widget\" data-widget_type=\"heading.default\">\n\t\t\t\t\t<h2 class=\"elementor-heading-title elementor-size-default\" id=\"waar-staat-de-faq\">Wo finde ich die FAQ?<\/h2>\t\t\t\t<\/div>\n\t\t\t\t<div class=\"elementor-element elementor-element-41fe6da elementor-widget elementor-widget-text-editor\" data-id=\"41fe6da\" data-element_type=\"widget\" data-e-type=\"widget\" data-widget_type=\"text-editor.default\">\n\t\t\t\t\t\t\t\t\t<p>Wo finde ich die h\u00e4ufig gestellten Fragen (FAQ) zu Psychedelika und psychedelischen Zeremonien?<\/p>\t\t\t\t\t\t\t\t<\/div>\n\t\t\t\t\t<\/div>\n\t\t\t\t<\/div>\n\t\t<div class=\"elementor-element elementor-element-8764f38 e-flex e-con-boxed e-con e-parent\" data-id=\"8764f38\" data-element_type=\"container\" data-e-type=\"container\">\n\t\t\t\t\t<div class=\"e-con-inner\">\n\t\t\t\t<div class=\"elementor-element elementor-element-fcd1e81 elementor-widget elementor-widget-heading\" data-id=\"fcd1e81\" data-element_type=\"widget\" data-e-type=\"widget\" data-widget_type=\"heading.default\">\n\t\t\t\t\t<h2 class=\"elementor-heading-title elementor-size-default\" id=\"vraag-en-antwoord\">Frage und Antwort<\/h2>\t\t\t\t<\/div>\n\t\t\t\t<div class=\"elementor-element elementor-element-9909636 elementor-widget elementor-widget-text-editor\" data-id=\"9909636\" data-element_type=\"widget\" data-e-type=\"widget\" data-widget_type=\"text-editor.default\">\n\t\t\t\t\t\t\t\t\t<p>Die regul\u00e4ren FAQs finden Sie hier: <a href=\"https:\/\/triptherapie.nl\/de\/fragen-und-antworten\/\"><span style=\"color: #cc99ff;\"><span style=\"text-decoration: underline;\">Fragen und Antworten Triptherapie<\/span><\/span><\/a><span style=\"text-decoration: underline;\"><span style=\"color: #cc99ff; text-decoration: underline;\">.<\/span><\/span> Sie k\u00f6nnen die Fragen auch hier auf der Seite einsehen. Weitere Fragen und Antworten finden Sie im Forum. Sie k\u00f6nnen Ihre Fragen auch \u00fcber das Kontaktformular oder den Chatbot Trippy stellen.<\/p>\t\t\t\t\t\t\t\t<\/div>\n\t\t\t\t\t<\/div>\n\t\t\t\t<\/div>\n\t\t<div class=\"elementor-element elementor-element-ed573ee e-flex e-con-boxed e-con e-parent\" data-id=\"ed573ee\" data-element_type=\"container\" data-e-type=\"container\">\n\t\t\t\t\t<div class=\"e-con-inner\">\n\t\t\t\t<div class=\"elementor-element elementor-element-71189d1 elementor-widget elementor-widget-button\" data-id=\"71189d1\" data-element_type=\"widget\" data-e-type=\"widget\" data-widget_type=\"button.default\">\n\t\t\t\t\t\t\t\t\t\t<a class=\"elementor-button elementor-button-link elementor-size-sm\" href=\"https:\/\/trip-forum.nl\/forum\/qa\/\" target=\"_blank\" rel=\"noopener\">\n\t\t\t\t\t\t<span class=\"elementor-button-content-wrapper\">\n\t\t\t\t\t\t\t\t\t<span class=\"elementor-button-text\">Frage- und Antwortforum<\/span>\n\t\t\t\t\t<\/span>\n\t\t\t\t\t<\/a>\n\t\t\t\t\t\t\t\t<\/div>\n\t\t\t\t<div class=\"elementor-element elementor-element-e8ededd elementor-widget elementor-widget-button\" data-id=\"e8ededd\" data-element_type=\"widget\" data-e-type=\"widget\" data-widget_type=\"button.default\">\n\t\t\t\t\t\t\t\t\t\t<a class=\"elementor-button elementor-button-link elementor-size-sm\" href=\"https:\/\/triptherapie.nl\/de\/kontakt\/\">\n\t\t\t\t\t\t<span class=\"elementor-button-content-wrapper\">\n\t\t\t\t\t\t\t\t\t<span class=\"elementor-button-text\">Kontakt<\/span>\n\t\t\t\t\t<\/span>\n\t\t\t\t\t<\/a>\n\t\t\t\t\t\t\t\t<\/div>\n\t\t\t\t<div class=\"elementor-element elementor-element-01951b8 elementor-widget elementor-widget-button\" data-id=\"01951b8\" data-element_type=\"widget\" data-e-type=\"widget\" data-widget_type=\"button.default\">\n\t\t\t\t\t\t\t\t\t\t<a class=\"elementor-button elementor-button-link elementor-size-sm\" href=\"https:\/\/triptherapie.nl\/de\/starte-einen-abgefahrenen-chat\/\">\n\t\t\t\t\t\t<span class=\"elementor-button-content-wrapper\">\n\t\t\t\t\t\t\t\t\t<span class=\"elementor-button-text\">Abgefahren<\/span>\n\t\t\t\t\t<\/span>\n\t\t\t\t\t<\/a>\n\t\t\t\t\t\t\t\t<\/div>\n\t\t\t\t\t<\/div>\n\t\t\t\t<\/div>\n\t\t<div class=\"elementor-element elementor-element-677e64f e-flex e-con-boxed e-con e-parent\" data-id=\"677e64f\" data-element_type=\"container\" data-e-type=\"container\" data-settings=\"{&quot;background_background&quot;:&quot;classic&quot;}\">\n\t\t\t\t\t<div class=\"e-con-inner\">\n\t\t\t\t<div class=\"elementor-element elementor-element-814bca5 elementor-widget elementor-widget-heading\" data-id=\"814bca5\" data-element_type=\"widget\" data-e-type=\"widget\" data-widget_type=\"heading.default\">\n\t\t\t\t\t<h2 class=\"elementor-heading-title elementor-size-default\" id=\"de-meest-recente-vragen-en-antwoorden\">Die aktuellsten Fragen und Antworten<\/h2>\t\t\t\t<\/div>\n\t\t\t\t<div class=\"elementor-element elementor-element-b8f02c1 elementor-widget elementor-widget-text-editor\" data-id=\"b8f02c1\" data-element_type=\"widget\" data-e-type=\"widget\" data-widget_type=\"text-editor.default\">\n\t\t\t\t\t\t\t\t\t<p>Hier finden Sie die neuesten Fragen und Antworten. Mit der Suchfunktion finden Sie die Antwort auch schneller.<\/p>\t\t\t\t\t\t\t\t<\/div>\n\t\t<div class=\"elementor-element elementor-element-5e5ca79 e-con-full e-flex e-con e-child\" data-id=\"5e5ca79\" data-element_type=\"container\" data-e-type=\"container\">\n\t\t\t\t<div class=\"elementor-element elementor-element-b2d3c3f elementor-search-form--skin-classic elementor-search-form--button-type-icon elementor-search-form--icon-search elementor-widget elementor-widget-search-form\" data-id=\"b2d3c3f\" data-element_type=\"widget\" data-e-type=\"widget\" data-settings=\"{&quot;skin&quot;:&quot;classic&quot;}\" data-widget_type=\"search-form.default\">\n\t\t\t\t\t\t\t<search role=\"search\">\n\t\t\t<form class=\"elementor-search-form\" action=\"https:\/\/triptherapie.nl\/de\/\" method=\"get\" data-trp-original-action=\"https:\/\/triptherapie.nl\/de\">\n\t\t\t\t\t\t\t\t\t\t\t\t<div class=\"elementor-search-form__container\">\n\t\t\t\t\t<label class=\"elementor-screen-only\" for=\"elementor-search-form-b2d3c3f\">Suchen<\/label>\n\n\t\t\t\t\t\n\t\t\t\t\t<input id=\"elementor-search-form-b2d3c3f\" placeholder=\"Suchen...\" class=\"elementor-search-form__input\" type=\"search\" name=\"s\" value=\"\">\n\t\t\t\t\t\n\t\t\t\t\t\t\t\t\t\t\t<button class=\"elementor-search-form__submit\" type=\"submit\" aria-label=\"Suchen\">\n\t\t\t\t\t\t\t\t\t\t\t\t\t\t\t<div class=\"e-font-icon-svg-container\"><svg class=\"fa fa-search e-font-icon-svg e-fas-search\" viewbox=\"0 0 512 512\" xmlns=\"http:\/\/www.w3.org\/2000\/svg\"><path d=\"M505 442.7L405.3 343c-4.5-4.5-10.6-7-17-7H372c27.6-35.3 44-79.7 44-128C416 93.1 322.9 0 208 0S0 93.1 0 208s93.1 208 208 208c48.3 0 92.7-16.4 128-44v16.3c0 6.4 2.5 12.5 7 17l99.7 99.7c9.4 9.4 24.6 9.4 33.9 0l28.3-28.3c9.4-9.4 9.4-24.6.1-34zM208 336c-70.7 0-128-57.2-128-128 0-70.7 57.2-128 128-128 70.7 0 128 57.2 128 128 0 70.7-57.2 128-128 128z\"><\/path><\/svg><\/div>\t\t\t\t\t\t\t\t\t\t\t\t\t<\/button>\n\t\t\t\t\t\n\t\t\t\t\t\t\t\t\t<\/div>\n\t\t\t<input type=\"hidden\" name=\"trp-form-language\" value=\"de\"\/><\/form>\n\t\t<\/search>\n\t\t\t\t\t\t<\/div>\n\t\t\t\t<\/div>\n\t\t\t\t<div class=\"elementor-element elementor-element-b3a86cb elementor-grid-1 elementor-grid-tablet-1 elementor-posts--thumbnail-none elementor-posts--align-center elementor-grid-mobile-1 elementor-widget elementor-widget-posts\" data-id=\"b3a86cb\" data-element_type=\"widget\" data-e-type=\"widget\" data-settings=\"{&quot;classic_columns&quot;:&quot;1&quot;,&quot;classic_columns_tablet&quot;:&quot;1&quot;,&quot;classic_row_gap&quot;:{&quot;unit&quot;:&quot;px&quot;,&quot;size&quot;:12,&quot;sizes&quot;:[]},&quot;pagination_type&quot;:&quot;load_more_infinite_scroll&quot;,&quot;classic_columns_mobile&quot;:&quot;1&quot;,&quot;classic_row_gap_tablet&quot;:{&quot;unit&quot;:&quot;px&quot;,&quot;size&quot;:&quot;&quot;,&quot;sizes&quot;:[]},&quot;classic_row_gap_mobile&quot;:{&quot;unit&quot;:&quot;px&quot;,&quot;size&quot;:&quot;&quot;,&quot;sizes&quot;:[]},&quot;load_more_spinner&quot;:{&quot;value&quot;:&quot;fas fa-spinner&quot;,&quot;library&quot;:&quot;fa-solid&quot;}}\" data-widget_type=\"posts.classic\">\n\t\t\t\t<div class=\"elementor-widget-container\">\n\t\t\t\t\t\t\t<div class=\"elementor-posts-container elementor-posts elementor-posts--skin-classic elementor-grid\" role=\"list\">\n\t\t\t\t<article class=\"elementor-post elementor-grid-item post-56107 page type-page status-publish hentry\" role=\"listitem\">\n\t\t\t\t<div class=\"elementor-post__text\">\n\t\t\t\t<h3 class=\"elementor-post__title\">\n\t\t\t<a href=\"https:\/\/triptherapie.nl\/de\/qa\/hoe-boek-je-een-psilocybine-truffel-ceremonie\/\">\n\t\t\t\tWie bucht man eine Psilocybin-Zeremonie (Tr\u00fcffelzeremonie)?\t\t\t<\/a>\n\t\t<\/h3>\n\t\t\t\t<div class=\"elementor-post__excerpt\">\n\t\t\t<p>Wie bucht man am besten eine Psilocybin-Tr\u00fcffel-Zeremonie?<\/p>\t\t<\/div>\n\t\t\n\t\t<a class=\"elementor-post__read-more\" href=\"https:\/\/triptherapie.nl\/de\/qa\/hoe-boek-je-een-psilocybine-truffel-ceremonie\/\" aria-label=\"Mehr zum Thema: Wie bucht man eine Psilocybin-Zeremonie (Tr\u00fcffelzeremonie)?\" tabindex=\"-1\">\n\t\t\tAntwort anzeigen\t\t<\/a>\n\n\t\t\t\t<\/div>\n\t\t\t\t<\/article>\n\t\t\t\t<article class=\"elementor-post elementor-grid-item post-56034 page type-page status-publish hentry\" role=\"listitem\">\n\t\t\t\t<div class=\"elementor-post__text\">\n\t\t\t\t<h3 class=\"elementor-post__title\">\n\t\t\t<a href=\"https:\/\/triptherapie.nl\/de\/qa\/goedkoopste-psychedelische-sessie-prijzen\/\">\n\t\t\t\tWas ist die g\u00fcnstigste psychedelische Sitzung oder das g\u00fcnstigste Retreat?\t\t\t<\/a>\n\t\t<\/h3>\n\t\t\t\t<div class=\"elementor-post__excerpt\">\n\t\t\t<p>Was ist die g\u00fcnstigste Option f\u00fcr eine psychedelische Session?<\/p>\t\t<\/div>\n\t\t\n\t\t<a class=\"elementor-post__read-more\" href=\"https:\/\/triptherapie.nl\/de\/qa\/goedkoopste-psychedelische-sessie-prijzen\/\" aria-label=\"Mehr zum Thema: Was ist die g\u00fcnstigste psychedelische Sitzung oder das g\u00fcnstigste Retreat?\" tabindex=\"-1\">\n\t\t\tAntwort anzeigen\t\t<\/a>\n\n\t\t\t\t<\/div>\n\t\t\t\t<\/article>\n\t\t\t\t<article class=\"elementor-post elementor-grid-item post-53728 page type-page status-publish has-post-thumbnail hentry\" role=\"listitem\">\n\t\t\t\t<div class=\"elementor-post__text\">\n\t\t\t\t<h3 class=\"elementor-post__title\">\n\t\t\t<a href=\"https:\/\/triptherapie.nl\/de\/qa\/truffeltherapie-ervaringen\/\">\n\t\t\t\tTr\u00fcffeltherapie-Erfahrungen\t\t\t<\/a>\n\t\t<\/h3>\n\t\t\t\t<div class=\"elementor-post__excerpt\">\n\t\t\t<p>Wie erleben Menschen die Tr\u00fcffeltherapie?<\/p>\t\t<\/div>\n\t\t\n\t\t<a class=\"elementor-post__read-more\" href=\"https:\/\/triptherapie.nl\/de\/qa\/truffeltherapie-ervaringen\/\" aria-label=\"Mehr \u00fcber Tr\u00fcffeltherapie-Erlebnisse\" tabindex=\"-1\">\n\t\t\tAntwort anzeigen\t\t<\/a>\n\n\t\t\t\t<\/div>\n\t\t\t\t<\/article>\n\t\t\t\t<article class=\"elementor-post elementor-grid-item post-53627 page type-page status-publish has-post-thumbnail hentry\" role=\"listitem\">\n\t\t\t\t<div class=\"elementor-post__text\">\n\t\t\t\t<h3 class=\"elementor-post__title\">\n\t\t\t<a href=\"https:\/\/triptherapie.nl\/de\/qa\/psychedelische-sessie-voor-klanten-vanuit-buitenland\/\">\n\t\t\t\tPsychedelische Sitzung f\u00fcr Klienten aus dem Ausland\t\t\t<\/a>\n\t\t<\/h3>\n\t\t\t\t<div class=\"elementor-post__excerpt\">\n\t\t\t<p>Wie kann ich eine psychedelische Therapie in den Niederlanden buchen, wenn ich aus dem Ausland anreise? Welche M\u00f6glichkeiten gibt es?<\/p>\t\t<\/div>\n\t\t\n\t\t<a class=\"elementor-post__read-more\" href=\"https:\/\/triptherapie.nl\/de\/qa\/psychedelische-sessie-voor-klanten-vanuit-buitenland\/\" aria-label=\"Mehr \u00fcber psychedelische Sitzungen f\u00fcr Klienten aus dem Ausland\" tabindex=\"-1\">\n\t\t\tAntwort anzeigen\t\t<\/a>\n\n\t\t\t\t<\/div>\n\t\t\t\t<\/article>\n\t\t\t\t<article class=\"elementor-post elementor-grid-item post-52609 page type-page status-publish has-post-thumbnail hentry\" role=\"listitem\">\n\t\t\t\t<div class=\"elementor-post__text\">\n\t\t\t\t<h3 class=\"elementor-post__title\">\n\t\t\t<a href=\"https:\/\/triptherapie.nl\/de\/qa\/nps-wet-en-mdma-analogen\/\">\n\t\t\t\tNPS-Gesetz und MDMA-Analoga\t\t\t<\/a>\n\t\t<\/h3>\n\t\t\t\t<div class=\"elementor-post__excerpt\">\n\t\t\t<p>Welche MDMA-Analoga werden aufgrund des ge\u00e4nderten Opiumgesetzes ab dem 1. Juli 2025 illegal sein?<\/p>\t\t<\/div>\n\t\t\n\t\t<a class=\"elementor-post__read-more\" href=\"https:\/\/triptherapie.nl\/de\/qa\/nps-wet-en-mdma-analogen\/\" aria-label=\"Mehr zum Thema NPS-Gesetzgebung und MDMA-Analoga\" tabindex=\"-1\">\n\t\t\tAntwort anzeigen\t\t<\/a>\n\n\t\t\t\t<\/div>\n\t\t\t\t<\/article>\n\t\t\t\t<article class=\"elementor-post elementor-grid-item post-52216 page type-page status-publish has-post-thumbnail hentry\" role=\"listitem\">\n\t\t\t\t<div class=\"elementor-post__text\">\n\t\t\t\t<h3 class=\"elementor-post__title\">\n\t\t\t<a href=\"https:\/\/triptherapie.nl\/de\/qa\/therapeuten\/\">\n\t\t\t\tPsychedelische Therapeuten\t\t\t<\/a>\n\t\t<\/h3>\n\t\t\t\t<div class=\"elementor-post__excerpt\">\n\t\t\t<p>Welche der Therapeuten bei Triptherapie sind als Psychologen oder \u00c4hnliches ausgebildet?<\/p>\t\t<\/div>\n\t\t\n\t\t<a class=\"elementor-post__read-more\" href=\"https:\/\/triptherapie.nl\/de\/qa\/therapeuten\/\" aria-label=\"Mehr \u00fcber psychedelische Therapeuten\" tabindex=\"-1\">\n\t\t\tAntwort anzeigen\t\t<\/a>\n\n\t\t\t\t<\/div>\n\t\t\t\t<\/article>\n\t\t\t\t<article class=\"elementor-post elementor-grid-item post-52044 page type-page status-publish has-post-thumbnail hentry\" role=\"listitem\">\n\t\t\t\t<div class=\"elementor-post__text\">\n\t\t\t\t<h3 class=\"elementor-post__title\">\n\t\t\t<a href=\"https:\/\/triptherapie.nl\/de\/qa\/truffel-ceremonie-psilocybine\/\">\n\t\t\t\tTr\u00fcffelzeremonie mit Psilocybin\t\t\t<\/a>\n\t\t<\/h3>\n\t\t\t\t<div class=\"elementor-post__excerpt\">\n\t\t\t<p>Wie viele Tr\u00fcffel oder wie viele Milligramm Psilocybin erh\u00e4lt man ungef\u00e4hr bei den magischen Tr\u00fcffelzeremonien?<\/p>\t\t<\/div>\n\t\t\n\t\t<a class=\"elementor-post__read-more\" href=\"https:\/\/triptherapie.nl\/de\/qa\/truffel-ceremonie-psilocybine\/\" aria-label=\"Mehr zur Tr\u00fcffelzeremonie mit Psilocybin\" tabindex=\"-1\">\n\t\t\tAntwort anzeigen\t\t<\/a>\n\n\t\t\t\t<\/div>\n\t\t\t\t<\/article>\n\t\t\t\t<article class=\"elementor-post elementor-grid-item post-51859 page type-page status-publish has-post-thumbnail hentry\" role=\"listitem\">\n\t\t\t\t<div class=\"elementor-post__text\">\n\t\t\t\t<h3 class=\"elementor-post__title\">\n\t\t\t<a href=\"https:\/\/triptherapie.nl\/de\/qa\/welke-psychedelische-therapie\/\">\n\t\t\t\tWelche psychedelische Therapie?\t\t\t<\/a>\n\t\t<\/h3>\n\t\t\t\t<div class=\"elementor-post__excerpt\">\n\t\t\t<p>Welche Psychedelika verwenden Sie in der psychedelischen Therapie und bei Zeremonien?<\/p>\t\t<\/div>\n\t\t\n\t\t<a class=\"elementor-post__read-more\" href=\"https:\/\/triptherapie.nl\/de\/qa\/welke-psychedelische-therapie\/\" aria-label=\"Mehr zum Thema: Welche psychedelische Therapie?\" tabindex=\"-1\">\n\t\t\tAntwort anzeigen\t\t<\/a>\n\n\t\t\t\t<\/div>\n\t\t\t\t<\/article>\n\t\t\t\t<article class=\"elementor-post elementor-grid-item post-51827 page type-page status-publish has-post-thumbnail hentry\" role=\"listitem\">\n\t\t\t\t<div class=\"elementor-post__text\">\n\t\t\t\t<h3 class=\"elementor-post__title\">\n\t\t\t<a href=\"https:\/\/triptherapie.nl\/de\/qa\/psychedelische-retraites\/\">\n\t\t\t\tPsychedelische Retreats\t\t\t<\/a>\n\t\t<\/h3>\n\t\t\t\t<div class=\"elementor-post__excerpt\">\n\t\t\t<p>Ich komme aus dem Ausland und m\u00f6chte an einem psychedelischen Retreat teilnehmen. Was sollte ich bei der Planung meiner Reise beachten?<\/p>\t\t<\/div>\n\t\t\n\t\t<a class=\"elementor-post__read-more\" href=\"https:\/\/triptherapie.nl\/de\/qa\/psychedelische-retraites\/\" aria-label=\"Mehr \u00fcber psychedelische Retreats\" tabindex=\"-1\">\n\t\t\tAntwort anzeigen\t\t<\/a>\n\n\t\t\t\t<\/div>\n\t\t\t\t<\/article>\n\t\t\t\t<article class=\"elementor-post elementor-grid-item post-51454 page type-page status-publish has-post-thumbnail hentry\" role=\"listitem\">\n\t\t\t\t<div class=\"elementor-post__text\">\n\t\t\t\t<h3 class=\"elementor-post__title\">\n\t\t\t<a href=\"https:\/\/triptherapie.nl\/de\/qa\/prijs-tripsitter-waar\/\">\n\t\t\t\tWas kostet ein Tripsitter und wo arbeiten sie?\t\t\t<\/a>\n\t\t<\/h3>\n\t\t\t\t<div class=\"elementor-post__excerpt\">\n\t\t\t<p>Was kostet ein Tripsitter in Amsterdam?<\/p>\t\t<\/div>\n\t\t\n\t\t<a class=\"elementor-post__read-more\" href=\"https:\/\/triptherapie.nl\/de\/qa\/prijs-tripsitter-waar\/\" aria-label=\"Mehr dazu: Was kostet ein Tripsitter und wo arbeiten sie?\" tabindex=\"-1\">\n\t\t\tAntwort anzeigen\t\t<\/a>\n\n\t\t\t\t<\/div>\n\t\t\t\t<\/article>\n\t\t\t\t<\/div>\n\t\t\t\t\t<span class=\"e-load-more-spinner\">\n\t\t\t\t<svg aria-hidden=\"true\" class=\"e-font-icon-svg e-fas-spinner\" viewbox=\"0 0 512 512\" xmlns=\"http:\/\/www.w3.org\/2000\/svg\"><path d=\"M304 48c0 26.51-21.49 48-48 48s-48-21.49-48-48 21.49-48 48-48 48 21.49 48 48zm-48 368c-26.51 0-48 21.49-48 48s21.49 48 48 48 48-21.49 48-48-21.49-48-48-48zm208-208c-26.51 0-48 21.49-48 48s21.49 48 48 48 48-21.49 48-48-21.49-48-48-48zM96 256c0-26.51-21.49-48-48-48S0 229.49 0 256s21.49 48 48 48 48-21.49 48-48zm12.922 99.078c-26.51 0-48 21.49-48 48s21.49 48 48 48 48-21.49 48-48c0-26.509-21.491-48-48-48zm294.156 0c-26.51 0-48 21.49-48 48s21.49 48 48 48 48-21.49 48-48c0-26.509-21.49-48-48-48zM108.922 60.922c-26.51 0-48 21.49-48 48s21.49 48 48 48 48-21.49 48-48-21.491-48-48-48z\"><\/path><\/svg>\t\t\t<\/span>\n\t\t\n\t\t\t\t<div class=\"e-load-more-anchor\" data-page=\"1\" data-max-page=\"3\" data-next-page=\"https:\/\/triptherapie.nl\/de\/wp-json\/wp\/v2\/pages\/51861\/page\/2\/\"><\/div>\n\t\t\t\t<div class=\"e-load-more-message\"><\/div>\n\t\t\t\t\t\t<\/div>\n\t\t\t\t<\/div>\n\t\t\t\t\t<\/div>\n\t\t\t\t<\/div>\n\t\t\t\t<\/div>","protected":false},"excerpt":{"rendered":"<p>Wo finde ich die h\u00e4ufig gestellten Fragen (FAQ) zu Psychedelika und psychedelischen Zeremonien?<\/p>","protected":false},"author":3119,"featured_media":41921,"parent":49776,"menu_order":0,"comment_status":"closed","ping_status":"closed","template":"","meta":{"footnotes":""},"class_list":["post-51861","page","type-page","status-publish","has-post-thumbnail","hentry"],"_links":{"self":[{"href":"https:\/\/triptherapie.nl\/de\/wp-json\/wp\/v2\/pages\/51861","targetHints":{"allow":["GET"]}}],"collection":[{"href":"https:\/\/triptherapie.nl\/de\/wp-json\/wp\/v2\/pages"}],"about":[{"href":"https:\/\/triptherapie.nl\/de\/wp-json\/wp\/v2\/types\/page"}],"author":[{"embeddable":true,"href":"https:\/\/triptherapie.nl\/de\/wp-json\/wp\/v2\/users\/3119"}],"replies":[{"embeddable":true,"href":"https:\/\/triptherapie.nl\/de\/wp-json\/wp\/v2\/comments?post=51861"}],"version-history":[{"count":0,"href":"https:\/\/triptherapie.nl\/de\/wp-json\/wp\/v2\/pages\/51861\/revisions"}],"up":[{"embeddable":true,"href":"https:\/\/triptherapie.nl\/de\/wp-json\/wp\/v2\/pages\/49776"}],"wp:featuredmedia":[{"embeddable":true,"href":"https:\/\/triptherapie.nl\/de\/wp-json\/wp\/v2\/media\/41921"}],"wp:attachment":[{"href":"https:\/\/triptherapie.nl\/de\/wp-json\/wp\/v2\/media?parent=51861"}],"curies":[{"name":"wp","href":"https:\/\/api.w.org\/{rel}","templated":true}]}}