{"id":51965,"date":"2025-03-20T16:30:58","date_gmt":"2025-03-20T15:30:58","guid":{"rendered":"https:\/\/triptherapie.nl\/?page_id=51965"},"modified":"2025-06-24T23:16:16","modified_gmt":"2025-06-24T21:16:16","slug":"spende","status":"publish","type":"page","link":"https:\/\/triptherapie.nl\/de\/donatie\/","title":{"rendered":"Spenden"},"content":{"rendered":"<div data-elementor-type=\"wp-page\" data-elementor-id=\"51965\" class=\"elementor elementor-51965\" data-elementor-post-type=\"page\">\n\t\t\t\t<div class=\"elementor-element elementor-element-505da86 e-flex e-con-boxed e-con e-parent\" data-id=\"505da86\" data-element_type=\"container\" data-e-type=\"container\">\n\t\t\t\t\t<div class=\"e-con-inner\">\n\t\t\t\t<div class=\"elementor-element elementor-element-621c271 elementor-widget elementor-widget-heading\" data-id=\"621c271\" data-element_type=\"widget\" data-e-type=\"widget\" data-widget_type=\"heading.default\">\n\t\t\t\t\t<h2 class=\"elementor-heading-title elementor-size-default\" id=\"kleinere-donaties-helpen-lagere-inkomens\">\"Kleinere\" Spenden helfen Menschen mit geringem Einkommen.<\/h2>\t\t\t\t<\/div>\n\t\t\t\t\t<\/div>\n\t\t\t\t<\/div>\n\t\t<div class=\"elementor-element elementor-element-5689b64 e-flex e-con-boxed e-con e-parent\" data-id=\"5689b64\" data-element_type=\"container\" data-e-type=\"container\">\n\t\t\t\t\t<div class=\"e-con-inner\">\n\t\t<div class=\"elementor-element elementor-element-9df8db9 e-con-full e-flex e-con e-child\" data-id=\"9df8db9\" data-element_type=\"container\" data-e-type=\"container\">\n\t\t\t\t<div class=\"elementor-element elementor-element-61a651d elementor-widget elementor-widget-text-editor\" data-id=\"61a651d\" data-element_type=\"widget\" data-e-type=\"widget\" data-widget_type=\"text-editor.default\">\n\t\t\t\t\t\t\t\t\t<p>Bei Triptherapie finanzieren wir einen Zuschussfonds durch Trinkgelder und Spenden. Menschen mit geringem Einkommen k\u00f6nnen so eine teilweise Kostenr\u00fcckerstattung f\u00fcr eine psychedelische Zeremonie beantragen. Alle kleineren Spenden (unter 10.000 \u20ac) und Trinkgelder flie\u00dfen in diesen Fonds. Dadurch k\u00f6nnen wir unsere Dienstleistungen auch Menschen mit kleinerem Budget anbieten.<\/p>\t\t\t\t\t\t\t\t<\/div>\n\t\t\t\t<div class=\"elementor-element elementor-element-86c9d6b elementor-widget elementor-widget-text-editor\" data-id=\"86c9d6b\" data-element_type=\"widget\" data-e-type=\"widget\" data-widget_type=\"text-editor.default\">\n\t\t\t\t\t\t\t\t\t<p>Wenn Sie diesen F\u00f6rderfonds zus\u00e4tzlich aufstocken m\u00f6chten, k\u00f6nnen Sie einen Betrag Ihrer Wahl auf das unten stehende Konto \u00fcberweisen oder uns kontaktieren.<\/p>\t\t\t\t\t\t\t\t<\/div>\n\t\t\t\t<div class=\"elementor-element elementor-element-3b0c034 elementor-widget elementor-widget-text-editor\" data-id=\"3b0c034\" data-element_type=\"widget\" data-e-type=\"widget\" data-widget_type=\"text-editor.default\">\n\t\t\t\t\t\t\t\t\t<p>Name: Triptherapie<br \/>IBAN: NL31REVO4147011446<br \/>BIC: REVONL22<br \/>Funktion: Spende<\/p>\t\t\t\t\t\t\t\t<\/div>\n\t\t\t\t<\/div>\n\t\t<div class=\"elementor-element elementor-element-e15b610 e-con-full e-flex e-con e-child\" data-id=\"e15b610\" data-element_type=\"container\" data-e-type=\"container\" data-settings=\"{&quot;background_background&quot;:&quot;gradient&quot;}\">\n\t\t\t\t<div class=\"elementor-element elementor-element-b41f0ff elementor-widget elementor-widget-heading\" data-id=\"b41f0ff\" data-element_type=\"widget\" data-e-type=\"widget\" data-widget_type=\"heading.default\">\n\t\t\t\t\t<h3 class=\"elementor-heading-title elementor-size-default\" id=\"subsidiepot\">Subventionstopf<\/h3>\t\t\t\t<\/div>\n\t\t\t\t<div class=\"elementor-element elementor-element-56700e9 elementor-widget elementor-widget-global elementor-global-51970 elementor-widget-counter\" data-id=\"56700e9\" data-element_type=\"widget\" data-e-type=\"widget\" data-widget_type=\"counter.default\">\n\t\t\t\t\t\t\t<div class=\"elementor-counter\">\n\t\t\t<div class=\"elementor-counter-title\">Verf\u00fcgbar<\/div>\t\t\t<div class=\"elementor-counter-number-wrapper\">\n\t\t\t\t<span class=\"elementor-counter-number-prefix\">\u20ac<\/span>\n\t\t\t\t<span class=\"elementor-counter-number\" data-duration=\"2000\" data-to-value=\"375\" data-from-value=\"7475\">7475<\/span>\n\t\t\t\t<span class=\"elementor-counter-number-suffix\"><\/span>\n\t\t\t<\/div>\n\t\t<\/div>\n\t\t\t\t\t\t<\/div>\n\t\t\t\t<div class=\"elementor-element elementor-element-a41262c elementor-widget elementor-widget-global elementor-global-51973 elementor-widget-counter\" data-id=\"a41262c\" data-element_type=\"widget\" data-e-type=\"widget\" data-widget_type=\"counter.default\">\n\t\t\t\t\t\t\t<div class=\"elementor-counter\">\n\t\t\t<div class=\"elementor-counter-title\">Menschen halfen<\/div>\t\t\t<div class=\"elementor-counter-number-wrapper\">\n\t\t\t\t<span class=\"elementor-counter-number-prefix\"><\/span>\n\t\t\t\t<span class=\"elementor-counter-number\" data-duration=\"2000\" data-to-value=\"18\" data-from-value=\"0\">0<\/span>\n\t\t\t\t<span class=\"elementor-counter-number-suffix\"><\/span>\n\t\t\t<\/div>\n\t\t<\/div>\n\t\t\t\t\t\t<\/div>\n\t\t\t\t<div class=\"elementor-element elementor-element-789feee elementor-widget elementor-widget-global elementor-global-51976 elementor-widget-counter\" data-id=\"789feee\" data-element_type=\"widget\" data-e-type=\"widget\" data-widget_type=\"counter.default\">\n\t\t\t\t\t\t\t<div class=\"elementor-counter\">\n\t\t\t<div class=\"elementor-counter-title\">Ausgezahlt<\/div>\t\t\t<div class=\"elementor-counter-number-wrapper\">\n\t\t\t\t<span class=\"elementor-counter-number-prefix\">\u20ac<\/span>\n\t\t\t\t<span class=\"elementor-counter-number\" data-duration=\"2000\" data-to-value=\"7100\" data-from-value=\"0\">0<\/span>\n\t\t\t\t<span class=\"elementor-counter-number-suffix\"><\/span>\n\t\t\t<\/div>\n\t\t<\/div>\n\t\t\t\t\t\t<\/div>\n\t\t\t\t<div class=\"elementor-element elementor-element-81c0d6d elementor-align-center elementor-widget elementor-widget-button\" data-id=\"81c0d6d\" data-element_type=\"widget\" data-e-type=\"widget\" data-widget_type=\"button.default\">\n\t\t\t\t\t\t\t\t\t\t<a class=\"elementor-button elementor-button-link elementor-size-sm\" href=\"https:\/\/triptherapie.nl\/de\/antrag-auf-finanzielle-entschadigung-fur-eine-psychedelische-sitzung\/\">\n\t\t\t\t\t\t<span class=\"elementor-button-content-wrapper\">\n\t\t\t\t\t\t\t\t\t<span class=\"elementor-button-text\">Fordern Sie einen Rabatt an<\/span>\n\t\t\t\t\t<\/span>\n\t\t\t\t\t<\/a>\n\t\t\t\t\t\t\t\t<\/div>\n\t\t\t\t<\/div>\n\t\t\t\t\t<\/div>\n\t\t\t\t<\/div>\n\t\t<div class=\"elementor-element elementor-element-63abb70 e-flex e-con-boxed e-con e-parent\" data-id=\"63abb70\" data-element_type=\"container\" data-e-type=\"container\">\n\t\t\t\t\t<div class=\"e-con-inner\">\n\t\t\t\t<div class=\"elementor-element elementor-element-dff4bd3 elementor-widget elementor-widget-heading\" data-id=\"dff4bd3\" data-element_type=\"widget\" data-e-type=\"widget\" data-widget_type=\"heading.default\">\n\t\t\t\t\t<h2 class=\"elementor-heading-title elementor-size-default\" id=\"grotere-donaties\">Gr\u00f6\u00dfere Spenden<\/h2>\t\t\t\t<\/div>\n\t\t\t\t<div class=\"elementor-element elementor-element-86c768f elementor-widget elementor-widget-text-editor\" data-id=\"86c768f\" data-element_type=\"widget\" data-e-type=\"widget\" data-widget_type=\"text-editor.default\">\n\t\t\t\t\t\t\t\t\t<p>Wir m\u00f6chten ein Retreatzentrum gr\u00fcnden, das Psychedelika und einen ganzheitlichen Ansatz in der alternativen Medizin in den Vordergrund stellt. Mit gr\u00f6\u00dferen Spenden m\u00f6chten wir eine Immobilie erwerben, um unsere Leistungen langfristig zu einem fairen Preis anbieten zu k\u00f6nnen. Bitte kontaktieren Sie uns, wenn Sie uns beim Immobilienerwerb unterst\u00fctzen oder eine gr\u00f6\u00dfere Spende leisten m\u00f6chten. Wir k\u00f6nnen dann gemeinsam besprechen, wie die Gelder verwendet werden sollen.<\/p>\t\t\t\t\t\t\t\t<\/div>\n\t\t\t\t<div class=\"elementor-element elementor-element-a3dfa1d elementor-align-center elementor-widget elementor-widget-button\" data-id=\"a3dfa1d\" data-element_type=\"widget\" data-e-type=\"widget\" data-widget_type=\"button.default\">\n\t\t\t\t\t\t\t\t\t\t<a class=\"elementor-button elementor-button-link elementor-size-sm\" href=\"https:\/\/triptherapie.nl\/de\/kontakt\/\">\n\t\t\t\t\t\t<span class=\"elementor-button-content-wrapper\">\n\t\t\t\t\t\t\t\t\t<span class=\"elementor-button-text\">Kontakt<\/span>\n\t\t\t\t\t<\/span>\n\t\t\t\t\t<\/a>\n\t\t\t\t\t\t\t\t<\/div>\n\t\t\t\t\t<\/div>\n\t\t\t\t<\/div>\n\t\t\t\t<\/div>","protected":false},"excerpt":{"rendered":"<p>&#8220;Kleinere&#8221; donaties helpen lagere inkomens Bij Triptherapie gebruiken we fooien en donaties om een subsidiepot aan te vullen. Mensen met een laag inkomen kunnen vervolgens aanspraak maken op en gedeeltelijke vergoeding van een psychedelische ceremonie. Alle kleinere donaties (onder de 10.000 euro) en fooien gaan in deze subsidiepot. Zo maken we onze dienstverlening ook betaalbaar [&hellip;]<\/p>\n","protected":false},"author":192,"featured_media":0,"parent":0,"menu_order":0,"comment_status":"closed","ping_status":"closed","template":"","meta":{"footnotes":""},"class_list":["post-51965","page","type-page","status-publish","hentry"],"_links":{"self":[{"href":"https:\/\/triptherapie.nl\/de\/wp-json\/wp\/v2\/pages\/51965","targetHints":{"allow":["GET"]}}],"collection":[{"href":"https:\/\/triptherapie.nl\/de\/wp-json\/wp\/v2\/pages"}],"about":[{"href":"https:\/\/triptherapie.nl\/de\/wp-json\/wp\/v2\/types\/page"}],"author":[{"embeddable":true,"href":"https:\/\/triptherapie.nl\/de\/wp-json\/wp\/v2\/users\/192"}],"replies":[{"embeddable":true,"href":"https:\/\/triptherapie.nl\/de\/wp-json\/wp\/v2\/comments?post=51965"}],"version-history":[{"count":0,"href":"https:\/\/triptherapie.nl\/de\/wp-json\/wp\/v2\/pages\/51965\/revisions"}],"wp:attachment":[{"href":"https:\/\/triptherapie.nl\/de\/wp-json\/wp\/v2\/media?parent=51965"}],"curies":[{"name":"wp","href":"https:\/\/api.w.org\/{rel}","templated":true}]}}