{"id":52227,"date":"2025-05-02T16:11:49","date_gmt":"2025-05-02T14:11:49","guid":{"rendered":"https:\/\/triptherapie.nl\/?page_id=52227"},"modified":"2025-08-20T21:47:50","modified_gmt":"2025-08-20T19:47:50","slug":"starte-einen-abgefahrenen-chat","status":"publish","type":"page","link":"https:\/\/triptherapie.nl\/de\/start-trippy-chat\/","title":{"rendered":"Starte einen abgefahrenen Chat"},"content":{"rendered":"<div data-elementor-type=\"wp-page\" data-elementor-id=\"52227\" class=\"elementor elementor-52227\" data-elementor-post-type=\"page\">\n\t\t\t\t<div class=\"elementor-element elementor-element-cce5ecb e-flex e-con-boxed e-con e-parent\" data-id=\"cce5ecb\" data-element_type=\"container\" data-e-type=\"container\">\n\t\t\t\t\t<div class=\"e-con-inner\">\n\t\t\t\t<div class=\"elementor-element elementor-element-4c23767 elementor-widget elementor-widget-heading\" data-id=\"4c23767\" data-element_type=\"widget\" data-e-type=\"widget\" data-widget_type=\"heading.default\">\n\t\t\t\t\t<h2 class=\"elementor-heading-title elementor-size-default\" id=\"trippy-chat-is-verhuisd\">Trippy Chat ist umgezogen.<\/h2>\t\t\t\t<\/div>\n\t\t\t\t<div class=\"elementor-element elementor-element-1485983 elementor-widget elementor-widget-text-editor\" data-id=\"1485983\" data-element_type=\"widget\" data-e-type=\"widget\" data-widget_type=\"text-editor.default\">\n\t\t\t\t\t\t\t\t\t<p>Wir haben den Trippy-Chat auf ChatGPT umgestellt, da das ChatGPT-Modell besser funktioniert als die vorherige Version. Ein weiterer Vorteil: ChatGPT greift bei jeder Abfrage direkt auf die Daten der Triptherapie-Datenbank zu. Sie k\u00f6nnen den Chat \u00fcber die Schaltfl\u00e4che unten oder das Chat-Symbol unten rechts auf dieser Seite starten.<\/p>\t\t\t\t\t\t\t\t<\/div>\n\t\t\t\t\t<\/div>\n\t\t\t\t<\/div>\n\t\t<div class=\"elementor-element elementor-element-10d75e8 e-flex e-con-boxed e-con e-parent\" data-id=\"10d75e8\" data-element_type=\"container\" data-e-type=\"container\">\n\t\t\t\t\t<div class=\"e-con-inner\">\n\t\t\t\t<div class=\"elementor-element elementor-element-b47a459 elementor-align-center elementor-widget elementor-widget-button\" data-id=\"b47a459\" data-element_type=\"widget\" data-e-type=\"widget\" data-widget_type=\"button.default\">\n\t\t\t\t\t\t\t\t\t\t<a class=\"elementor-button elementor-button-link elementor-size-sm\" href=\"https:\/\/chatgpt.com\/g\/g-67c30ea8a1d4819195e361182e79d25d-trippy-chat\" target=\"_blank\" rel=\"nofollow noopener\">\n\t\t\t\t\t\t<span class=\"elementor-button-content-wrapper\">\n\t\t\t\t\t\t<span class=\"elementor-button-icon\">\n\t\t\t\t<svg aria-hidden=\"true\" class=\"e-font-icon-svg e-fas-robot\" viewbox=\"0 0 640 512\" xmlns=\"http:\/\/www.w3.org\/2000\/svg\"><path d=\"M32,224H64V416H32A31.96166,31.96166,0,0,1,0,384V256A31.96166,31.96166,0,0,1,32,224Zm512-48V448a64.06328,64.06328,0,0,1-64,64H160a64.06328,64.06328,0,0,1-64-64V176a79.974,79.974,0,0,1,80-80H288V32a32,32,0,0,1,64,0V96H464A79.974,79.974,0,0,1,544,176ZM264,256a40,40,0,1,0-40,40A39.997,39.997,0,0,0,264,256Zm-8,128H192v32h64Zm96,0H288v32h64ZM456,256a40,40,0,1,0-40,40A39.997,39.997,0,0,0,456,256Zm-8,128H384v32h64ZM640,256V384a31.96166,31.96166,0,0,1-32,32H576V224h32A31.96166,31.96166,0,0,1,640,256Z\"><\/path><\/svg>\t\t\t<\/span>\n\t\t\t\t\t\t\t\t\t<span class=\"elementor-button-text\">Abgefahrener Chat<\/span>\n\t\t\t\t\t<\/span>\n\t\t\t\t\t<\/a>\n\t\t\t\t\t\t\t\t<\/div>\n\t\t\t\t\t<\/div>\n\t\t\t\t<\/div>\n\t\t\t\t<\/div>","protected":false},"excerpt":{"rendered":"<p>Trippy chat is verhuisd We hebben Trippy chat verhuisd naar ChatGPT omdat het model van ChatGPT beter werkt dan de eerdere versie. Als bonus haalt ChatGPT bij elke zoekopdracht gegevens direct op uit het de database van Triptherapie. Je kunt de chat starten via de onderstaande knop of via het chaticoon rechtsonder op deze pagina. [&hellip;]<\/p>\n","protected":false},"author":1,"featured_media":0,"parent":0,"menu_order":0,"comment_status":"closed","ping_status":"closed","template":"","meta":{"footnotes":""},"class_list":["post-52227","page","type-page","status-publish","hentry"],"_links":{"self":[{"href":"https:\/\/triptherapie.nl\/de\/wp-json\/wp\/v2\/pages\/52227","targetHints":{"allow":["GET"]}}],"collection":[{"href":"https:\/\/triptherapie.nl\/de\/wp-json\/wp\/v2\/pages"}],"about":[{"href":"https:\/\/triptherapie.nl\/de\/wp-json\/wp\/v2\/types\/page"}],"author":[{"embeddable":true,"href":"https:\/\/triptherapie.nl\/de\/wp-json\/wp\/v2\/users\/1"}],"replies":[{"embeddable":true,"href":"https:\/\/triptherapie.nl\/de\/wp-json\/wp\/v2\/comments?post=52227"}],"version-history":[{"count":0,"href":"https:\/\/triptherapie.nl\/de\/wp-json\/wp\/v2\/pages\/52227\/revisions"}],"wp:attachment":[{"href":"https:\/\/triptherapie.nl\/de\/wp-json\/wp\/v2\/media?parent=52227"}],"curies":[{"name":"wp","href":"https:\/\/api.w.org\/{rel}","templated":true}]}}