{"id":53485,"date":"2025-10-01T10:46:48","date_gmt":"2025-10-01T08:46:48","guid":{"rendered":"https:\/\/triptherapie.nl\/?page_id=53485"},"modified":"2025-10-02T16:15:39","modified_gmt":"2025-10-02T14:15:39","slug":"individuell","status":"publish","type":"page","link":"https:\/\/triptherapie.nl\/de\/individueel\/","title":{"rendered":"Individuelle psychedelische Therapie"},"content":{"rendered":"<div data-elementor-type=\"wp-page\" data-elementor-id=\"53485\" class=\"elementor elementor-53485\" data-elementor-post-type=\"page\">\n\t\t\t\t<div class=\"elementor-element elementor-element-9f47b4d e-flex e-con-boxed e-con e-parent\" data-id=\"9f47b4d\" data-element_type=\"container\" data-e-type=\"container\">\n\t\t\t\t\t<div class=\"e-con-inner\">\n\t\t\t\t<div class=\"elementor-element elementor-element-a01c28b elementor-widget elementor-widget-heading\" data-id=\"a01c28b\" data-element_type=\"widget\" data-e-type=\"widget\" data-widget_type=\"heading.default\">\n\t\t\t\t\t<h2 class=\"elementor-heading-title elementor-size-default\" id=\"verschillende-psychedelische-therapieen\">Verschiedene psychedelische Therapien<\/h2>\t\t\t\t<\/div>\n\t\t\t\t<div class=\"elementor-element elementor-element-c9c62a8 elementor-widget elementor-widget-text-editor\" data-id=\"c9c62a8\" data-element_type=\"widget\" data-e-type=\"widget\" data-widget_type=\"text-editor.default\">\n\t\t\t\t\t\t\t\t\t<p data-start=\"249\" data-end=\"655\">In unserem Angebot finden Sie verschiedene psychedelische Therapien. Jede Substanz hat ihre eigene Wirkung, Intensit\u00e4t und Anwendungsgebiete. Um Sie umfassend zu informieren, bieten wir f\u00fcr jede Therapie eine separate Seite mit detaillierten Erkl\u00e4rungen. So erhalten Sie Einblick in die Unterschiede zwischen Psilocybin (Tr\u00fcffel), Psiloflora, LSD, MDMA, Ketamin, Ayahuasca und weiteren Substanzen.<\/p><p data-start=\"657\" data-end=\"994\">Da nicht jede Therapie f\u00fcr jede Situation oder Person geeignet ist, besprechen wir im Vorgespr\u00e4ch Ihre Gesundheit, Ihre Medikamenteneinnahme, Ihre Absichten und Ihre pers\u00f6nlichen Ziele. Darauf aufbauend erhalten Sie eine individuelle Beratung, welche Therapie am besten zu Ihrer Situation passt, um eine sichere und wirksame Behandlung zu gew\u00e4hrleisten.<\/p>\t\t\t\t\t\t\t\t<\/div>\n\t\t<div class=\"elementor-element elementor-element-84cd417 e-con-full e-flex e-con e-child\" data-id=\"84cd417\" data-element_type=\"container\" data-e-type=\"container\">\n\t\t\t\t<div class=\"elementor-element elementor-element-387d010 elementor-align-center elementor-widget elementor-widget-button\" data-id=\"387d010\" data-element_type=\"widget\" data-e-type=\"widget\" data-widget_type=\"button.default\">\n\t\t\t\t\t\t\t\t\t\t<a class=\"elementor-button elementor-button-link elementor-size-sm\" href=\"https:\/\/triptherapie.nl\/de\/aufnahmetherapie\/\">\n\t\t\t\t\t\t<span class=\"elementor-button-content-wrapper\">\n\t\t\t\t\t\t<span class=\"elementor-button-icon\">\n\t\t\t\t<svg aria-hidden=\"true\" class=\"e-font-icon-svg e-fas-user-plus\" viewbox=\"0 0 640 512\" xmlns=\"http:\/\/www.w3.org\/2000\/svg\"><path d=\"M624 208h-64v-64c0-8.8-7.2-16-16-16h-32c-8.8 0-16 7.2-16 16v64h-64c-8.8 0-16 7.2-16 16v32c0 8.8 7.2 16 16 16h64v64c0 8.8 7.2 16 16 16h32c8.8 0 16-7.2 16-16v-64h64c8.8 0 16-7.2 16-16v-32c0-8.8-7.2-16-16-16zm-400 48c70.7 0 128-57.3 128-128S294.7 0 224 0 96 57.3 96 128s57.3 128 128 128zm89.6 32h-16.7c-22.2 10.2-46.9 16-72.9 16s-50.6-5.8-72.9-16h-16.7C60.2 288 0 348.2 0 422.4V464c0 26.5 21.5 48 48 48h352c26.5 0 48-21.5 48-48v-41.6c0-74.2-60.2-134.4-134.4-134.4z\"><\/path><\/svg>\t\t\t<\/span>\n\t\t\t\t\t\t\t\t\t<span class=\"elementor-button-text\">Online-Aufnahme<\/span>\n\t\t\t\t\t<\/span>\n\t\t\t\t\t<\/a>\n\t\t\t\t\t\t\t\t<\/div>\n\t\t\t\t<div class=\"elementor-element elementor-element-629a522 elementor-align-center elementor-widget elementor-widget-button\" data-id=\"629a522\" data-element_type=\"widget\" data-e-type=\"widget\" data-widget_type=\"button.default\">\n\t\t\t\t\t\t\t\t\t\t<a class=\"elementor-button elementor-button-link elementor-size-sm\" href=\"https:\/\/triptherapie.nl\/de\/reservierungen\/\">\n\t\t\t\t\t\t<span class=\"elementor-button-content-wrapper\">\n\t\t\t\t\t\t<span class=\"elementor-button-icon\">\n\t\t\t\t<svg aria-hidden=\"true\" class=\"e-font-icon-svg e-far-calendar-alt\" viewbox=\"0 0 448 512\" xmlns=\"http:\/\/www.w3.org\/2000\/svg\"><path d=\"M148 288h-40c-6.6 0-12-5.4-12-12v-40c0-6.6 5.4-12 12-12h40c6.6 0 12 5.4 12 12v40c0 6.6-5.4 12-12 12zm108-12v-40c0-6.6-5.4-12-12-12h-40c-6.6 0-12 5.4-12 12v40c0 6.6 5.4 12 12 12h40c6.6 0 12-5.4 12-12zm96 0v-40c0-6.6-5.4-12-12-12h-40c-6.6 0-12 5.4-12 12v40c0 6.6 5.4 12 12 12h40c6.6 0 12-5.4 12-12zm-96 96v-40c0-6.6-5.4-12-12-12h-40c-6.6 0-12 5.4-12 12v40c0 6.6 5.4 12 12 12h40c6.6 0 12-5.4 12-12zm-96 0v-40c0-6.6-5.4-12-12-12h-40c-6.6 0-12 5.4-12 12v40c0 6.6 5.4 12 12 12h40c6.6 0 12-5.4 12-12zm192 0v-40c0-6.6-5.4-12-12-12h-40c-6.6 0-12 5.4-12 12v40c0 6.6 5.4 12 12 12h40c6.6 0 12-5.4 12-12zm96-260v352c0 26.5-21.5 48-48 48H48c-26.5 0-48-21.5-48-48V112c0-26.5 21.5-48 48-48h48V12c0-6.6 5.4-12 12-12h40c6.6 0 12 5.4 12 12v52h128V12c0-6.6 5.4-12 12-12h40c6.6 0 12 5.4 12 12v52h48c26.5 0 48 21.5 48 48zm-48 346V160H48v298c0 3.3 2.7 6 6 6h340c3.3 0 6-2.7 6-6z\"><\/path><\/svg>\t\t\t<\/span>\n\t\t\t\t\t\t\t\t\t<span class=\"elementor-button-text\">Um zu buchen<\/span>\n\t\t\t\t\t<\/span>\n\t\t\t\t\t<\/a>\n\t\t\t\t\t\t\t\t<\/div>\n\t\t\t\t<\/div>\n\t\t\t\t\t<\/div>\n\t\t\t\t<\/div>\n\t\t<div class=\"elementor-element elementor-element-a34c487 e-con-full e-flex e-con e-parent\" data-id=\"a34c487\" data-element_type=\"container\" data-e-type=\"container\" data-settings=\"{&quot;background_background&quot;:&quot;classic&quot;}\">\n\t\t\t\t<div class=\"elementor-element elementor-element-282aacb elementor-widget elementor-widget-heading\" data-id=\"282aacb\" data-element_type=\"widget\" data-e-type=\"widget\" data-widget_type=\"heading.default\">\n\t\t\t\t\t<h2 class=\"elementor-heading-title elementor-size-default\" id=\"overzicht\">\u00dcberblick<\/h2>\t\t\t\t<\/div>\n\t\t\t\t<div class=\"elementor-element elementor-element-7a15f0c elementor-widget elementor-widget-text-editor\" data-id=\"7a15f0c\" data-element_type=\"widget\" data-e-type=\"widget\" data-widget_type=\"text-editor.default\">\n\t\t\t\t\t\t\t\t\t<p>Nachfolgend finden Sie unser Angebot an individuellen Therapieoptionen mit verschiedenen Psychedelika.<\/p>\t\t\t\t\t\t\t\t<\/div>\n\t\t<div class=\"elementor-element elementor-element-6755040 e-con-full e-flex e-con e-child\" data-id=\"6755040\" data-element_type=\"container\" data-e-type=\"container\">\n\t\t\t\t<div class=\"elementor-element elementor-element-00bff56 elementor-grid-4 elementor-grid-tablet-3 elementor-posts--align-center elementor-grid-mobile-3 elementor-widget-mobile__width-inherit elementor-posts--thumbnail-top elementor-card-shadow-yes elementor-posts__hover-gradient elementor-widget elementor-widget-posts\" data-id=\"00bff56\" data-element_type=\"widget\" data-e-type=\"widget\" data-settings=\"{&quot;cards_columns&quot;:&quot;4&quot;,&quot;cards_columns_tablet&quot;:&quot;3&quot;,&quot;cards_row_gap&quot;:{&quot;unit&quot;:&quot;px&quot;,&quot;size&quot;:15,&quot;sizes&quot;:[]},&quot;cards_row_gap_mobile&quot;:{&quot;unit&quot;:&quot;px&quot;,&quot;size&quot;:1,&quot;sizes&quot;:[]},&quot;cards_columns_mobile&quot;:&quot;3&quot;,&quot;cards_row_gap_tablet&quot;:{&quot;unit&quot;:&quot;px&quot;,&quot;size&quot;:&quot;&quot;,&quot;sizes&quot;:[]}}\" data-widget_type=\"posts.cards\">\n\t\t\t\t<div class=\"elementor-widget-container\">\n\t\t\t\t\t\t\t<div class=\"elementor-posts-container elementor-posts elementor-posts--skin-cards elementor-grid\" role=\"list\">\n\t\t\t\t<article class=\"elementor-post elementor-grid-item post-53618 page type-page status-publish has-post-thumbnail hentry\" role=\"listitem\">\n\t\t\t<div class=\"elementor-post__card\">\n\t\t\t\t<a class=\"elementor-post__thumbnail__link\" href=\"https:\/\/triptherapie.nl\/de\/individueel\/ketamine-therapie\/\" tabindex=\"-1\" ><div class=\"elementor-post__thumbnail\"><img fetchpriority=\"high\" decoding=\"async\" width=\"300\" height=\"169\" src=\"https:\/\/triptherapie.nl\/wp-content\/uploads\/2025\/09\/Ketamine-300x169.png?wsr\" class=\"attachment-medium size-medium wp-image-53238\" alt=\"Ketaminmolek\u00fcl\" srcset=\"https:\/\/triptherapie.nl\/wp-content\/uploads\/2025\/09\/Ketamine-300x169.png 300w, https:\/\/triptherapie.nl\/wp-content\/uploads\/2025\/09\/Ketamine-1024x576.png 1024w, https:\/\/triptherapie.nl\/wp-content\/uploads\/2025\/09\/Ketamine-768x432.png 768w, https:\/\/triptherapie.nl\/wp-content\/uploads\/2025\/09\/Ketamine-1536x864.png 1536w, https:\/\/triptherapie.nl\/wp-content\/uploads\/2025\/09\/Ketamine-18x10.png 18w, https:\/\/triptherapie.nl\/wp-content\/uploads\/2025\/09\/Ketamine.png 1820w\" sizes=\"(max-width: 300px) 100vw, 300px\" title=\"\"><\/div><\/a>\n\t\t\t\t<div class=\"elementor-post__text\">\n\t\t\t\t<h3 class=\"elementor-post__title\">\n\t\t\t<a href=\"https:\/\/triptherapie.nl\/de\/individueel\/ketamine-therapie\/\" >\n\t\t\t\tKetamintherapie\t\t\t<\/a>\n\t\t<\/h3>\n\t\t\t\t<\/div>\n\t\t\t\t\t<\/div>\n\t\t<\/article>\n\t\t\t\t<article class=\"elementor-post elementor-grid-item post-43145 page type-page status-publish has-post-thumbnail hentry\" role=\"listitem\">\n\t\t\t<div class=\"elementor-post__card\">\n\t\t\t\t<a class=\"elementor-post__thumbnail__link\" href=\"https:\/\/triptherapie.nl\/de\/individueel\/lsd-therapie\/\" tabindex=\"-1\" ><div class=\"elementor-post__thumbnail\"><img decoding=\"async\" width=\"300\" height=\"169\" src=\"https:\/\/triptherapie.nl\/wp-content\/uploads\/2024\/03\/f4a0effa-6cec-4e7e-b3f2-a2b83ff16cbb-300x169.png?wsr\" class=\"attachment-medium size-medium wp-image-45323\" alt=\"LSD-Sitzung\" srcset=\"https:\/\/triptherapie.nl\/wp-content\/uploads\/2024\/03\/f4a0effa-6cec-4e7e-b3f2-a2b83ff16cbb-300x169.png 300w, https:\/\/triptherapie.nl\/wp-content\/uploads\/2024\/03\/f4a0effa-6cec-4e7e-b3f2-a2b83ff16cbb-768x432.png 768w, https:\/\/triptherapie.nl\/wp-content\/uploads\/2024\/03\/f4a0effa-6cec-4e7e-b3f2-a2b83ff16cbb-18x10.png 18w, https:\/\/triptherapie.nl\/wp-content\/uploads\/2024\/03\/f4a0effa-6cec-4e7e-b3f2-a2b83ff16cbb.png 1024w\" sizes=\"(max-width: 300px) 100vw, 300px\" title=\"\"><\/div><\/a>\n\t\t\t\t<div class=\"elementor-post__text\">\n\t\t\t\t<h3 class=\"elementor-post__title\">\n\t\t\t<a href=\"https:\/\/triptherapie.nl\/de\/individueel\/lsd-therapie\/\" >\n\t\t\t\tLSD-Therapie\t\t\t<\/a>\n\t\t<\/h3>\n\t\t\t\t<\/div>\n\t\t\t\t\t<\/div>\n\t\t<\/article>\n\t\t\t\t<article class=\"elementor-post elementor-grid-item post-39930 page type-page status-publish has-post-thumbnail hentry\" role=\"listitem\">\n\t\t\t<div class=\"elementor-post__card\">\n\t\t\t\t<a class=\"elementor-post__thumbnail__link\" href=\"https:\/\/triptherapie.nl\/de\/individueel\/mdma-therapie\/\" tabindex=\"-1\" ><div class=\"elementor-post__thumbnail\"><img decoding=\"async\" width=\"300\" height=\"169\" src=\"https:\/\/triptherapie.nl\/wp-content\/uploads\/2024\/05\/3fe8b4ef-68d7-4a95-9f1e-308874210ee1-300x169.png?wsr\" class=\"attachment-medium size-medium wp-image-46210\" alt=\"MDMA-Therapie mit einem Therapeuten\" srcset=\"https:\/\/triptherapie.nl\/wp-content\/uploads\/2024\/05\/3fe8b4ef-68d7-4a95-9f1e-308874210ee1-300x169.png 300w, https:\/\/triptherapie.nl\/wp-content\/uploads\/2024\/05\/3fe8b4ef-68d7-4a95-9f1e-308874210ee1-1024x576.png 1024w, https:\/\/triptherapie.nl\/wp-content\/uploads\/2024\/05\/3fe8b4ef-68d7-4a95-9f1e-308874210ee1-768x432.png 768w, https:\/\/triptherapie.nl\/wp-content\/uploads\/2024\/05\/3fe8b4ef-68d7-4a95-9f1e-308874210ee1-18x10.png 18w, https:\/\/triptherapie.nl\/wp-content\/uploads\/2024\/05\/3fe8b4ef-68d7-4a95-9f1e-308874210ee1.png 1280w\" sizes=\"(max-width: 300px) 100vw, 300px\" title=\"\"><\/div><\/a>\n\t\t\t\t<div class=\"elementor-post__text\">\n\t\t\t\t<h3 class=\"elementor-post__title\">\n\t\t\t<a href=\"https:\/\/triptherapie.nl\/de\/individueel\/mdma-therapie\/\" >\n\t\t\t\tMDMA-Therapie\t\t\t<\/a>\n\t\t<\/h3>\n\t\t\t\t<\/div>\n\t\t\t\t\t<\/div>\n\t\t<\/article>\n\t\t\t\t<article class=\"elementor-post elementor-grid-item post-1680 page type-page status-publish has-post-thumbnail hentry\" role=\"listitem\">\n\t\t\t<div class=\"elementor-post__card\">\n\t\t\t\t<a class=\"elementor-post__thumbnail__link\" href=\"https:\/\/triptherapie.nl\/de\/individueel\/truffeltherapie\/\" tabindex=\"-1\" ><div class=\"elementor-post__thumbnail\"><img loading=\"lazy\" decoding=\"async\" width=\"300\" height=\"164\" src=\"https:\/\/triptherapie.nl\/wp-content\/uploads\/2023\/05\/Psilocybine_molecuul-zonder-bg-300x164.png?wsr\" class=\"attachment-medium size-medium wp-image-42204\" alt=\"Psilocybin-Therapie\" srcset=\"https:\/\/triptherapie.nl\/wp-content\/uploads\/2023\/05\/Psilocybine_molecuul-zonder-bg-300x164.png 300w, https:\/\/triptherapie.nl\/wp-content\/uploads\/2023\/05\/Psilocybine_molecuul-zonder-bg.png 562w\" sizes=\"(max-width: 300px) 100vw, 300px\" title=\"\"><\/div><\/a>\n\t\t\t\t<div class=\"elementor-post__text\">\n\t\t\t\t<h3 class=\"elementor-post__title\">\n\t\t\t<a href=\"https:\/\/triptherapie.nl\/de\/individueel\/truffeltherapie\/\" >\n\t\t\t\tTr\u00fcffeltherapie\t\t\t<\/a>\n\t\t<\/h3>\n\t\t\t\t<\/div>\n\t\t\t\t\t<\/div>\n\t\t<\/article>\n\t\t\t\t<\/div>\n\t\t\n\t\t\t\t\t\t<\/div>\n\t\t\t\t<\/div>\n\t\t\t\t<\/div>\n\t\t\t\t<\/div>\n\t\t\t\t<\/div>","protected":false},"excerpt":{"rendered":"<p>Verschiedene psychedelische Therapien in uns<\/p>","protected":false},"author":1,"featured_media":53143,"parent":0,"menu_order":0,"comment_status":"closed","ping_status":"closed","template":"","meta":{"footnotes":""},"class_list":["post-53485","page","type-page","status-publish","has-post-thumbnail","hentry"],"_links":{"self":[{"href":"https:\/\/triptherapie.nl\/de\/wp-json\/wp\/v2\/pages\/53485","targetHints":{"allow":["GET"]}}],"collection":[{"href":"https:\/\/triptherapie.nl\/de\/wp-json\/wp\/v2\/pages"}],"about":[{"href":"https:\/\/triptherapie.nl\/de\/wp-json\/wp\/v2\/types\/page"}],"author":[{"embeddable":true,"href":"https:\/\/triptherapie.nl\/de\/wp-json\/wp\/v2\/users\/1"}],"replies":[{"embeddable":true,"href":"https:\/\/triptherapie.nl\/de\/wp-json\/wp\/v2\/comments?post=53485"}],"version-history":[{"count":0,"href":"https:\/\/triptherapie.nl\/de\/wp-json\/wp\/v2\/pages\/53485\/revisions"}],"wp:featuredmedia":[{"embeddable":true,"href":"https:\/\/triptherapie.nl\/de\/wp-json\/wp\/v2\/media\/53143"}],"wp:attachment":[{"href":"https:\/\/triptherapie.nl\/de\/wp-json\/wp\/v2\/media?parent=53485"}],"curies":[{"name":"wp","href":"https:\/\/api.w.org\/{rel}","templated":true}]}}