{"id":54402,"date":"2025-12-23T14:38:01","date_gmt":"2025-12-23T13:38:01","guid":{"rendered":"https:\/\/triptherapie.nl\/?page_id=54402"},"modified":"2025-12-23T14:40:37","modified_gmt":"2025-12-23T13:40:37","slug":"medien","status":"publish","type":"page","link":"https:\/\/triptherapie.nl\/de\/over-ons\/media\/","title":{"rendered":"Medien"},"content":{"rendered":"<div data-elementor-type=\"wp-page\" data-elementor-id=\"54402\" class=\"elementor elementor-54402\" data-elementor-post-type=\"page\">\n\t\t\t\t<div class=\"elementor-element elementor-element-f3bffa2 e-flex e-con-boxed e-con e-parent\" data-id=\"f3bffa2\" data-element_type=\"container\" data-e-type=\"container\">\n\t\t\t\t\t<div class=\"e-con-inner\">\n\t\t\t\t<div class=\"elementor-element elementor-element-26fd256 elementor-widget elementor-widget-heading\" data-id=\"26fd256\" data-element_type=\"widget\" data-e-type=\"widget\" data-widget_type=\"heading.default\">\n\t\t\t\t\t<h2 class=\"elementor-heading-title elementor-size-default\" id=\"in-de-media\">In den Medien<\/h2>\t\t\t\t<\/div>\n\t\t\t\t<div class=\"elementor-element elementor-element-f5e9cdf elementor-widget elementor-widget-text-editor\" data-id=\"f5e9cdf\" data-element_type=\"widget\" data-e-type=\"widget\" data-widget_type=\"text-editor.default\">\n\t\t\t\t\t\t\t\t\t<p>Triptherapie wird regelm\u00e4\u00dfig in nationalen und internationalen Publikationen zur psychedelischen Therapie zitiert, und wir werden h\u00e4ufig um Beitr\u00e4ge f\u00fcr Fernseh- und Radiosendungen, Interviews, Dokumentationen und wissenschaftliche Arbeiten gebeten. Unsere praktische Erfahrung und unser wissenschaftlicher Ansatz dienen dazu, die \u00f6ffentliche Debatte und die Wissensentwicklung im Bereich der Psychedelika differenziert und verantwortungsvoll zu vertiefen. Nachfolgend finden Sie eine \u00dcbersicht der Publikationen, zu denen wir beigetragen haben.<\/p>\t\t\t\t\t\t\t\t<\/div>\n\t\t\t\t\t<\/div>\n\t\t\t\t<\/div>\n\t\t<div class=\"elementor-element elementor-element-ad86d6a e-flex e-con-boxed e-con e-parent\" data-id=\"ad86d6a\" data-element_type=\"container\" data-e-type=\"container\" data-settings=\"{&quot;background_background&quot;:&quot;classic&quot;}\">\n\t\t\t\t\t<div class=\"e-con-inner\">\n\t\t\t\t<div class=\"elementor-element elementor-element-bdceeae elementor-widget elementor-widget-global elementor-global-53372 elementor-widget-image-carousel\" data-id=\"bdceeae\" data-element_type=\"widget\" data-e-type=\"widget\" data-settings=\"{&quot;slides_to_show&quot;:&quot;10&quot;,&quot;slides_to_show_tablet&quot;:&quot;6&quot;,&quot;slides_to_show_mobile&quot;:&quot;3&quot;,&quot;navigation&quot;:&quot;none&quot;,&quot;autoplay_speed&quot;:50,&quot;speed&quot;:3000,&quot;slides_to_scroll&quot;:&quot;1&quot;,&quot;autoplay&quot;:&quot;yes&quot;,&quot;pause_on_hover&quot;:&quot;yes&quot;,&quot;pause_on_interaction&quot;:&quot;yes&quot;,&quot;infinite&quot;:&quot;yes&quot;}\" data-widget_type=\"image-carousel.default\">\n\t\t\t\t\t\t\t<div class=\"elementor-image-carousel-wrapper swiper\" role=\"region\" aria-roledescription=\"carousel\" aria-label=\"Bilderkarussell\" dir=\"ltr\">\n\t\t\t<div class=\"elementor-image-carousel swiper-wrapper\" aria-live=\"off\">\n\t\t\t\t\t\t\t\t<div class=\"swiper-slide\" role=\"group\" aria-roledescription=\"slide\" aria-label=\"1 von 12\"><a href=\"https:\/\/triptherapie.nl\/de\/uber-uns\/medien\/#in-de-media\"><figure class=\"swiper-slide-inner\"><img decoding=\"async\" class=\"swiper-slide-image\" src=\"https:\/\/triptherapie.nl\/wp-content\/uploads\/2020\/11\/Spraakzame-Schimmels-150x150.jpg?wsr\" alt=\"Chatty Schimmels Podcast mit Triptherapie \u00fcber psychedelische Therapie\" title=\"\"><figcaption class=\"elementor-image-carousel-caption\">gespr\u00e4chige Pilze<\/figcaption><\/figure><\/a><\/div><div class=\"swiper-slide\" role=\"group\" aria-roledescription=\"slide\" aria-label=\"2 von 12\"><a href=\"https:\/\/triptherapie.nl\/de\/uber-uns\/medien\/#in-de-media\"><figure class=\"swiper-slide-inner\"><img decoding=\"async\" class=\"swiper-slide-image\" src=\"https:\/\/triptherapie.nl\/wp-content\/uploads\/2022\/01\/ad-150x150.png?wsr\" alt=\"Algemeen Dagblad-Artikel \u00fcber Triptherapie und psychedelische Behandlung\" title=\"\"><figcaption class=\"elementor-image-carousel-caption\">Allgemeine Tageszeitung<\/figcaption><\/figure><\/a><\/div><div class=\"swiper-slide\" role=\"group\" aria-roledescription=\"slide\" aria-label=\"3 von 12\"><a href=\"https:\/\/triptherapie.nl\/de\/uber-uns\/medien\/#in-de-media\"><figure class=\"swiper-slide-inner\"><img decoding=\"async\" class=\"swiper-slide-image\" src=\"https:\/\/triptherapie.nl\/wp-content\/uploads\/2024\/01\/VTM-go-150x150.png?wsr\" alt=\"VTM Go-Bericht \u00fcber psychedelische Therapie bei Triptherapie\" title=\"\"><figcaption class=\"elementor-image-carousel-caption\">VTM Go<\/figcaption><\/figure><\/a><\/div><div class=\"swiper-slide\" role=\"group\" aria-roledescription=\"slide\" aria-label=\"4 von 12\"><a href=\"https:\/\/triptherapie.nl\/de\/uber-uns\/medien\/#in-de-media\"><figure class=\"swiper-slide-inner\"><img decoding=\"async\" class=\"swiper-slide-image\" src=\"https:\/\/triptherapie.nl\/wp-content\/uploads\/2025\/12\/Psycholgie-magazine-vierkant-150x150.webp?wsr\" alt=\"Ver\u00f6ffentlichung in der Zeitschrift Psychology Magazine zum Thema psychedelische Therapie\" title=\"\"><figcaption class=\"elementor-image-carousel-caption\">Zeitschrift f\u00fcr Psychologie<\/figcaption><\/figure><\/a><\/div><div class=\"swiper-slide\" role=\"group\" aria-roledescription=\"slide\" aria-label=\"5 von 12\"><a href=\"https:\/\/triptherapie.nl\/de\/uber-uns\/medien\/#in-de-media\"><figure class=\"swiper-slide-inner\"><img decoding=\"async\" class=\"swiper-slide-image\" src=\"https:\/\/triptherapie.nl\/wp-content\/uploads\/2022\/11\/quest-150x150.png?wsr\" alt=\"Quest-Logo\" title=\"\"><figcaption class=\"elementor-image-carousel-caption\">Suche<\/figcaption><\/figure><\/a><\/div><div class=\"swiper-slide\" role=\"group\" aria-roledescription=\"slide\" aria-label=\"6 von 12\"><a href=\"https:\/\/triptherapie.nl\/de\/uber-uns\/medien\/#in-de-media\"><figure class=\"swiper-slide-inner\"><img decoding=\"async\" class=\"swiper-slide-image\" src=\"https:\/\/triptherapie.nl\/wp-content\/uploads\/2023\/02\/TYPM-2023-150x150.png?wsr\" alt=\"Pflanzenmedizin und Dankesch\u00f6n an die Pflanzenmedizin\" title=\"\"><figcaption class=\"elementor-image-carousel-caption\">TYPM<\/figcaption><\/figure><\/a><\/div><div class=\"swiper-slide\" role=\"group\" aria-roledescription=\"slide\" aria-label=\"7 von 12\"><a href=\"https:\/\/triptherapie.nl\/de\/uber-uns\/medien\/#in-de-media\"><figure class=\"swiper-slide-inner\"><img decoding=\"async\" class=\"swiper-slide-image\" src=\"https:\/\/triptherapie.nl\/wp-content\/uploads\/2024\/05\/Trouw-logo-150x150.png?wsr\" alt=\"Hochzeitslogo\" title=\"\"><figcaption class=\"elementor-image-carousel-caption\">Treue<\/figcaption><\/figure><\/a><\/div><div class=\"swiper-slide\" role=\"group\" aria-roledescription=\"slide\" aria-label=\"8 von 12\"><a href=\"https:\/\/triptherapie.nl\/de\/uber-uns\/medien\/#in-de-media\"><figure class=\"swiper-slide-inner\"><img decoding=\"async\" class=\"swiper-slide-image\" src=\"https:\/\/triptherapie.nl\/wp-content\/uploads\/2025\/09\/Quote-logo-1-150x150.png?wsr\" alt=\"QuoteNet-Logo\" title=\"\"><figcaption class=\"elementor-image-carousel-caption\">Zitat<\/figcaption><\/figure><\/a><\/div><div class=\"swiper-slide\" role=\"group\" aria-roledescription=\"slide\" aria-label=\"9 von 12\"><a href=\"https:\/\/triptherapie.nl\/de\/uber-uns\/medien\/#in-de-media\"><figure class=\"swiper-slide-inner\"><img decoding=\"async\" class=\"swiper-slide-image\" src=\"https:\/\/triptherapie.nl\/wp-content\/uploads\/2022\/11\/slam-fm-150x150.avif?wsr\" alt=\"Slam FM\" title=\"\"><figcaption class=\"elementor-image-carousel-caption\">Slam FM<\/figcaption><\/figure><\/a><\/div><div class=\"swiper-slide\" role=\"group\" aria-roledescription=\"slide\" aria-label=\"10 von 12\"><a href=\"https:\/\/triptherapie.nl\/de\/uber-uns\/medien\/#in-de-media\"><figure class=\"swiper-slide-inner\"><img decoding=\"async\" class=\"swiper-slide-image\" src=\"https:\/\/triptherapie.nl\/wp-content\/uploads\/2023\/03\/nieuwe-revu-vierkant-150x150.jpg?wsr\" alt=\"Neue Rezension\" title=\"\"><figcaption class=\"elementor-image-carousel-caption\">Neue Revue<\/figcaption><\/figure><\/a><\/div><div class=\"swiper-slide\" role=\"group\" aria-roledescription=\"slide\" aria-label=\"11 von 12\"><a href=\"https:\/\/triptherapie.nl\/de\/uber-uns\/medien\/#in-de-media\"><figure class=\"swiper-slide-inner\"><img decoding=\"async\" class=\"swiper-slide-image\" src=\"https:\/\/triptherapie.nl\/wp-content\/uploads\/2025\/09\/Spuiten-en-slikken-logo-300x300-1-150x150.png?wsr\" alt=\"Logo zum Injizieren und Schlucken\" title=\"\"><figcaption class=\"elementor-image-carousel-caption\">Verspr\u00fchen und Verschlucken<\/figcaption><\/figure><\/a><\/div><div class=\"swiper-slide\" role=\"group\" aria-roledescription=\"slide\" aria-label=\"12 von 12\"><a href=\"https:\/\/triptherapie.nl\/de\/uber-uns\/medien\/#in-de-media\"><figure class=\"swiper-slide-inner\"><img decoding=\"async\" class=\"swiper-slide-image\" src=\"https:\/\/triptherapie.nl\/wp-content\/uploads\/2022\/11\/high-humans-wit-150x150.jpg?wsr\" alt=\"Befragung von Menschen unter Drogeneinfluss zur psychedelischen Therapie\" title=\"\"><figcaption class=\"elementor-image-carousel-caption\">Hochmenschliche<\/figcaption><\/figure><\/a><\/div>\t\t\t<\/div>\n\t\t\t\t\t\t\t\n\t\t\t\t\t\t\t\t\t<\/div>\n\t\t\t\t\t\t<\/div>\n\t\t\t\t\t<\/div>\n\t\t\t\t<\/div>\n\t\t<div class=\"elementor-element elementor-element-f6d4018 e-flex e-con-boxed e-con e-parent\" data-id=\"f6d4018\" data-element_type=\"container\" data-e-type=\"container\">\n\t\t\t\t\t<div class=\"e-con-inner\">\n\t\t\t\t<div class=\"elementor-element elementor-element-09f2b99 elementor-widget elementor-widget-spacer\" data-id=\"09f2b99\" data-element_type=\"widget\" data-e-type=\"widget\" data-widget_type=\"spacer.default\">\n\t\t\t\t\t\t\t<div class=\"elementor-spacer\">\n\t\t\t<div class=\"elementor-spacer-inner\"><\/div>\n\t\t<\/div>\n\t\t\t\t\t\t<\/div>\n\t\t\t\t<div class=\"elementor-element elementor-element-5979a9d elementor-widget elementor-widget-heading\" data-id=\"5979a9d\" data-element_type=\"widget\" data-e-type=\"widget\" data-widget_type=\"heading.default\">\n\t\t\t\t\t<h2 class=\"elementor-heading-title elementor-size-default\" id=\"de-artikelen\">Die Artikel<\/h2>\t\t\t\t<\/div>\n\t\t\t\t<div class=\"elementor-element elementor-element-1dd85d8 elementor-widget elementor-widget-text-editor\" data-id=\"1dd85d8\" data-element_type=\"widget\" data-e-type=\"widget\" data-widget_type=\"text-editor.default\">\n\t\t\t\t\t\t\t\t\t<p>F\u00fcr die meisten dieser Ver\u00f6ffentlichungen haben wir eine separate Seite erstellt, die den Inhalt und Kontext der Nachricht, die zentralen Fragen oder Themen sowie unsere genaue Rolle und unseren Beitrag zur Produktion erl\u00e4utert. Klicken Sie auf die Schaltfl\u00e4chen, um mehr \u00fcber die Ver\u00f6ffentlichung und unsere Beteiligung zu erfahren.<\/p>\t\t\t\t\t\t\t\t<\/div>\n\t\t\t\t\t<\/div>\n\t\t\t\t<\/div>\n\t\t<div class=\"elementor-element elementor-element-56e27b5 e-flex e-con-boxed e-con e-parent\" data-id=\"56e27b5\" data-element_type=\"container\" data-e-type=\"container\">\n\t\t\t\t\t<div class=\"e-con-inner\">\n\t\t\t\t<div class=\"elementor-element elementor-element-abe5ebf elementor-widget elementor-widget-button\" data-id=\"abe5ebf\" data-element_type=\"widget\" data-e-type=\"widget\" data-widget_type=\"button.default\">\n\t\t\t\t\t\t\t\t\t\t<a class=\"elementor-button elementor-button-link elementor-size-sm\" href=\"https:\/\/triptherapie.nl\/de\/triptherapie-im-psychologiemagazin\/\" target=\"_blank\">\n\t\t\t\t\t\t<span class=\"elementor-button-content-wrapper\">\n\t\t\t\t\t\t\t\t\t<span class=\"elementor-button-text\">Zeitschrift f\u00fcr Psychologie<\/span>\n\t\t\t\t\t<\/span>\n\t\t\t\t\t<\/a>\n\t\t\t\t\t\t\t\t<\/div>\n\t\t\t\t<div class=\"elementor-element elementor-element-3fe6e2f elementor-widget elementor-widget-button\" data-id=\"3fe6e2f\" data-element_type=\"widget\" data-e-type=\"widget\" data-widget_type=\"button.default\">\n\t\t\t\t\t\t\t\t\t\t<a class=\"elementor-button elementor-button-link elementor-size-sm\" href=\"https:\/\/triptherapie.nl\/de\/werbereise-therapie-2-jahre-therapie-in-einer-truffelsitzung\/\" target=\"_blank\">\n\t\t\t\t\t\t<span class=\"elementor-button-content-wrapper\">\n\t\t\t\t\t\t\t\t\t<span class=\"elementor-button-text\">Allgemeine Tageszeitung<\/span>\n\t\t\t\t\t<\/span>\n\t\t\t\t\t<\/a>\n\t\t\t\t\t\t\t\t<\/div>\n\t\t\t\t<div class=\"elementor-element elementor-element-562dfdd elementor-widget elementor-widget-button\" data-id=\"562dfdd\" data-element_type=\"widget\" data-e-type=\"widget\" data-widget_type=\"button.default\">\n\t\t\t\t\t\t\t\t\t\t<a class=\"elementor-button elementor-button-link elementor-size-sm\" href=\"https:\/\/triptherapie.nl\/de\/triptherapie-im-psychologiemagazin\/#triptherapie-ook-bij-quote-en-revu\" target=\"_blank\">\n\t\t\t\t\t\t<span class=\"elementor-button-content-wrapper\">\n\t\t\t\t\t\t\t\t\t<span class=\"elementor-button-text\">Zitat<\/span>\n\t\t\t\t\t<\/span>\n\t\t\t\t\t<\/a>\n\t\t\t\t\t\t\t\t<\/div>\n\t\t\t\t<div class=\"elementor-element elementor-element-b27a510 elementor-widget elementor-widget-button\" data-id=\"b27a510\" data-element_type=\"widget\" data-e-type=\"widget\" data-widget_type=\"button.default\">\n\t\t\t\t\t\t\t\t\t\t<a class=\"elementor-button elementor-button-link elementor-size-sm\" href=\"https:\/\/triptherapie.nl\/de\/neue-revue-trippen-als-therapie\/\" target=\"_blank\">\n\t\t\t\t\t\t<span class=\"elementor-button-content-wrapper\">\n\t\t\t\t\t\t\t\t\t<span class=\"elementor-button-text\">Neue Revue<\/span>\n\t\t\t\t\t<\/span>\n\t\t\t\t\t<\/a>\n\t\t\t\t\t\t\t\t<\/div>\n\t\t\t\t<div class=\"elementor-element elementor-element-db96d76 elementor-widget elementor-widget-button\" data-id=\"db96d76\" data-element_type=\"widget\" data-e-type=\"widget\" data-widget_type=\"button.default\">\n\t\t\t\t\t\t\t\t\t\t<a class=\"elementor-button elementor-button-link elementor-size-sm\" href=\"https:\/\/triptherapie.nl\/de\/vtm-go-mdma-therapie-mit-camille-vanuxem\/\" target=\"_blank\">\n\t\t\t\t\t\t<span class=\"elementor-button-content-wrapper\">\n\t\t\t\t\t\t\t\t\t<span class=\"elementor-button-text\">VTM GO<\/span>\n\t\t\t\t\t<\/span>\n\t\t\t\t\t<\/a>\n\t\t\t\t\t\t\t\t<\/div>\n\t\t\t\t<div class=\"elementor-element elementor-element-1f5273e elementor-widget elementor-widget-button\" data-id=\"1f5273e\" data-element_type=\"widget\" data-e-type=\"widget\" data-widget_type=\"button.default\">\n\t\t\t\t\t\t\t\t\t\t<a class=\"elementor-button elementor-button-link elementor-size-sm\" href=\"https:\/\/triptherapie.nl\/de\/injektion-und-einnahme-von-psychedelika-in-der-therapie\/\" target=\"_blank\">\n\t\t\t\t\t\t<span class=\"elementor-button-content-wrapper\">\n\t\t\t\t\t\t\t\t\t<span class=\"elementor-button-text\">Verspr\u00fchen und Verschlucken<\/span>\n\t\t\t\t\t<\/span>\n\t\t\t\t\t<\/a>\n\t\t\t\t\t\t\t\t<\/div>\n\t\t\t\t<div class=\"elementor-element elementor-element-f9736cd elementor-widget elementor-widget-button\" data-id=\"f9736cd\" data-element_type=\"widget\" data-e-type=\"widget\" data-widget_type=\"button.default\">\n\t\t\t\t\t\t\t\t\t\t<a class=\"elementor-button elementor-button-link elementor-size-sm\" href=\"https:\/\/triptherapie.nl\/de\/triptherapie-im-podcast-der-gesprachigen-pilze\/\" target=\"_blank\">\n\t\t\t\t\t\t<span class=\"elementor-button-content-wrapper\">\n\t\t\t\t\t\t\t\t\t<span class=\"elementor-button-text\">Redselige Pilze<\/span>\n\t\t\t\t\t<\/span>\n\t\t\t\t\t<\/a>\n\t\t\t\t\t\t\t\t<\/div>\n\t\t\t\t<div class=\"elementor-element elementor-element-459f0cd elementor-widget elementor-widget-button\" data-id=\"459f0cd\" data-element_type=\"widget\" data-e-type=\"widget\" data-widget_type=\"button.default\">\n\t\t\t\t\t\t\t\t\t\t<a class=\"elementor-button elementor-button-link elementor-size-sm\" href=\"https:\/\/triptherapie.nl\/de\/zaubertruffel-bei-der-arbeit-bei-slam-fm\/\" target=\"_blank\">\n\t\t\t\t\t\t<span class=\"elementor-button-content-wrapper\">\n\t\t\t\t\t\t\t\t\t<span class=\"elementor-button-text\">Slam FM<\/span>\n\t\t\t\t\t<\/span>\n\t\t\t\t\t<\/a>\n\t\t\t\t\t\t\t\t<\/div>\n\t\t\t\t<div class=\"elementor-element elementor-element-2430cc4 elementor-widget elementor-widget-button\" data-id=\"2430cc4\" data-element_type=\"widget\" data-e-type=\"widget\" data-widget_type=\"button.default\">\n\t\t\t\t\t\t\t\t\t\t<a class=\"elementor-button elementor-button-link elementor-size-sm\" href=\"https:\/\/triptherapie.nl\/de\/der-stille-podcast-in-mir-mit-marcel-jenseits-des-denkens\/\" target=\"_blank\">\n\t\t\t\t\t\t<span class=\"elementor-button-content-wrapper\">\n\t\t\t\t\t\t\t\t\t<span class=\"elementor-button-text\">Suche<\/span>\n\t\t\t\t\t<\/span>\n\t\t\t\t\t<\/a>\n\t\t\t\t\t\t\t\t<\/div>\n\t\t\t\t<div class=\"elementor-element elementor-element-9a7aa86 elementor-widget elementor-widget-button\" data-id=\"9a7aa86\" data-element_type=\"widget\" data-e-type=\"widget\" data-widget_type=\"button.default\">\n\t\t\t\t\t\t\t\t\t\t<a class=\"elementor-button elementor-button-link elementor-size-sm\" href=\"https:\/\/triptherapie.nl\/de\/interview-mit-hochrangigen-menschen\/\" target=\"_blank\">\n\t\t\t\t\t\t<span class=\"elementor-button-content-wrapper\">\n\t\t\t\t\t\t\t\t\t<span class=\"elementor-button-text\">Hochmenschliche<\/span>\n\t\t\t\t\t<\/span>\n\t\t\t\t\t<\/a>\n\t\t\t\t\t\t\t\t<\/div>\n\t\t\t\t<div class=\"elementor-element elementor-element-921c74c elementor-widget elementor-widget-button\" data-id=\"921c74c\" data-element_type=\"widget\" data-e-type=\"widget\" data-widget_type=\"button.default\">\n\t\t\t\t\t\t\t\t\t\t<a class=\"elementor-button elementor-button-link elementor-size-sm\" href=\"https:\/\/triptherapie.nl\/de\/danke-pflanzenmedizin\/\" target=\"_blank\">\n\t\t\t\t\t\t<span class=\"elementor-button-content-wrapper\">\n\t\t\t\t\t\t\t\t\t<span class=\"elementor-button-text\">Danke, Pflanzenmedizin<\/span>\n\t\t\t\t\t<\/span>\n\t\t\t\t\t<\/a>\n\t\t\t\t\t\t\t\t<\/div>\n\t\t\t\t\t<\/div>\n\t\t\t\t<\/div>\n\t\t<div class=\"elementor-element elementor-element-e6e099f e-flex e-con-boxed e-con e-parent\" data-id=\"e6e099f\" data-element_type=\"container\" data-e-type=\"container\">\n\t\t\t\t\t<div class=\"e-con-inner\">\n\t\t\t\t<div class=\"elementor-element elementor-element-fa509c4 elementor-widget elementor-widget-spacer\" data-id=\"fa509c4\" data-element_type=\"widget\" data-e-type=\"widget\" data-widget_type=\"spacer.default\">\n\t\t\t\t\t\t\t<div class=\"elementor-spacer\">\n\t\t\t<div class=\"elementor-spacer-inner\"><\/div>\n\t\t<\/div>\n\t\t\t\t\t\t<\/div>\n\t\t\t\t<div class=\"elementor-element elementor-element-9fc7dda elementor-widget elementor-widget-heading\" data-id=\"9fc7dda\" data-element_type=\"widget\" data-e-type=\"widget\" data-widget_type=\"heading.default\">\n\t\t\t\t\t<h2 class=\"elementor-heading-title elementor-size-default\" id=\"media-en-samenwerkingsaanvragen\">Medien- und Kooperationsanfragen<\/h2>\t\t\t\t<\/div>\n\t\t\t\t<div class=\"elementor-element elementor-element-41b79ce elementor-widget elementor-widget-text-editor\" data-id=\"41b79ce\" data-element_type=\"widget\" data-e-type=\"widget\" data-widget_type=\"text-editor.default\">\n\t\t\t\t\t\t\t\t\t<p data-start=\"37\" data-end=\"497\">Wir freuen uns, zu Anwendungen beizutragen, die zu einer sorgf\u00e4ltigen Informationsvermittlung, zur Entstigmatisierung und zu einer differenzierten \u00f6ffentlichen Debatte beitragen, in der wissenschaftliche Untermauerung, praktische Erfahrung und ethische Rahmenbedingungen im Mittelpunkt stehen.<\/p><p data-start=\"499\" data-end=\"944\" data-is-last-node=\"\" data-is-only-node=\"\">Anfragen k\u00f6nnen sich auf Nachrichten, Dokumentationen, Podcasts, Artikel, Bildungsproduktionen oder akademische Abschlussarbeiten beziehen. Wir pr\u00fcfen jede Anfrage hinsichtlich Inhalt, Zielsetzung und Kontext und passen unsere Zusammenarbeit an die geltenden Gesetze, Bestimmungen und unsere professionellen Richtlinien an. F\u00fcr konkrete Medien- oder Kooperationsanfragen kontaktieren Sie uns bitte \u00fcber die Kontaktseite.<\/p>\t\t\t\t\t\t\t\t<\/div>\n\t\t\t\t\t<\/div>\n\t\t\t\t<\/div>\n\t\t<div class=\"elementor-element elementor-element-0be7d9e e-flex e-con-boxed e-con e-parent\" data-id=\"0be7d9e\" data-element_type=\"container\" data-e-type=\"container\">\n\t\t\t\t\t<div class=\"e-con-inner\">\n\t\t\t\t<div class=\"elementor-element elementor-element-0ac5ef2 elementor-align-center elementor-widget elementor-widget-button\" data-id=\"0ac5ef2\" data-element_type=\"widget\" data-e-type=\"widget\" data-widget_type=\"button.default\">\n\t\t\t\t\t\t\t\t\t\t<a class=\"elementor-button elementor-button-link elementor-size-sm\" href=\"https:\/\/triptherapie.nl\/de\/kontakt\/\">\n\t\t\t\t\t\t<span class=\"elementor-button-content-wrapper\">\n\t\t\t\t\t\t\t\t\t<span class=\"elementor-button-text\">Kontakt<\/span>\n\t\t\t\t\t<\/span>\n\t\t\t\t\t<\/a>\n\t\t\t\t\t\t\t\t<\/div>\n\t\t\t\t\t<\/div>\n\t\t\t\t<\/div>\n\t\t<div class=\"elementor-element elementor-element-339b344 e-flex e-con-boxed e-con e-parent\" data-id=\"339b344\" data-element_type=\"container\" data-e-type=\"container\">\n\t\t\t\t\t<div class=\"e-con-inner\">\n\t\t<div class=\"elementor-element elementor-element-ddd4b0b e-con-full e-flex e-con e-child\" data-id=\"ddd4b0b\" data-element_type=\"container\" data-e-type=\"container\">\n\t\t\t\t<div class=\"elementor-element elementor-element-d1df028 elementor-widget elementor-widget-image\" data-id=\"d1df028\" data-element_type=\"widget\" data-e-type=\"widget\" data-widget_type=\"image.default\">\n\t\t\t\t\t\t\t\t\t\t\t\t\t\t\t<img fetchpriority=\"high\" decoding=\"async\" width=\"370\" height=\"480\" src=\"https:\/\/triptherapie.nl\/wp-content\/uploads\/2025\/12\/Quote-truffeltherapie.jpg?wsr\" class=\"attachment-medium_large size-medium_large wp-image-54364\" alt=\"Triptherapie im Quote-Magazin\" srcset=\"https:\/\/triptherapie.nl\/wp-content\/uploads\/2025\/12\/Quote-truffeltherapie.jpg 370w, https:\/\/triptherapie.nl\/wp-content\/uploads\/2025\/12\/Quote-truffeltherapie-231x300.jpg 231w, https:\/\/triptherapie.nl\/wp-content\/uploads\/2025\/12\/Quote-truffeltherapie-9x12.jpg 9w\" sizes=\"(max-width: 370px) 100vw, 370px\" title=\"\">\t\t\t\t\t\t\t\t\t\t\t\t\t\t\t<\/div>\n\t\t\t\t<\/div>\n\t\t<div class=\"elementor-element elementor-element-54642c3 e-con-full e-flex e-con e-child\" data-id=\"54642c3\" data-element_type=\"container\" data-e-type=\"container\">\n\t\t\t\t<div class=\"elementor-element elementor-element-c95c2e5 elementor-widget elementor-widget-image\" data-id=\"c95c2e5\" data-element_type=\"widget\" data-e-type=\"widget\" data-widget_type=\"image.default\">\n\t\t\t\t\t\t\t\t\t\t\t\t\t\t\t<img decoding=\"async\" width=\"768\" height=\"1025\" src=\"https:\/\/triptherapie.nl\/wp-content\/uploads\/2025\/12\/Psyschologie-magzine-triptherapie-voorkant-768x1025.avif?wsr\" class=\"attachment-medium_large size-medium_large wp-image-54365\" alt=\"\" srcset=\"https:\/\/triptherapie.nl\/wp-content\/uploads\/2025\/12\/Psyschologie-magzine-triptherapie-voorkant-768x1025.avif 768w, https:\/\/triptherapie.nl\/wp-content\/uploads\/2025\/12\/Psyschologie-magzine-triptherapie-voorkant-225x300.avif 225w, https:\/\/triptherapie.nl\/wp-content\/uploads\/2025\/12\/Psyschologie-magzine-triptherapie-voorkant-767x1024.avif 767w, https:\/\/triptherapie.nl\/wp-content\/uploads\/2025\/12\/Psyschologie-magzine-triptherapie-voorkant-9x12.png 9w, https:\/\/triptherapie.nl\/wp-content\/uploads\/2025\/12\/Psyschologie-magzine-triptherapie-voorkant.avif 779w\" sizes=\"(max-width: 768px) 100vw, 768px\" title=\"\">\t\t\t\t\t\t\t\t\t\t\t\t\t\t\t<\/div>\n\t\t\t\t<\/div>\n\t\t<div class=\"elementor-element elementor-element-9254a2e e-con-full e-flex e-con e-child\" data-id=\"9254a2e\" data-element_type=\"container\" data-e-type=\"container\">\n\t\t\t\t<div class=\"elementor-element elementor-element-d94cc30 elementor-widget elementor-widget-image\" data-id=\"d94cc30\" data-element_type=\"widget\" data-e-type=\"widget\" data-widget_type=\"image.default\">\n\t\t\t\t\t\t\t\t\t\t\t\t\t\t\t<img decoding=\"async\" width=\"768\" height=\"1037\" src=\"https:\/\/triptherapie.nl\/wp-content\/uploads\/2023\/03\/Nieuwe-revu-afbeelding-768x1037.jpg?wsr\" class=\"attachment-medium_large size-medium_large wp-image-40909\" alt=\"Trippen als Therapie bei Triptherapie in der Nieuwe Revu\" srcset=\"https:\/\/triptherapie.nl\/wp-content\/uploads\/2023\/03\/Nieuwe-revu-afbeelding-768x1037.jpg 768w, https:\/\/triptherapie.nl\/wp-content\/uploads\/2023\/03\/Nieuwe-revu-afbeelding-222x300.jpg 222w, https:\/\/triptherapie.nl\/wp-content\/uploads\/2023\/03\/Nieuwe-revu-afbeelding-758x1024.jpg 758w, https:\/\/triptherapie.nl\/wp-content\/uploads\/2023\/03\/Nieuwe-revu-afbeelding-1137x1536.jpg 1137w, https:\/\/triptherapie.nl\/wp-content\/uploads\/2023\/03\/Nieuwe-revu-afbeelding.jpg 1267w\" sizes=\"(max-width: 768px) 100vw, 768px\" title=\"\">\t\t\t\t\t\t\t\t\t\t\t\t\t\t\t<\/div>\n\t\t\t\t<\/div>\n\t\t\t\t\t<\/div>\n\t\t\t\t<\/div>\n\t\t\t\t<\/div>","protected":false},"excerpt":{"rendered":"<p>Triptherapie hat zusammengearbeitet mit: Algemeen Dagblad, Spuiten en Slikken, Trouw, Quest, SlamFM, VTM GO, Psychologie Magazine, Quote und vielen mehr<\/p>","protected":false},"author":1,"featured_media":0,"parent":42492,"menu_order":0,"comment_status":"closed","ping_status":"closed","template":"","meta":{"footnotes":""},"class_list":["post-54402","page","type-page","status-publish","hentry"],"_links":{"self":[{"href":"https:\/\/triptherapie.nl\/de\/wp-json\/wp\/v2\/pages\/54402","targetHints":{"allow":["GET"]}}],"collection":[{"href":"https:\/\/triptherapie.nl\/de\/wp-json\/wp\/v2\/pages"}],"about":[{"href":"https:\/\/triptherapie.nl\/de\/wp-json\/wp\/v2\/types\/page"}],"author":[{"embeddable":true,"href":"https:\/\/triptherapie.nl\/de\/wp-json\/wp\/v2\/users\/1"}],"replies":[{"embeddable":true,"href":"https:\/\/triptherapie.nl\/de\/wp-json\/wp\/v2\/comments?post=54402"}],"version-history":[{"count":0,"href":"https:\/\/triptherapie.nl\/de\/wp-json\/wp\/v2\/pages\/54402\/revisions"}],"up":[{"embeddable":true,"href":"https:\/\/triptherapie.nl\/de\/wp-json\/wp\/v2\/pages\/42492"}],"wp:attachment":[{"href":"https:\/\/triptherapie.nl\/de\/wp-json\/wp\/v2\/media?parent=54402"}],"curies":[{"name":"wp","href":"https:\/\/api.w.org\/{rel}","templated":true}]}}