{"id":54864,"date":"2026-02-02T15:39:44","date_gmt":"2026-02-02T14:39:44","guid":{"rendered":"https:\/\/triptherapie.nl\/?page_id=54864"},"modified":"2026-02-02T16:06:43","modified_gmt":"2026-02-02T15:06:43","slug":"sancta-psychedelica-noordwijk","status":"publish","type":"page","link":"https:\/\/triptherapie.nl\/de\/locatie\/sancta-psychedelica-noordwijk\/","title":{"rendered":"Sancta Psychedelica Noordwijk"},"content":{"rendered":"<div data-elementor-type=\"wp-page\" data-elementor-id=\"54864\" class=\"elementor elementor-54864\" data-elementor-post-type=\"page\">\n\t\t\t\t<div class=\"elementor-element elementor-element-a69587b e-flex e-con-boxed e-con e-parent\" data-id=\"a69587b\" data-element_type=\"container\" data-e-type=\"container\">\n\t\t\t\t\t<div class=\"e-con-inner\">\n\t\t\t\t<div class=\"elementor-element elementor-element-4e64ead elementor-widget elementor-widget-heading\" data-id=\"4e64ead\" data-element_type=\"widget\" data-e-type=\"widget\" data-widget_type=\"heading.default\">\n\t\t\t\t\t<h2 class=\"elementor-heading-title elementor-size-default\" id=\"nieuwe-locatie-in-noordwijk\">Neuer Standort in Noordwijk<\/h2>\t\t\t\t<\/div>\n\t\t\t\t<div class=\"elementor-element elementor-element-def73d4 elementor-widget elementor-widget-text-editor\" data-id=\"def73d4\" data-element_type=\"widget\" data-e-type=\"widget\" data-widget_type=\"text-editor.default\">\n\t\t\t\t\t\t\t\t\t<p>Auf einem wundersch\u00f6nen Anwesen in Noordwijk entsteht ein neuer Raum f\u00fcr psychedelische Sessions und Zeremonien. Die einzigartige Lage der Geb\u00e4ude und die N\u00e4he zu den D\u00fcnen und dem Strand machen diesen Ort so besonders. Die Er\u00f6ffnung ist f\u00fcr Sommer 2026 geplant. Seid gespannt!<\/p>\t\t\t\t\t\t\t\t<\/div>\n\t\t\t\t\t<\/div>\n\t\t\t\t<\/div>\n\t\t<div class=\"elementor-element elementor-element-83bc440 e-flex e-con-boxed e-con e-parent\" data-id=\"83bc440\" data-element_type=\"container\" data-e-type=\"container\">\n\t\t\t\t\t<div class=\"e-con-inner\">\n\t\t\t\t<div class=\"elementor-element elementor-element-707fd47 elementor-widget elementor-widget-image\" data-id=\"707fd47\" data-element_type=\"widget\" data-e-type=\"widget\" data-widget_type=\"image.default\">\n\t\t\t\t\t\t\t\t\t\t\t\t\t\t\t<img fetchpriority=\"high\" decoding=\"async\" width=\"800\" height=\"330\" src=\"https:\/\/triptherapie.nl\/wp-content\/uploads\/2026\/02\/Landgoed-Sancta-psychedelica-1024x422.png?wsr\" class=\"attachment-large size-large wp-image-54878\" alt=\"\" srcset=\"https:\/\/triptherapie.nl\/wp-content\/uploads\/2026\/02\/Landgoed-Sancta-psychedelica-1024x422.png 1024w, https:\/\/triptherapie.nl\/wp-content\/uploads\/2026\/02\/Landgoed-Sancta-psychedelica-300x124.png 300w, https:\/\/triptherapie.nl\/wp-content\/uploads\/2026\/02\/Landgoed-Sancta-psychedelica-768x317.png 768w, https:\/\/triptherapie.nl\/wp-content\/uploads\/2026\/02\/Landgoed-Sancta-psychedelica-1536x634.png 1536w, https:\/\/triptherapie.nl\/wp-content\/uploads\/2026\/02\/Landgoed-Sancta-psychedelica-18x7.png 18w, https:\/\/triptherapie.nl\/wp-content\/uploads\/2026\/02\/Landgoed-Sancta-psychedelica.png 1920w\" sizes=\"(max-width: 800px) 100vw, 800px\" title=\"\">\t\t\t\t\t\t\t\t\t\t\t\t\t\t\t<\/div>\n\t\t\t\t\t<\/div>\n\t\t\t\t<\/div>\n\t\t\t\t<\/div>","protected":false},"excerpt":{"rendered":"<p>Neuer Standort in Noordwijk. Auf einem wundersch\u00f6nen Anwesen in Noordwijk entsteht ein neuer Raum f\u00fcr psychedelische Sessions und Zeremonien. Die einzigartige Lage der Geb\u00e4ude und die N\u00e4he zu den D\u00fcnen und dem Strand machen diesen Ort so besonders. Die Er\u00f6ffnung ist f\u00fcr Sommer 2026 geplant. Seid gespannt!<\/p>","protected":false},"author":1,"featured_media":54862,"parent":54866,"menu_order":0,"comment_status":"closed","ping_status":"closed","template":"","meta":{"footnotes":""},"class_list":["post-54864","page","type-page","status-publish","has-post-thumbnail","hentry"],"_links":{"self":[{"href":"https:\/\/triptherapie.nl\/de\/wp-json\/wp\/v2\/pages\/54864","targetHints":{"allow":["GET"]}}],"collection":[{"href":"https:\/\/triptherapie.nl\/de\/wp-json\/wp\/v2\/pages"}],"about":[{"href":"https:\/\/triptherapie.nl\/de\/wp-json\/wp\/v2\/types\/page"}],"author":[{"embeddable":true,"href":"https:\/\/triptherapie.nl\/de\/wp-json\/wp\/v2\/users\/1"}],"replies":[{"embeddable":true,"href":"https:\/\/triptherapie.nl\/de\/wp-json\/wp\/v2\/comments?post=54864"}],"version-history":[{"count":0,"href":"https:\/\/triptherapie.nl\/de\/wp-json\/wp\/v2\/pages\/54864\/revisions"}],"up":[{"embeddable":true,"href":"https:\/\/triptherapie.nl\/de\/wp-json\/wp\/v2\/pages\/54866"}],"wp:featuredmedia":[{"embeddable":true,"href":"https:\/\/triptherapie.nl\/de\/wp-json\/wp\/v2\/media\/54862"}],"wp:attachment":[{"href":"https:\/\/triptherapie.nl\/de\/wp-json\/wp\/v2\/media?parent=54864"}],"curies":[{"name":"wp","href":"https:\/\/api.w.org\/{rel}","templated":true}]}}