{"id":678,"date":"2019-01-10T12:45:19","date_gmt":"2019-01-10T11:45:19","guid":{"rendered":"https:\/\/triptherapie.nl\/?page_id=678"},"modified":"2024-08-19T11:47:05","modified_gmt":"2024-08-19T09:47:05","slug":"allgemeine-geschaftsbedingungen","status":"publish","type":"page","link":"https:\/\/triptherapie.nl\/de\/algemene-voorwaarden\/","title":{"rendered":"Allgemeine Gesch\u00e4ftsbedingungen"},"content":{"rendered":"<h2 class=\"wp-block-heading\" id=\"wie-we-zijn\">Wer wir sind<\/h2>\n\n\n\n<p class=\"has-link-color wp-elements-84d7a7f0df6a5a7a2aef37bec8abe626\">Unsere Website-Adresse lautet: https:\/\/triptherapie.nl<br>Unsere Dienstleistungen werden von der Firma Triptherapie angeboten, die unter der Handelsregisternummer Triptherapie eingetragen ist. <a href=\"https:\/\/www.kvk.nl\/bestellen\/#\/87991616000053878574\" target=\"_blank\" rel=\"noreferrer noopener nofollow\">87991616<\/a>, mit B\u00fcros in Noordwijkerhout. Unsere Korrespondenzadresse lautet:<\/p>\n\n\n\n<p>Triptherapie<br>Kernfr\u00e4se 1M26<br>2211BM Noordwijkerhout<br>info@triptherapie.nl<\/p>\n\n\n\n<h2 class=\"wp-block-heading\" id=\"bankgegevens\">Bankverbindung<\/h2>\n\n\n\n<p><strong>Bank\u00fcberweisung:<br><\/strong>Name: Triptherapie<br>IBAN: NL07REVO6254213494<br>BIC: REVONL22<br>Referenz: Geben Sie im Feld \u201eReferenz\u201c die ID-Nummer des Termins oder das Datum des Termins ein.<br><\/p>\n\n\n\n<h2 class=\"wp-block-heading\" id=\"uw-data\">Ihre Daten<\/h2>\n\n\n\n<p>Kurz gesagt, wir ben\u00f6tigen bestimmte Daten, damit die Website ordnungsgem\u00e4\u00df funktioniert. Wir verkaufen Ihre Daten nicht an Dritte, und Sie behalten stets die Kontrolle \u00fcber Ihre Daten. Wir halten uns an die geltenden Datenschutzgesetze und Datenschutzrichtlinien. Sie k\u00f6nnen Ihre Daten jederzeit einsehen oder l\u00f6schen lassen.<\/p>\n\n\n\n<h3 class=\"wp-block-heading\" id=\"welke-gegevens-verzamelen-we\">Welche Daten erfassen wir?<\/h3>\n\n\n\n<ul class=\"wp-block-list\">\n<li>Kontaktdaten (Name, E-Mail-Adresse, Telefonnummer)<\/li>\n\n\n\n<li>Informationen zur medizinischen Aufnahme<\/li>\n\n\n\n<li>Sitzungsberichte (mit Ihrer Zustimmung)<\/li>\n\n\n\n<li>Zahlungsdetails<\/li>\n<\/ul>\n\n\n\n<h3 class=\"wp-block-heading\" id=\"bewaartermijn\">Aufbewahrungsfrist<\/h3>\n\n\n\n<ul class=\"wp-block-list\">\n<li>Aufnahmeformulare: 2 Jahre nach der letzten Sitzung<\/li>\n\n\n\n<li>Finanzverwaltung: 7 Jahre (gesetzlich vorgeschrieben)<\/li>\n\n\n\n<li>Sitzungsberichte: werden mit Ihrer Zustimmung gel\u00f6scht, andernfalls werden sie nach der Sitzung gel\u00f6scht.<\/li>\n<\/ul>\n\n\n\n<h3 class=\"wp-block-heading\" id=\"uw-rechten\">Ihre Rechte<\/h3>\n\n\n\n<p id=\"reacties\">Sie haben Anspruch auf:<br>\u2713 Zugriff auf Ihre Daten<br>\u2713 Korrektur fehlerhafter Daten<br>\u2713 L\u00f6schung von Daten (im Rahmen der gesetzlichen Bestimmungen)<br>\u2713 Widerspruch gegen die Verarbeitung<br>\u2713 Datenportabilit\u00e4t<\/p>\n\n\n\n<h2 class=\"wp-block-heading\" id=\"aansprakelijkheid\">Haftung<\/h2>\n\n\n\n<p>Bevor Sie einen unserer Dienste in Anspruch nehmen, m\u00fcssen Sie alle Informationen zu diesem Dienst auf der Website sorgf\u00e4ltig lesen. Sie tragen die alleinige Verantwortung f\u00fcr die Ergebnisse unserer Dienstleistungen. <\/p>\n\n\n\n<p>Unsere Hinweise stellen keine medizinische Beratung dar und ersetzen keine professionelle medizinische oder psychologische Betreuung. Konsultieren Sie vor der Teilnahme an einer psychedelischen Sitzung immer Ihren Arzt oder Therapeuten, insbesondere wenn: <\/p>\n\n\n\n<ul class=\"wp-block-list\">\n<li>Medikamenteneinnahme<\/li>\n\n\n\n<li>Psychische St\u00f6rungen<\/li>\n\n\n\n<li>Herz-Kreislauf-Probleme<\/li>\n\n\n\n<li>Andere Erkrankungen\u201d<\/li>\n<\/ul>\n\n\n\n<p>Sollte unsere Empfehlung im Widerspruch zu der Ihres Facharztes stehen, m\u00fcssen Sie diesen konsultieren und ihn \u00fcber unsere Empfehlung informieren. Stimmt Ihr Facharzt zu, k\u00f6nnen wir die Behandlung unter den vereinbarten Bedingungen fortsetzen. Sie sind f\u00fcr die Richtigkeit Ihrer Angaben verantwortlich. Jegliche verborgene k\u00f6rperliche und\/oder psychische Auff\u00e4lligkeiten, die w\u00e4hrend oder nach unserer Behandlung auftreten, sowie jede Verschlechterung bekannter Symptome\/Beschwerden\/Erkrankungen erfolgen auf Ihr eigenes Risiko.<\/p>\n\n\n\n<h2 class=\"wp-block-heading\" id=\"geinformeerde-toestemming\">Einverst\u00e4ndniserkl\u00e4rung<\/h2>\n\n\n\n<p>Mit der Buchung einer Sitzung erkl\u00e4ren Sie*:<br>\u2713 Die Risiken des Konsums von Psychedelika verstehen<br>\u2713 Keine Kontraindikationen aufweisen<br>\u2713 Medizinische Informationen vollst\u00e4ndig und wahrheitsgem\u00e4\u00df bereitzustellen<br>\u2713 Bitte beachten Sie, dass psychedelische Beratung keine medizinische Behandlung darstellt.<br>\u2713 Pers\u00f6nliche Verantwortung f\u00fcr die Erfahrung \u00fcbernehmen<\/p>\n\n\n\n<p>*Am Tag der Sitzung wird hierzu eine zus\u00e4tzliche Erkl\u00e4rung anhand dieser Punkte unterzeichnet.<\/p>\n\n\n\n<h2 class=\"wp-block-heading\" id=\"psychedelica\">Psychedelika<\/h2>\n\n\n\n<h3 class=\"wp-block-heading\" id=\"legaliteit\">Rechtm\u00e4\u00dfigkeit<\/h3>\n\n\n\n<p>Alle von uns verwendeten Substanzen sind legale Varianten und fallen nicht unter die<br>das Opiumgesetz oder das Arzneimittelgesetz.<\/p>\n\n\n\n<h3 class=\"wp-block-heading\" id=\"gebruikte-stoffen\">Verwendete Stoffe<\/h3>\n\n\n\n<ul class=\"wp-block-list\">\n<li><strong>Psilocybin<\/strong>Zaubertr\u00fcffel (Tryptamine)<\/li>\n\n\n\n<li><strong>LSD-Analogon<\/strong>Mutterkornalkaloide (legale Variante)<\/li>\n\n\n\n<li><strong>MDMA-Analogon<\/strong>Entaktogene (legale Variante)<\/li>\n\n\n\n<li><strong>Ketamin-Analogon<\/strong>: Dissoziativ (legale Variante)<\/li>\n\n\n\n<li><strong>Psiloflora<\/strong>Kombination aus Tr\u00fcffeln und mildem MAO-Hemmer<\/li>\n<\/ul>\n\n\n\n<h3 class=\"wp-block-heading\" id=\"risicos\">Risiken<\/h3>\n\n\n\n<p>Obwohl psychedelische Begleitung viele positive Auswirkungen haben kann,<br>Mit seiner Verwendung sind auch Risiken verbunden. Dazu geh\u00f6ren:<\/p>\n\n\n\n<ul class=\"wp-block-list\">\n<li>Psychologische Herausforderungen w\u00e4hrend der Erfahrung<\/li>\n\n\n\n<li>Vor\u00fcbergehende Verst\u00e4rkung der Gef\u00fchle<\/li>\n\n\n\n<li>M\u00f6gliche Ausl\u00f6sung latenter psychischer Probleme<\/li>\n<\/ul>\n\n\n\n<p><\/p>\n\n\n\n<h3 class=\"wp-block-heading\" id=\"verantwoordelijkheid\">Verantwortung<\/h3>\n\n\n\n<p>Der Teilnehmer ist verantwortlich f\u00fcr:<\/p>\n\n\n\n<ul class=\"wp-block-list\">\n<li>Gr\u00fcndliche Forschung zu Auswirkungen und Risiken<\/li>\n\n\n\n<li>Vollst\u00e4ndig \u00fcber die Krankengeschichte informiert<\/li>\n\n\n\n<li>Einhaltung der Vorbereitungsrichtlinien<\/li>\n<\/ul>\n\n\n\n<p><\/p>\n\n\n\n<h2 class=\"wp-block-heading\" id=\"reservering-en-annuleringsbeleid\">Reservierungs- und Stornierungsbedingungen<\/h2>\n\n\n\n<p><strong>\u00dcbersicht als Tabelle:<\/strong><\/p>\n\n\n\n<figure class=\"wp-block-table\"><table class=\"has-fixed-layout\"><thead><tr><th><strong>Stornierung durch<\/strong><\/th><th><strong>Wann<\/strong><\/th><th><strong>Kosten<\/strong><\/th><\/tr><\/thead><tbody><tr><td>Kunde<\/td><td>&gt;2 Wochen vor der Sitzung<\/td><td>200 \u20ac Kaution verf\u00e4llt<\/td><\/tr><tr><td>Kunde<\/td><td>2 Wochen \u2013 24 Stunden vor der Sitzung<\/td><td>200 \u20ac + 175 \u20ac Aufpreis<\/td><\/tr><tr><td>Kunde<\/td><td>&lt;24 Stunden vor der Sitzung<\/td><td>75% des Gesamtbetrags<\/td><\/tr><tr><td>Triptherapie<\/td><td>Aus welchem Grund auch immer<\/td><td>R\u00fcckerstattung abz\u00fcglich 200 \u20ac Anzahlung<\/td><\/tr><\/tbody><\/table><\/figure>\n\n\n\n<p><strong>Neu terminieren statt absagen:<\/strong><br><br>Terminverschiebung:<\/p>\n\n\n\n<ul class=\"wp-block-list\">\n<li>Innerhalb von 2 Wochen: 175 \u20ac \u00c4nderungsgeb\u00fchr<\/li>\n\n\n\n<li>Kostenlos bis zu 2 Wochen vor der Sitzung<\/li>\n\n\n\n<li>Die Einzahlung bleibt g\u00fcltig<\/li>\n<\/ul>\n\n\n\n<p><\/p>\n\n\n\n<h3 class=\"wp-block-heading\" id=\"volledig-annuleringsbeleid\">Vollst\u00e4ndige Stornierungsbedingungen:<\/h3>\n\n\n\n<p><strong>Stornierungen von Reisetherapie<\/strong><\/p>\n\n\n\n<p>Wenn innerhalb von 24 Stunden nach der Buchung keine Anzahlung eingeht, stornieren wir die Buchung.<\/p>\n\n\n\n<p>Dringende Gr\u00fcnde wie Krankheit oder unvorhergesehene Ausf\u00e4lle unserer Mitarbeiter k\u00f6nnen zur Absage oder Verschiebung des Termins f\u00fchren. Sollten wir den Verdacht haben, dass unsere Leistungen f\u00fcr Ihre (psychische) Gesundheit nicht geeignet sind, betrachten wir dies ebenfalls als dringenden Absagegrund. Bei einer Stornierung \u00fcber Triptherapie erhalten Sie selbstverst\u00e4ndlich alle bereits gezahlten Betr\u00e4ge abz\u00fcglich der Anzahlung von 200 \u20ac zur\u00fcck.<\/p>\n\n\n\n<p><strong>Stornierungen seitens des Leistungsempf\u00e4ngers<\/strong><\/p>\n\n\n\n<p>Bei der Buchung eines Termins ist eine Anzahlung von 200 \u20ac erforderlich. Nach Eingang der Anzahlung wird der Termin best\u00e4tigt. Bitte beachten Sie: Die Anzahlung ist nicht erstattungsf\u00e4hig, wenn der Dienstleister absagt.<\/p>\n\n\n\n<p>Termine k\u00f6nnen bis zu zwei Wochen vor dem geplanten Termin kostenfrei storniert oder verschoben werden. Bei einer Terminverschiebung muss die Anzahlung nicht erneut gezahlt werden. <\/p>\n\n\n\n<p>Bei Stornierungen oder \u00c4nderungen innerhalb von zwei Wochen vor dem Termin wird eine zus\u00e4tzliche Geb\u00fchr von 175 \u20ac erhoben (zus\u00e4tzlich zur Anzahlung).<\/p>\n\n\n\n<p>Termine, die auf Wunsch des Dienstleisters innerhalb von 24 Stunden vor dem Termin abgesagt oder verschoben werden, werden mit 75% berechnet. In Ausnahmef\u00e4llen oder wenn am Tag der Absage ein Ersatztermin gefunden werden kann, behalten wir uns das Recht vor, eine geringere Geb\u00fchr zu erheben oder den Termin ganz zu erlassen.<\/p>\n\n\n\n<h2 class=\"wp-block-heading\" id=\"kosten-overzicht\">Kosten\u00fcbersicht<\/h2>\n\n\n\n<h3 class=\"wp-block-heading\" id=\"basisprijs-sessie\">Grundlegende Preissitzung<\/h3>\n\n\n\n<p class=\"has-link-color wp-elements-b77d10d4662fffa09ac2af92947b3a50\"><a href=\"https:\/\/triptherapie.nl\/de\/preise\/\">Triptherapie-Raten<\/a><\/p>\n\n\n\n<h3 class=\"wp-block-heading\" id=\"reiskosten-bij-begeleiding-aan-huis\">Reisekosten (f\u00fcr h\u00e4usliche Pflege)<\/h3>\n\n\n\n<ul class=\"wp-block-list\">\n<li>0,50 \u20ac pro Kilometer<\/li>\n\n\n\n<li>Reisezeit &gt;90 Minuten Hin- und R\u00fcckfahrt: 1,00 \u20ac pro Minute<\/li>\n\n\n\n<li>Parkkosten: tats\u00e4chliche Kosten<\/li>\n\n\n\n<li>Berechnung basierend auf der durchschnittlichen Reisezeit laut Google Maps<\/li>\n\n\n\n<li class=\"has-link-color wp-elements-ce1f091231cdd59f5a495816319d0ed8\">Berechnen Sie hier die <a href=\"https:\/\/triptherapie.nl\/de\/preise\/#prijsberekening-sessie-op-locatie\">Genauer Preis inklusive Reisekosten<\/a><\/li>\n<\/ul>\n\n\n\n<h3 class=\"wp-block-heading\" id=\"extra-tijdsinvestering\">Zus\u00e4tzlicher Zeitaufwand<\/h3>\n\n\n\n<ul class=\"wp-block-list\">\n<li>Ab 30 Minuten Aufpreis: 75 \u20ac\/Stunde<\/li>\n\n\n\n<li>Nur nach R\u00fccksprache und falls erforderlich<\/li>\n<\/ul>\n\n\n\n<h2 class=\"wp-block-heading\" id=\"privacy-trippy\">Abgefahrener Chat<\/h2>\n\n\n\n<p class=\"has-link-color wp-elements-8c84c737cfdd290abbf0ee7bdd499e9b\">Wenn Sie unseren Chatbot nutzen <a href=\"https:\/\/trippy.chat\/\" target=\"_blank\" rel=\"noopener\">Abgefahren<\/a> Sie k\u00f6nnen Informationen wie pers\u00f6nliche Daten, einschlie\u00dflich Namen, E-Mail-Adressen und Telefonnummern, im Chat oder \u00fcber verbundene E-Mails \u00fcbermitteln und speichern.<\/p>\n\n\n\n<h3 class=\"wp-block-heading\" id=\"technologie\">Technologie<\/h3>\n\n\n\n<p>Trippy nutzt ChatGPT (OpenAI), um Fragen zu beantworten<br>\u00fcber psychedelische Beratung.<\/p>\n\n\n\n<h3 class=\"wp-block-heading\" id=\"privacy-waarborg\">Datenschutzgarantie<\/h3>\n\n\n\n<ul class=\"wp-block-list\">\n<li>Die Konversationen werden \u00fcber die API von OpenAI verarbeitet.<\/li>\n\n\n\n<li>Die Mitarbeiter von Triptherapie k\u00f6nnen die Konversationen zur Qualit\u00e4tssicherung einsehen.<\/li>\n\n\n\n<li>Keine Weitergabe an Dritte au\u00dferhalb der Datenverarbeitungsvereinbarung von OpenAI.<\/li>\n\n\n\n<li>Konversationen werden auf Anfrage gel\u00f6scht<\/li>\n\n\n\n<li class=\"has-link-color wp-elements-548b63559df51f8e1187a1f2b65413db\">Datenschutzrichtlinie von OpenAI: <a href=\"https:\/\/openai.com\/privacy\" target=\"_blank\" rel=\"noreferrer noopener nofollow\">https:\/\/openai.com\/privacy<\/a><\/li>\n<\/ul>\n\n\n\n<h3 class=\"wp-block-heading\" id=\"disclaimer-ai-advies\">Haftungsausschluss KI-Beratung<\/h3>\n\n\n\n<p>Trippy ist ein informativer Chatbot, der auf k\u00fcnstlicher Intelligenz basiert.<br>Die Antworten:<br>\u2717 Keine medizinische Beratung<br>\u2717 Ersetzt keine professionelle Beratung<br>\u2717 Kann Ungenauigkeiten enthalten (KI-Halluzinationen)<br>\u2717 Nicht als Ersatz f\u00fcr ein pers\u00f6nliches Erstgespr\u00e4ch gedacht.<br>\u2713 Dienen ausschlie\u00dflich allgemeinen Informationszwecken.<br>\u2713 Kann bei der ersten Orientierung behilflich sein<\/p>\n\n\n\n<h3 class=\"wp-block-heading\" id=\"gegevensbescherming\">Datenschutz<\/h3>\n\n\n\n<p>Vermeiden Sie es, Ihren richtigen Namen preiszugeben an:<\/p>\n\n\n\n<ul class=\"wp-block-list\">\n<li>Medizinische Diagnosen<\/li>\n\n\n\n<li>Pers\u00f6nliche Gesundheitsdaten<\/li>\n\n\n\n<li>Medikamenteneinnahme<\/li>\n<\/ul>\n\n\n\n<p><\/p>\n\n\n\n<h2 class=\"wp-block-heading\" id=\"contact-vragen\">Kontakt &amp; Fragen<\/h2>\n\n\n\n<p>Bei Fragen oder f\u00fcr weitere Informationen zu diesen Gesch\u00e4ftsbedingungen:<\/p>\n\n\n\n<p class=\"has-link-color wp-elements-ee4afa742356880e9f009629360aa1da\">Kontakt: <a href=\"https:\/\/triptherapie.nl\/de\/kontakt\/\" data-type=\"page\" data-id=\"38849\">Kontaktseite<\/a><br>Telefon: +31640898455<br>Korrespondenzadresse: Coremolen 1M26, 2211BM Noordwijkerhout<\/p>\n\n\n\n<p><strong>Ansprechzeit<\/strong>Wir bem\u00fchen uns, Anfragen innerhalb von 48 Stunden zu beantworten.<\/p>\n\n\n\n<p class=\"has-link-color wp-elements-2856675053eb6d3c9bf0945156c6f248\"><strong>Beschwerdeverfahren<\/strong>:<br>Sollten Sie Beschwerden haben, wenden Sie sich bitte an unseren vertraulichen Berater:<br><a href=\"https:\/\/triptherapie.nl\/de\/personal\/janneke\/#contact-opnemen\" target=\"_blank\" rel=\"noreferrer noopener\">Janneke von Geijn<\/a> oder bei der Interessengruppe des betreffenden Therapeuten. Siehe hierzu die Registrierungsnummern. <a href=\"https:\/\/triptherapie.nl\/de\/uber-uns\/#overzicht-beschikbare-sessiebegeleiders\" target=\"_blank\" rel=\"noreferrer noopener\">Personal\u00fcbersicht<\/a>.<\/p>\n\n\n\n<p><\/p>\n\n\n\n<p><\/p>","protected":false},"excerpt":{"rendered":"<p>Wie we zijn Ons website-adres is: https:\/\/triptherapie.nlOnze diensten worden aangeboden door het in het KVK-register ingeschreven bedrijf Triptherapie onder KVK-nummer 87991616, kantoorhoudend te Noordwijkerhout. Ons correspondentieadres is: TriptherapieCoremolen 1M262211BM Noordwijkerhoutinfo@triptherapie.nl Bankgegevens Bankoverschrijving:Naam: TriptherapieIBAN: NL07REVO6254213494BIC: REVONL22Kenmerk: Vul bij het kenmerk het ID-nummer van de afspraak is of de datum van de afspraak. Uw data Kort samengevat [&hellip;]<\/p>\n","protected":false},"author":2195,"featured_media":0,"parent":0,"menu_order":0,"comment_status":"closed","ping_status":"closed","template":"","meta":{"footnotes":""},"class_list":["post-678","page","type-page","status-publish","hentry"],"_links":{"self":[{"href":"https:\/\/triptherapie.nl\/de\/wp-json\/wp\/v2\/pages\/678","targetHints":{"allow":["GET"]}}],"collection":[{"href":"https:\/\/triptherapie.nl\/de\/wp-json\/wp\/v2\/pages"}],"about":[{"href":"https:\/\/triptherapie.nl\/de\/wp-json\/wp\/v2\/types\/page"}],"author":[{"embeddable":true,"href":"https:\/\/triptherapie.nl\/de\/wp-json\/wp\/v2\/users\/2195"}],"replies":[{"embeddable":true,"href":"https:\/\/triptherapie.nl\/de\/wp-json\/wp\/v2\/comments?post=678"}],"version-history":[{"count":0,"href":"https:\/\/triptherapie.nl\/de\/wp-json\/wp\/v2\/pages\/678\/revisions"}],"wp:attachment":[{"href":"https:\/\/triptherapie.nl\/de\/wp-json\/wp\/v2\/media?parent=678"}],"curies":[{"name":"wp","href":"https:\/\/api.w.org\/{rel}","templated":true}]}}